{"id":13041,"date":"2022-07-25T11:43:45","date_gmt":"2022-07-25T09:43:45","guid":{"rendered":"https:\/\/www.esii.com\/een-project-met-esii-uitvoeren\/"},"modified":"2023-01-24T10:54:17","modified_gmt":"2023-01-24T09:54:17","slug":"een-project-met-esii-uitvoeren","status":"publish","type":"page","link":"https:\/\/www.esii.com\/nl\/een-project-met-esii-uitvoeren\/","title":{"rendered":"Een project met ESII uitvoeren"},"content":{"rendered":"<section class=\"ps-block ps-block--intro\">\n  <div class=\"ps-block__container\">\n    <div class=\"ps-block__grid\">\n      <div class=\"ps-block__content\">\n        <p>Projectmanagement is een sleutelelement in het succes van de projecten van onze klanten! We stellen alles in het werk met de juiste middelen:<\/p>\n      <\/div>\n    <\/div>\n  <\/div>\n<\/section>\n\n\n<section class=\"ps-block ps-block--list\">\n  <div class=\"ps-block__container\">\n    <div class=\"ps-block__grid\">\n      <div class=\"ps-block__content\">\n        <div class=\"ps-block__body\">\n          <div class=\"ps-block__item\"><ul>\n                                <li>\n<li><strong>Speciale ingenieurs<\/strong>&nbsp;voor keyaccounts<\/li>\n<\/li>\n                                <li>\n<li>Een&nbsp;<strong>aanpak die past bij de omvang<\/strong>&nbsp;van het project<\/li>\n<\/li>\n                                <li>\n<li>Een&nbsp;<strong>vaste aanspreekpartner<\/strong>&nbsp;gedurende de hele duur van het project, van&nbsp;<strong>voor de verkoop<\/strong>, en in&nbsp;<strong>nauwe samenwwerking met de klant<\/strong><\/li>\n<\/li>\n                                <li>\n<li><strong>Projectbeheer<\/strong>&nbsp;(pilootcomit\u00e9s, opvolgingscomit\u00e9s, projectcomit\u00e9s)<\/li>\n<\/li>\n                                <li>\n<li>Opstellen en delen van documenten&nbsp;<strong>voor het project<\/strong><\/li>\n<\/li>\n                                <li>\n<li>Management van &nbsp;<strong>pilootsites<\/strong><\/li>\n<\/li>\n                                <li>\n<li>Industrialisatie van massa-implementaties<\/li>\n<\/li>\n                                <li>\n<li>Een dienst&nbsp;<strong>in onze organisatie<\/strong><\/li>\n<\/li>\n                        <\/ul><\/div>\n        <\/div>\n      <\/div>\n    <\/div>\n  <\/div>\n<\/section>\n\n\n<section class=\"ps-block ps-block--heading\">\n  <div class=\"ps-block__container\">\n    <div class=\"ps-block__grid\">\n      <div class=\"ps-block__content\">\n        <div class=\"ps-block__body\">\n          <div class=\"ps-block__item\">\n            \n<h2 id=\"les-etapes-clefs-de-la-gestion-de-votre-projet\">De belangrijkste fases van het beheer van uw project<\/h2>\n\n          <\/div>\n        <\/div>\n      <\/div>\n    <\/div>\n  <\/div>\n<\/section>\n\n\n    \n  <section class=\"ps-block ps-block--image image-free\">\n    <div class=\"ps-block__container\">\n      <div class=\"ps-block__content\">\n        <figure class=\"lazy-image\">\n          <img loading=\"lazy\" decoding=\"async\"\n            src=\"data:image\/png;base64,iVBORw0KGgoAAAANSUhEUgAAAAEAAAABCAQAAAC1HAwCAAAAC0lEQVR42mNkYAAAAAYAAjCB0C8AAAAASUVORK5CYII=\"\n            data-src=\"https:\/\/www.esii.com\/app\/uploads\/2022\/05\/Projet-ESII.webp\"\n            data-srcset=\"https:\/\/www.esii.com\/app\/uploads\/2022\/05\/Projet-ESII-568x495.webp 568w, https:\/\/www.esii.com\/app\/uploads\/2022\/05\/Projet-ESII.webp 1536w\"\n            sizes=\"auto, (max-width: 639px) 568px, 1536px\"\n            width=\"1536\"\n            height=\"0\"\n            alt=\"\"\n            class=\"ps-block__img\"\n          >\n        <\/figure>\n\n              <\/div>\n    <\/div>\n  <\/section>\n\n\n<section class=\"ps-block ps-block--heading\">\n  <div class=\"ps-block__container\">\n    <div class=\"ps-block__grid\">\n      <div class=\"ps-block__content\">\n        <div class=\"ps-block__body\">\n          <div class=\"ps-block__item\">\n            \n<h2 id=\"pages-liees\">Gekoppelde pagina\u2019s<\/h2>\n\n          <\/div>\n        <\/div>\n      <\/div>\n    <\/div>\n  <\/div>\n<\/section>\n\n\n<section class=\"ps-block ps-block--internal-links\">\n  <div class=\"ps-block__container\">\n    <div class=\"ps-block__grid\">\n      <svg class=\"ps-block__blob\" xmlns=\"http:\/\/www.w3.org\/2000\/svg\" width=\"641.356\" height=\"596.235\" viewBox=\"0 0 641.356 596.235\">\n        <path d=\"M544.187,105.65c61.378,63.04,107.514,153.039,95.156,238.475-12.77,85.436-83.21,166.311-173.423,211.932-89.8,45.207-198.963,55.161-287.116,14.931S23.506,440.345,5.381,343.3C-13.156,245.832,17.327,142.147,79.528,79.521c62.2-63.04,155.71-85.022,240.98-78.386S482.809,43.024,544.187,105.65Z\" fill=\"#f2f4f8\"\/>\n      <\/svg>\n      <ul class=\"ps-block__list\">\n                  <li class=\"posts__item\">\n  <article class=\"card\">\n          <div class=\"card__thumb\">\n          <figure class=\" lazy-image\">\n  <img loading=\"lazy\" decoding=\"async\" src=\"data:image\/svg+xml,%3Csvg xmlns='http:\/\/www.w3.org\/2000\/svg' viewBox='0 0 568 358'%3E%3C\/svg%3E\"\n       data-src=\"https:\/\/www.esii.com\/app\/uploads\/2024\/10\/support-technique-esii-568x358.webp\"\n       data-srcset=\"https:\/\/www.esii.com\/app\/uploads\/2024\/10\/support-technique-esii-568x358.webp 568w\"\n       sizes=\"auto, 568px\"\n       width=\"568\"\n       height=\"358\"\n       alt=\"\"\n  >\n<\/figure>\n      <\/div>\n            <div class=\"card__content\">\n      <ul class=\"card__labels labels\">\n              <\/ul>\n      <h3 class=\"card__title\">\n        <a href=\"https:\/\/www.esii.com\/nl\/technische-ondersteuning\/\">Technische Ondersteuning<\/a>\n      <\/h3>\n    <\/div>\n              <p class=\"card__excerpt card__excerptfix\">Open van 8.00 tot 18.30 u. van maandag tot vrijdag.Alle nuttige informatie over de technische ondersteuning bij ESII.<\/p>\n          <footer class=\"card__footer\">\n            <button class=\"card__link\" aria-label=\"Lire l'article\">\n        <svg class=\"icon icon-chevron-right\">\n          <use xlink:href=\"https:\/\/www.esii.com\/app\/themes\/choosit\/dist\/img\/spritemap.svg#sprite-chevron-right\"><\/use>\n        <\/svg>\n      <\/button>\n    <\/footer>\n  <\/article>\n<\/li>\n                  <li class=\"posts__item\">\n  <article class=\"card\">\n          <div class=\"card__thumb\">\n          <figure class=\" lazy-image\">\n  <img loading=\"lazy\" decoding=\"async\" src=\"data:image\/svg+xml,%3Csvg xmlns='http:\/\/www.w3.org\/2000\/svg' viewBox='0 0 568 358'%3E%3C\/svg%3E\"\n       data-src=\"https:\/\/www.esii.com\/app\/uploads\/2022\/07\/esii-corporate-568x358.webp\"\n       data-srcset=\"https:\/\/www.esii.com\/app\/uploads\/2022\/07\/esii-corporate-568x358.webp 568w\"\n       sizes=\"auto, 568px\"\n       width=\"568\"\n       height=\"358\"\n       alt=\"esii solution\"\n  >\n<\/figure>\n      <\/div>\n            <div class=\"card__content\">\n      <ul class=\"card__labels labels\">\n              <\/ul>\n      <h3 class=\"card__title\">\n        <a href=\"https:\/\/www.esii.com\/nl\/wie-zijn-we\/\">Wie zijn we?<\/a>\n      <\/h3>\n    <\/div>\n              <p class=\"card__excerpt card__excerptfix\">ESII is een onderneming met 130 medewerkers verdeeld over 3 geografische vestigingen in Frankrijk (34- Lav\u00e9rune, hoofdkantoor, 94- Cr\u00e9teil, agentschap,&hellip;<\/p>\n          <footer class=\"card__footer\">\n            <button class=\"card__link\" aria-label=\"Lire l'article\">\n        <svg class=\"icon icon-chevron-right\">\n          <use xlink:href=\"https:\/\/www.esii.com\/app\/themes\/choosit\/dist\/img\/spritemap.svg#sprite-chevron-right\"><\/use>\n        <\/svg>\n      <\/button>\n    <\/footer>\n  <\/article>\n<\/li>\n                  <li class=\"posts__item\">\n  <article class=\"card\">\n          <div class=\"card__thumb\">\n          <figure class=\" lazy-image\">\n  <img loading=\"lazy\" decoding=\"async\" src=\"data:image\/svg+xml,%3Csvg xmlns='http:\/\/www.w3.org\/2000\/svg' viewBox='0 0 568 358'%3E%3C\/svg%3E\"\n       data-src=\"https:\/\/www.esii.com\/app\/uploads\/2022\/04\/securite-568x358.webp\"\n       data-srcset=\"https:\/\/www.esii.com\/app\/uploads\/2022\/04\/securite-568x358.webp 568w\"\n       sizes=\"auto, 568px\"\n       width=\"568\"\n       height=\"358\"\n       alt=\"beveiliging ESII\"\n  >\n<\/figure>\n      <\/div>\n            <div class=\"card__content\">\n      <ul class=\"card__labels labels\">\n              <\/ul>\n      <h3 class=\"card__title\">\n        <a href=\"https:\/\/www.esii.com\/nl\/beveiliging\/\">Beveiliging<\/a>\n      <\/h3>\n    <\/div>\n              <p class=\"card__excerpt card__excerptfix\">Onze Orion-oplossing is volledig beveiligd. We implementeren de juiste beveiligingsprocessen en -plannen om inbraken op uw netwerk te voorkomen.<\/p>\n          <footer class=\"card__footer\">\n            <button class=\"card__link\" aria-label=\"Lire l'article\">\n        <svg class=\"icon icon-chevron-right\">\n          <use xlink:href=\"https:\/\/www.esii.com\/app\/themes\/choosit\/dist\/img\/spritemap.svg#sprite-chevron-right\"><\/use>\n        <\/svg>\n      <\/button>\n    <\/footer>\n  <\/article>\n<\/li>\n              <\/ul>\n    <\/div>\n  <\/div>\n<\/section>\n\n\n","protected":false},"excerpt":{"rendered":"<p>ESII maakt er een erezaak van haar klanten te begeleiden. <\/p>\n","protected":false},"author":1,"featured_media":12518,"parent":0,"menu_order":24,"comment_status":"closed","ping_status":"closed","template":"","meta":{"inline_featured_image":false,"footnotes":""},"activity":[],"class_list":["post-13041","page","type-page","status-publish","has-post-thumbnail","hentry"],"acf":[],"_links":{"self":[{"href":"https:\/\/www.esii.com\/nl\/wp-json\/wp\/v2\/pages\/13041","targetHints":{"allow":["GET"]}}],"collection":[{"href":"https:\/\/www.esii.com\/nl\/wp-json\/wp\/v2\/pages"}],"about":[{"href":"https:\/\/www.esii.com\/nl\/wp-json\/wp\/v2\/types\/page"}],"author":[{"embeddable":true,"href":"https:\/\/www.esii.com\/nl\/wp-json\/wp\/v2\/users\/1"}],"replies":[{"embeddable":true,"href":"https:\/\/www.esii.com\/nl\/wp-json\/wp\/v2\/comments?post=13041"}],"version-history":[{"count":0,"href":"https:\/\/www.esii.com\/nl\/wp-json\/wp\/v2\/pages\/13041\/revisions"}],"wp:featuredmedia":[{"embeddable":true,"href":"https:\/\/www.esii.com\/nl\/wp-json\/wp\/v2\/media\/12518"}],"wp:attachment":[{"href":"https:\/\/www.esii.com\/nl\/wp-json\/wp\/v2\/media?parent=13041"}],"wp:term":[{"taxonomy":"activity","embeddable":true,"href":"https:\/\/www.esii.com\/nl\/wp-json\/wp\/v2\/activity?post=13041"}],"curies":[{"name":"wp","href":"https:\/\/api.w.org\/{rel}","templated":true}]}}