{"id":13027,"date":"2022-07-25T11:41:58","date_gmt":"2022-07-25T09:41:58","guid":{"rendered":"https:\/\/www.esii.com\/onthaal-van-publiek-in-de-covid-19-periode\/"},"modified":"2023-03-14T10:55:02","modified_gmt":"2023-03-14T09:55:02","slug":"onthaal-van-publiek-in-de-covid-19-periode","status":"publish","type":"page","link":"https:\/\/www.esii.com\/nl\/onthaal-van-publiek-in-de-covid-19-periode\/","title":{"rendered":"Onthaal van publiek in de COVID-19-periode"},"content":{"rendered":"<section class=\"ps-block ps-block--textimage image-left\">\n  <div class=\"ps-block__container\">\n    <div class=\"ps-block__grid\">\n\n      <div class=\"ps-block__img\">\n        <figure class=\"lazy-image\">\n          <img loading=\"lazy\" decoding=\"async\" src=\"data:image\/svg+xml,%3Csvg xmlns='http:\/\/www.w3.org\/2000\/svg' viewBox='0 0 600 600'%3E%3C\/svg%3E\"\n               data-src=\"https:\/\/www.esii.com\/app\/uploads\/2022\/01\/SolutionComptageCovid-750-x750-600x600.png\"\n               data-srcset=\"https:\/\/www.esii.com\/app\/uploads\/2022\/01\/SolutionComptageCovid-750-x750-600x600.png 600w\"\n               sizes=\"auto, 600px\"\n               alt=\"OplossingTellingCovid 750 x750\"\n               width=\"600\"\n               height=\"600\"\n          >\n        <\/figure>\n      <\/div>\n\n      <div class=\"ps-block__body\">\n                  <h3 class=\"ps-block__suptitle suptitle\">Klantentelling in de winkel<\/h3>\n                          <h4 class=\"ps-block__title\">Oplossing voor klantentelling<\/h4>\n                          <div class=\"ps-block__text\">\n            <p><b>De klantentelling kan\u00a0<\/b>manueel gebeuren door een persoon aan de ingang van de winkel of kan in realtime gebeuren aan de hand van de informatie van \u00a0<b>telmatten<\/b>.<br \/>\nMet een \u00a0<b>webapp op een smartphone<\/b>\u00a0past de toegangscontrole het aantal bezoekers aan en visualiseert in realtime het aantal reeds aanwezige personen in de winkel.<br \/>\nAls er evenementen\/afspraken zijn voorzien, toont de app ook het voorziene aantal in de volgende x minuten en zo kunnen spontane bezoekers binnenkomen wanneer er weinig geplande afspraken zijn.<\/p>\n\n          <\/div>\n                        <div class=\"button-group\">\n                                    <a href=\"\/nl\/solutions\/oplossing-voor-klantentelling\/\" class=\"link\" target=\"\">\n                <span class=\"link__txt\">Oplossing bekijken<\/span>\n                <span class=\"link__icon\">\n                  <svg class=\"icon icon-chevron-right\">\n                    <use xlink:href=\"https:\/\/www.esii.com\/app\/themes\/choosit\/dist\/img\/spritemap.svg#sprite-chevron-right\"><\/use>\n                  <\/svg>\n                <\/span>\n              <\/a>\n                              <\/div>\n              <\/div>\n    <\/div>\n  <\/div>\n<\/section>\n\n\n\n<section class=\"ps-block ps-block--textimage image-right\">\n  <div class=\"ps-block__container\">\n    <div class=\"ps-block__grid\">\n\n      <div class=\"ps-block__img\">\n        <figure class=\"lazy-image\">\n          <img loading=\"lazy\" decoding=\"async\" src=\"data:image\/svg+xml,%3Csvg xmlns='http:\/\/www.w3.org\/2000\/svg' viewBox='0 0 600 600'%3E%3C\/svg%3E\"\n               data-src=\"https:\/\/www.esii.com\/app\/uploads\/2022\/08\/Virtueel-ticket-orion-600x600.webp\"\n               data-srcset=\"https:\/\/www.esii.com\/app\/uploads\/2022\/08\/Virtueel-ticket-orion-600x600.webp 600w\"\n               sizes=\"auto, 600px\"\n               alt=\"Virtueel ticket orion\"\n               width=\"600\"\n               height=\"600\"\n          >\n        <\/figure>\n      <\/div>\n\n      <div class=\"ps-block__body\">\n                  <h3 class=\"ps-block__suptitle suptitle\">Zorg ervoor dat uw bezoekers niet meer hoeven te wachten<\/h3>\n                          <h4 class=\"ps-block__title\">Virtueel ticket op smartphone<\/h4>\n                          <div class=\"ps-block__text\">\n            <p>ESII helpt u de juiste oplossing voor uw zaak te vinden om uw bezoekers sereen te kunnen verwelkomen. Met de oplossing van het virtueel ticket kunt u<strong>de wachtrij dematerialiseren<\/strong>\u00a0en uw bezoekers pas verwelkomen als ze aan de beurt zijn.<\/p>\n<ul>\n<li>Blijf de fysieke afstand behouden<\/li>\n<li>Zorg dat er geen wachtrijen meer voor uw zaak staan<\/li>\n<li>Organiseer uw onthaal met het online maken van afspraken<\/li>\n<\/ul>\n\n          <\/div>\n                        <div class=\"button-group\">\n                                    <a href=\"\/nl\/solutions\/software-voor-onlineafspraken\/\" class=\"link\" target=\"\">\n                <span class=\"link__txt\">Oplossing bekijken<\/span>\n                <span class=\"link__icon\">\n                  <svg class=\"icon icon-chevron-right\">\n                    <use xlink:href=\"https:\/\/www.esii.com\/app\/themes\/choosit\/dist\/img\/spritemap.svg#sprite-chevron-right\"><\/use>\n                  <\/svg>\n                <\/span>\n              <\/a>\n                              <\/div>\n              <\/div>\n    <\/div>\n  <\/div>\n<\/section>\n\n\n\n<section class=\"ps-block ps-block--textimage image-left\">\n  <div class=\"ps-block__container\">\n    <div class=\"ps-block__grid\">\n\n      <div class=\"ps-block__img\">\n        <figure class=\"lazy-image\">\n          <img loading=\"lazy\" decoding=\"async\" src=\"data:image\/svg+xml,%3Csvg xmlns='http:\/\/www.w3.org\/2000\/svg' viewBox='0 0 600 600'%3E%3C\/svg%3E\"\n               data-src=\"https:\/\/www.esii.com\/app\/uploads\/2022\/08\/afspraak-online-600x600.webp\"\n               data-srcset=\"https:\/\/www.esii.com\/app\/uploads\/2022\/08\/afspraak-online-600x600.webp 600w\"\n               sizes=\"auto, 600px\"\n               alt=\"afspraak online\"\n               width=\"600\"\n               height=\"600\"\n          >\n        <\/figure>\n      <\/div>\n\n      <div class=\"ps-block__body\">\n                  <h3 class=\"ps-block__suptitle suptitle\">Stel online afspraken voor<\/h3>\n                          <h4 class=\"ps-block__title\">Software voor onlineafspraken<\/h4>\n                          <div class=\"ps-block__text\">\n            <p>Met ESII kunnen klanten\u00a0<strong>een afspraak boeken via een website<\/strong>, een sms ontvangen en\/of een bevestiging per e-mail van hun afspraak, en gewoon op het afgesproken uur op de afspraak zijn.<br \/>\nDe berichten kunnen worden gepersonaliseerd om de details van de afspraak door te geven met een herinnering aan belangrijke informatie in de COVID-19-periode.<br \/>\nDe klanten kunnen\u00a0<strong>thuis, op het werken of ergens anders wachten<\/strong>, uw wachtzaal zal leeg zijn en zo kunt u de besmetting bestrijden.<\/p>\n\n          <\/div>\n                        <div class=\"button-group\">\n                                    <a href=\"\/nl\/oplossingen\/software-voor-een-afspraak\/\" class=\"link\" target=\"\">\n                <span class=\"link__txt\">Oplossing bekijken<\/span>\n                <span class=\"link__icon\">\n                  <svg class=\"icon icon-chevron-right\">\n                    <use xlink:href=\"https:\/\/www.esii.com\/app\/themes\/choosit\/dist\/img\/spritemap.svg#sprite-chevron-right\"><\/use>\n                  <\/svg>\n                <\/span>\n              <\/a>\n                              <\/div>\n              <\/div>\n    <\/div>\n  <\/div>\n<\/section>\n\n\n\n<section class=\"ps-block ps-block--textimage image-right\">\n  <div class=\"ps-block__container\">\n    <div class=\"ps-block__grid\">\n\n      <div class=\"ps-block__img\">\n        <figure class=\"lazy-image\">\n          <img loading=\"lazy\" decoding=\"async\" src=\"data:image\/svg+xml,%3Csvg xmlns='http:\/\/www.w3.org\/2000\/svg' viewBox='0 0 600 600'%3E%3C\/svg%3E\"\n               data-src=\"https:\/\/www.esii.com\/app\/uploads\/2022\/08\/Phygital-Kiosk-orion-600x600.webp\"\n               data-srcset=\"https:\/\/www.esii.com\/app\/uploads\/2022\/08\/Phygital-Kiosk-orion-600x600.webp 600w\"\n               sizes=\"auto, 600px\"\n               alt=\"Phygital Kiosk-orio\"\n               width=\"600\"\n               height=\"600\"\n          >\n        <\/figure>\n      <\/div>\n\n      <div class=\"ps-block__body\">\n                  <h3 class=\"ps-block__suptitle suptitle\">Video-kiosk<\/h3>\n                          <h4 class=\"ps-block__title\">Phygital Kiosk<\/h4>\n                          <div class=\"ps-block__text\">\n            <p>Met Phygital Kiosk kunt u een bezoeker via video en audio verbinden met een onthaalmedewerker op afstand. Zo vermijdt u fysieke interactie<\/p>\n<ul>\n<li>Geen fysieke interactie<\/li>\n<li>Een agent voor verschillende sites<\/li>\n<li>Gebruiksvriendelijk<\/li>\n<\/ul>\n\n          <\/div>\n                        <div class=\"button-group\">\n                                    <a href=\"\/nl\/solutions\/phygital-kiosk\/\" class=\"link\" target=\"\">\n                <span class=\"link__txt\">Oplossing bekijken<\/span>\n                <span class=\"link__icon\">\n                  <svg class=\"icon icon-chevron-right\">\n                    <use xlink:href=\"https:\/\/www.esii.com\/app\/themes\/choosit\/dist\/img\/spritemap.svg#sprite-chevron-right\"><\/use>\n                  <\/svg>\n                <\/span>\n              <\/a>\n                              <\/div>\n              <\/div>\n    <\/div>\n  <\/div>\n<\/section>\n\n\n\n<section class=\"ps-block ps-block--textimage image-left\">\n  <div class=\"ps-block__container\">\n    <div class=\"ps-block__grid\">\n\n      <div class=\"ps-block__img\">\n        <figure class=\"lazy-image\">\n          <img loading=\"lazy\" decoding=\"async\" src=\"data:image\/svg+xml,%3Csvg xmlns='http:\/\/www.w3.org\/2000\/svg' viewBox='0 0 600 600'%3E%3C\/svg%3E\"\n               data-src=\"https:\/\/www.esii.com\/app\/uploads\/2022\/08\/Enkele-wachtrij-bij-kassier-600x600.webp\"\n               data-srcset=\"https:\/\/www.esii.com\/app\/uploads\/2022\/08\/Enkele-wachtrij-bij-kassier-600x600.webp 600w\"\n               sizes=\"auto, 600px\"\n               alt=\"Enkele wachtrij bij kassier\"\n               width=\"600\"\n               height=\"600\"\n          >\n        <\/figure>\n      <\/div>\n\n      <div class=\"ps-block__body\">\n                  <h3 class=\"ps-block__suptitle suptitle\">Versnel de doorloop aan de kassa<\/h3>\n                          <h4 class=\"ps-block__title\">Unieke wachtrij<\/h4>\n                          <div class=\"ps-block__text\">\n            <p>Onze oplossing met \u00e9\u00e9n wachtrij versnelt de doorloop met behoud van de veiligheidsafstanden.<br \/>\nDe klanten wachten in \u00e9\u00e9n wachtrij met behoud van de veiligheidsafstand en worden opgeroepen via het scherm en het geluidssignaal zodra er een kassa vrij is.<br \/>\nEen virtueel ticket kan ook worden genomen aan speciale kassa\u2019s.<br \/>\nGeen wachtrij voor elke kassa waardoor de klanten verplicht zijn door de rijen te lopen om naar een kassa te gaan.<\/p>\n\n          <\/div>\n                        <div class=\"button-group\">\n                                    <a href=\"\/nl\/solutions\/unieke-wachtrij-aan-kassa\/\" class=\"link\" target=\"\">\n                <span class=\"link__txt\">Oplossing bekijken<\/span>\n                <span class=\"link__icon\">\n                  <svg class=\"icon icon-chevron-right\">\n                    <use xlink:href=\"https:\/\/www.esii.com\/app\/themes\/choosit\/dist\/img\/spritemap.svg#sprite-chevron-right\"><\/use>\n                  <\/svg>\n                <\/span>\n              <\/a>\n                              <\/div>\n              <\/div>\n    <\/div>\n  <\/div>\n<\/section>\n\n\n\n  <section class=\"ps-block ps-block--slider\">\n    <div class=\"ps-block__container\">\n      <div class=\"ps-block__grid\">\n        <div class=\"ps-block__content\">\n          <svg class=\"ps-block__blob\" xmlns=\"http:\/\/www.w3.org\/2000\/svg\" width=\"408\" height=\"426\" viewBox=\"0 0 408.1 426.6\">\n            <path fill=\"#f2f4f8\" d=\"M286.3,394.7c-52,29.1-119,43.5-172.7,20.4C59.9,391.8,19.4,331.6,5.4,264.5\n              C-8.5,197.9,4.2,124.7,46,74.1S158.6-4.6,225.3,0.6c67,5,129.5,43.1,159.5,94.8c30.3,51.7,28.3,116.8,9,171.4S338,365.6,286.3,394.7\n              z\"\/>\n          <\/svg>\n          <div class=\"swiper js-swiper-block\">\n            <ul class=\"swiper-wrapper\">\n                              <li class=\"ps-block__item swiper-slide\">\n                                    <div class=\"ps-block__quote\">\n                    \u00ab&nbsp;We moesten een plotselinge toestroom van nieuwe pati\u00ebnten zien te beheren. Het besmettingsgevaar van COVID-19 bracht ons ertoe te zoeken&hellip;&nbsp;\u00bb\n                  <\/div>\n                  <button data-open=\"quote_0\" class=\"link\">\n                    <span class=\"link__txt\">Lees verder<\/span>\n                    <span class=\"link__icon\">\n                      <svg class=\"icon icon-chevron-right\">\n                        <use xlink:href=\"https:\/\/www.esii.com\/app\/themes\/choosit\/dist\/img\/spritemap.svg#sprite-chevron-right\"><\/use>\n                      <\/svg>\n                    <\/span>\n                  <\/button>\n                <\/li>\n                              <li class=\"ps-block__item swiper-slide\">\n                                    <div class=\"ps-block__quote\">\n                    \u00ab&nbsp;De COVID-gezondheidscrisis heeft de organisatie van de diensten op zijn kop gezet. Zonder al te veel tijd te verspillen aan&hellip;&nbsp;\u00bb\n                  <\/div>\n                  <button data-open=\"quote_1\" class=\"link\">\n                    <span class=\"link__txt\">Lees verder<\/span>\n                    <span class=\"link__icon\">\n                      <svg class=\"icon icon-chevron-right\">\n                        <use xlink:href=\"https:\/\/www.esii.com\/app\/themes\/choosit\/dist\/img\/spritemap.svg#sprite-chevron-right\"><\/use>\n                      <\/svg>\n                    <\/span>\n                  <\/button>\n                <\/li>\n                              <li class=\"ps-block__item swiper-slide\">\n                    <div class=\"client \">\n    <div class=\"client__logo\">\n        <img loading=\"lazy\" decoding=\"async\" src=\"https:\/\/www.esii.com\/app\/uploads\/2021\/12\/mairie-bagnolet-france-1.png\"\n       srcset=\"https:\/\/www.esii.com\/app\/uploads\/2021\/12\/mairie-bagnolet-france-1.png 200w\"\n       sizes=\"auto, 200px\"\n       width=\"200\"\n       height=\"200\"\n       alt=\"\"\n       class=\"\"\n  >\n    <\/div>\n    <div class=\"client__content\">\n      <span class=\"client__name\">Mairie de Bagnolet<\/span>\n      <span class=\"client__country\">Frankrijk<\/span>\n    <\/div>\n  <\/div>\n                  <div class=\"ps-block__quote\">\n                    \u00ab&nbsp;De burgers zijn heel tevreden over de oplossing die voor de verdeling van maskers is gevonden. De technicus die de&hellip;&nbsp;\u00bb\n                  <\/div>\n                  <button data-open=\"quote_2\" class=\"link\">\n                    <span class=\"link__txt\">Lees verder<\/span>\n                    <span class=\"link__icon\">\n                      <svg class=\"icon icon-chevron-right\">\n                        <use xlink:href=\"https:\/\/www.esii.com\/app\/themes\/choosit\/dist\/img\/spritemap.svg#sprite-chevron-right\"><\/use>\n                      <\/svg>\n                    <\/span>\n                  <\/button>\n                <\/li>\n                          <\/ul>\n            <div class=\"swiper-navigation\">\n              <div class=\"swiper-pagination\"><\/div>\n              <div class=\"swiper-button-prev swiper-button-disabled\"><\/div>\n              <div class=\"swiper-button-next swiper-button-disabled\"><\/div>\n            <\/div>\n          <\/div>\n        <\/div>\n      <\/div>\n    <\/div>\n  <\/section>\n\n      <div class=\"reveal\" id=\"quote_0\" data-reveal data-animation-in=\"reveal-in\" data-animation-out=\"reveal-out\">\n      <div class=\"reveal__inner\">\n        <div class=\"reveal__content\">\n          <p>We moesten een plotselinge toestroom van nieuwe pati\u00ebnten zien te beheren. Het besmettingsgevaar van COVID-19 bracht ons ertoe te zoeken naar een oplossing met zo weinig mogelijk papier om ons personeel en andere kwetsbare pati\u00ebnten te beschermen. Het hele pati\u00ebntentraject (afsprakenbeheer, administratieve taken en monsterafname) moest buiten het laboratorium gebeuren. We hadden al een drive-in, maar we misten de oplossing voor afsprakenbeheer.<\/p>\n<p>Daarom moesten we de afspraken online beheren. ESII heeft ons haar Orion-oplossing gratis aangeboden.<\/p>\n<p>De levering en opleiding waren zeer snel, we waren operationeel in minder dan 48 uur met een gepersonaliseerde oplossing, aangepast aan onze behoeften.<\/p>\n<p>Het administratieve beheer van de afspraken en de pati\u00ebntenstroom werden aanzienlijk vergemakkelijkt. Orion heeft ons in staat gesteld ons werk beter te organiseren, wat rust brengt bij onze werknemers.<\/p>\n<p>Pati\u00ebnten ontvangen een sms-herinnering met de precieze locatie van de drive-in, ze melden zich aan op het precieze tijdstip van de afspraak, waardoor de wachtrij zoveel mogelijk wordt beperkt.<\/p>\n<p>Deze oplossing geeft ons laboratorium een nog professionelere uitstraling.<\/p>\n<p>Nadat we de doeltreffendheid van deze oplossing hadden getest, hebben wij het systeem in onze tweede drive-in ge\u00efnstalleerd; met dezelfde tevredenheid.<\/p>\n\n        <\/div>\n        <footer class=\"reveal__footer\">\n                    <div class=\"author\">\n            <span class=\"author__name\">Mireille Billion-Rey<\/span>\n            <span class=\"author__title\">Bioloog co-verantwoordelijke &#8211; Le Labo Parc Monceau<\/span>\n          <\/div>\n        <\/footer>\n        <button class=\"close-button\" data-close aria-label=\"Close modal\" type=\"button\">\n          <span aria-hidden=\"true\"><\/span>\n        <\/button>\n      <\/div>\n    <\/div>\n      <div class=\"reveal\" id=\"quote_1\" data-reveal data-animation-in=\"reveal-in\" data-animation-out=\"reveal-out\">\n      <div class=\"reveal__inner\">\n        <div class=\"reveal__content\">\n          <p>De COVID-gezondheidscrisis heeft de organisatie van de diensten op zijn kop gezet. Zonder al te veel tijd te verspillen aan het herdefini\u00ebren van de manier waarop dingen werken, was het noodzakelijk om collega&#8217;s rechtstreeks afspraken te laten maken in plaats van de gebruikers. Het is een erg eenvoudige oplossing! De methodologie werd mij uitgelegd: cre\u00eber de structuren, definieer de schema&#8217;s, de gebruikers, geef rechten. Het was relatief eenvoudig. In \u00e9\u00e9n dag is het moeilijk om alles te overzien, maar in twee dagen is het mogelijk.<br \/>\nIk heb ook een gebruikersopleiding gegeven aan de collega\u2019s. Ze hebben snel alles begrepen. Het was wat zoeken in het begin maar ze hebben zelf gezegd dat de oplossing gebruiksvriendelijk is.<\/p>\n\n        <\/div>\n        <footer class=\"reveal__footer\">\n                    <div class=\"author\">\n            <span class=\"author__name\">Mr. Mody TRAORE<\/span>\n            <span class=\"author__title\">Functioneel beheerder, Gemeente Saint Denis<\/span>\n          <\/div>\n        <\/footer>\n        <button class=\"close-button\" data-close aria-label=\"Close modal\" type=\"button\">\n          <span aria-hidden=\"true\"><\/span>\n        <\/button>\n      <\/div>\n    <\/div>\n      <div class=\"reveal\" id=\"quote_2\" data-reveal data-animation-in=\"reveal-in\" data-animation-out=\"reveal-out\">\n      <div class=\"reveal__inner\">\n        <div class=\"reveal__content\">\n          <p>De burgers zijn heel tevreden over de oplossing die voor de verdeling van maskers is gevonden. De technicus die de installatie uitvoerde, was heel behulpzaam en heel professioneel.<br \/>\nWe zijn ook tevreden en zijn van plan de ESII-oplossingen te gebruiken voor de huisvestings- en serviceafdelingen als onderdeel van een uitgebreider project met kiosken.<\/p>\n\n        <\/div>\n        <footer class=\"reveal__footer\">\n            <div class=\"client \">\n    <div class=\"client__logo\">\n        <img loading=\"lazy\" decoding=\"async\" src=\"https:\/\/www.esii.com\/app\/uploads\/2021\/12\/mairie-bagnolet-france-1.png\"\n       srcset=\"https:\/\/www.esii.com\/app\/uploads\/2021\/12\/mairie-bagnolet-france-1.png 200w\"\n       sizes=\"auto, 200px\"\n       width=\"200\"\n       height=\"200\"\n       alt=\"\"\n       class=\"\"\n  >\n    <\/div>\n    <div class=\"client__content\">\n      <span class=\"client__name\">Mairie de Bagnolet<\/span>\n      <span class=\"client__country\">Frankrijk<\/span>\n    <\/div>\n  <\/div>\n          <div class=\"author\">\n            <span class=\"author__name\">Mevr. Tooran DANA<\/span>\n            <span class=\"author__title\">Directeur Informatiesystemen, Gemeente Bagnolet<\/span>\n          <\/div>\n        <\/footer>\n        <button class=\"close-button\" data-close aria-label=\"Close modal\" type=\"button\">\n          <span aria-hidden=\"true\"><\/span>\n        <\/button>\n      <\/div>\n    <\/div>\n  \n\n","protected":false},"excerpt":{"rendered":"<p>Om de gezondheid en de veiligheid van uw klanten en werknemers te vrijwaren, kan ESII u helpen oplossingen te vinden die aangepast zijn aan uw sector en uw configuratie. Met onze oplossingen kunt u het wachtende publiek ontvangen en de wachttijd beheren met inachtneming van de gezondheidsvoorschriften.<\/p>\n","protected":false},"author":1,"featured_media":13408,"parent":0,"menu_order":0,"comment_status":"closed","ping_status":"closed","template":"template-besoin.php","meta":{"inline_featured_image":false,"footnotes":""},"activity":[],"class_list":["post-13027","page","type-page","status-publish","has-post-thumbnail","hentry"],"acf":[],"_links":{"self":[{"href":"https:\/\/www.esii.com\/nl\/wp-json\/wp\/v2\/pages\/13027","targetHints":{"allow":["GET"]}}],"collection":[{"href":"https:\/\/www.esii.com\/nl\/wp-json\/wp\/v2\/pages"}],"about":[{"href":"https:\/\/www.esii.com\/nl\/wp-json\/wp\/v2\/types\/page"}],"author":[{"embeddable":true,"href":"https:\/\/www.esii.com\/nl\/wp-json\/wp\/v2\/users\/1"}],"replies":[{"embeddable":true,"href":"https:\/\/www.esii.com\/nl\/wp-json\/wp\/v2\/comments?post=13027"}],"version-history":[{"count":0,"href":"https:\/\/www.esii.com\/nl\/wp-json\/wp\/v2\/pages\/13027\/revisions"}],"wp:featuredmedia":[{"embeddable":true,"href":"https:\/\/www.esii.com\/nl\/wp-json\/wp\/v2\/media\/13408"}],"wp:attachment":[{"href":"https:\/\/www.esii.com\/nl\/wp-json\/wp\/v2\/media?parent=13027"}],"wp:term":[{"taxonomy":"activity","embeddable":true,"href":"https:\/\/www.esii.com\/nl\/wp-json\/wp\/v2\/activity?post=13027"}],"curies":[{"name":"wp","href":"https:\/\/api.w.org\/{rel}","templated":true}]}}