{"id":9439,"date":"2022-03-29T14:54:28","date_gmt":"2022-03-29T12:54:28","guid":{"rendered":"https:\/\/www.esii.com\/?page_id=9439"},"modified":"2022-03-29T16:01:05","modified_gmt":"2022-03-29T14:01:05","slug":"gestion-de-colas-de-espera","status":"publish","type":"page","link":"https:\/\/www.esii.com\/es\/colas\/gestion-de-colas-de-espera\/","title":{"rendered":"Gesti\u00f3n de colas de espera"},"content":{"rendered":"<section class=\"ps-block ps-block--intro\">\n  <div class=\"ps-block__container\">\n    <div class=\"ps-block__grid\">\n      <div class=\"ps-block__content\">\n        <p>Como <b>expertos en gesti\u00f3n de recepci\u00f3n y de gesti\u00f3n de colas de espera<\/b> ofrecemos a nuestros clientes y asociados soluciones inteligentes y duraderas que combinan elegancia, simplicidad y eficacia <b>no importa cual sea su sector de actividad<\/b>.<br>\r\nNuestras soluciones se adaptan a cualquier tipo de recepci\u00f3n, con independencia de la afluencia de visitantes.<br>\r\nESII le ofrece una amplia gama de terminales t\u00e1ctiles evolutivos le permite administrar sus colas, y as\u00ed organizar su flujo de visitantes. <\/p>\n      <\/div>\n    <\/div>\n  <\/div>\n<\/section>\n\n\n<section class=\"ps-block ps-block--cta\">\n  <div class=\"ps-block__container\">\n    <div class=\"ps-block__bg\">\n      <div class=\"ps-block__blob\">\n        <svg xmlns=\"http:\/\/www.w3.org\/2000\/svg\" width=\"789.469\" height=\"728.959\" viewBox=\"0 0 789.469 728.959\">\n          <path d=\"M669.861,129.168C745.413,206.241,802.2,316.274,786.992,420.729,771.273,525.184,684.566,624.061,573.519,679.838c-110.54,55.27-244.911,67.439-353.423,18.254S28.934,538.367,6.623,419.715c-22.818-119.16,14.7-245.925,91.271-322.492C174.461,20.149,289.564-6.725,394.526,1.388S594.309,52.6,669.861,129.168Z\" transform=\"translate(0 0)\" fill=\"#2b2d33\"\/>\n        <\/svg>\n      <\/div>\n    <\/div>\n    <div class=\"ps-block__grid\">\n      <div class=\"ps-block__content\">\n        <div class=\"ps-block__body\">\n\n                      <div class=\"ps-block__heading\">\n                                            <span class=\"ps-block__title\">Solicitar una demostraci\u00f3n!<\/span>\n                          <\/div>\n          \n                      <p class=\"ps-block__txt\">M\u00e1s de 18 000 sitios acogen a sus visitantes gracias a nuestras soluciones.<\/p>\n          \n          <div class=\"ps-block__button\">\n            <a href=\"\/es\/contactenos\/\" class=\"button button--icon\" target=\"\">\n              <span>Cont\u00e1ctenos<\/span>\n              <svg class=\"icon icon-arrow-right\">\n                <use xlink:href=\"https:\/\/www.esii.com\/app\/themes\/choosit\/dist\/img\/spritemap.svg#sprite-arrow-right\"><\/use>\n              <\/svg>\n            <\/a>\n          <\/div>\n        <\/div>\n\n      <\/div>\n    <\/div>\n  <\/div>\n<\/section>\n\n\n\n<section class=\"ps-block ps-block--info\">\n  <div class=\"ps-block__container\">\n    <div class=\"ps-block__grid\">\n      <div class=\"ps-block__content\">\n        <p>\n          <b>ESII Ib\u00e9rica<\/b><br>\r\n<br>\r\nC\u00e1mara Franco-Espa\u00f1ola de Comercio e Industria<br>\r\nC\/ Capit\u00e1n Haya, 38 Edificio CUZCO II<br>\r\n28020 MADRID<br>\r\n<br>\r\nTel\u00e9fono : : +34 697 97 11 37\n        <\/p>\n      <\/div>\n    <\/div>\n  <\/div>\n<\/section>\n","protected":false},"excerpt":{"rendered":"<p>Con estas soluciones podr\u00e1 reducir considerablemente los tiempos de espera y mejorar su imagen.<\/p>\n","protected":false},"author":3,"featured_media":9388,"parent":9437,"menu_order":0,"comment_status":"closed","ping_status":"closed","template":"template-besoin.php","meta":{"inline_featured_image":false,"footnotes":""},"activity":[],"class_list":["post-9439","page","type-page","status-publish","has-post-thumbnail","hentry"],"acf":[],"_links":{"self":[{"href":"https:\/\/www.esii.com\/es\/wp-json\/wp\/v2\/pages\/9439","targetHints":{"allow":["GET"]}}],"collection":[{"href":"https:\/\/www.esii.com\/es\/wp-json\/wp\/v2\/pages"}],"about":[{"href":"https:\/\/www.esii.com\/es\/wp-json\/wp\/v2\/types\/page"}],"author":[{"embeddable":true,"href":"https:\/\/www.esii.com\/es\/wp-json\/wp\/v2\/users\/3"}],"replies":[{"embeddable":true,"href":"https:\/\/www.esii.com\/es\/wp-json\/wp\/v2\/comments?post=9439"}],"version-history":[{"count":0,"href":"https:\/\/www.esii.com\/es\/wp-json\/wp\/v2\/pages\/9439\/revisions"}],"up":[{"embeddable":true,"href":"https:\/\/www.esii.com\/es\/wp-json\/wp\/v2\/pages\/9437"}],"wp:featuredmedia":[{"embeddable":true,"href":"https:\/\/www.esii.com\/es\/wp-json\/wp\/v2\/media\/9388"}],"wp:attachment":[{"href":"https:\/\/www.esii.com\/es\/wp-json\/wp\/v2\/media?parent=9439"}],"wp:term":[{"taxonomy":"activity","embeddable":true,"href":"https:\/\/www.esii.com\/es\/wp-json\/wp\/v2\/activity?post=9439"}],"curies":[{"name":"wp","href":"https:\/\/api.w.org\/{rel}","templated":true}]}}