{"id":8991,"date":"2022-03-21T16:52:44","date_gmt":"2022-03-21T15:52:44","guid":{"rendered":"https:\/\/www.esii.com\/empresa-con-mision\/"},"modified":"2022-05-03T16:49:52","modified_gmt":"2022-05-03T14:49:52","slug":"empresa-con-mision","status":"publish","type":"page","link":"https:\/\/www.esii.com\/es\/empresa-con-mision\/","title":{"rendered":"Empresa con misi\u00f3n"},"content":{"rendered":"<section class=\"ps-block ps-block--paragraph\">\n  <div class=\"ps-block__container\">\n    <div class=\"ps-block__grid\">\n      <div class=\"ps-block__content\">\n        <div class=\"ps-block__body\">\n          <div class=\"ps-block__item\">\n            \n<p>Desde julio de 2020, ESII ha plasmado su raz\u00f3n de ser en sus estatutos:<\/p>\n\n          <\/div>\n        <\/div>\n      <\/div>\n    <\/div>\n  <\/div>\n<\/section>\n\n\n<section class=\"ps-block ps-block--quote\">\n  <div class=\"ps-block__container\">\n    <div class=\"ps-block__grid\">\n      <div class=\"ps-block__content\">\n        <div class=\"ps-block__body\">\n          <div class=\"ps-block__item\">\n            \n<blockquote class=\"wp-block-quote\"><p>Destinar tiempo a lo esencial e innovar para una recepci\u00f3n serena, personalizada y completamente segura.<\/p><\/blockquote>\n\n          <\/div>\n        <\/div>\n      <\/div>\n    <\/div>\n  <\/div>\n<\/section>\n\n\n<section class=\"ps-block ps-block--paragraph\">\n  <div class=\"ps-block__container\">\n    <div class=\"ps-block__grid\">\n      <div class=\"ps-block__content\">\n        <div class=\"ps-block__body\">\n          <div class=\"ps-block__item\">\n            \n<p>ESII es una empresa <strong>razonablemente liberada<\/strong> con una fuerte implicaci\u00f3n en RSC a trav\u00e9s de un plan de acci\u00f3n que cubre todo el \u00e1mbito de la <strong>norma ISO 26000<\/strong> y en CVL con su <strong>plan de acci\u00f3n CVL<\/strong>. Orientamos nuestras actividades a los valores de la empresa, pero velando al mismo tiempo por su rendimiento econ\u00f3mico, necesario para su permanencia. Con sus soluciones, ESII permite <strong>hacerles ganar tiempo y tranquilidad a sus clientes<\/strong>, que a su vez se lo hacen ganar a sus propios clientes, organizando y canalizando las recepciones y suprimiendo en la medida de lo posible los tiempos de espera de los clientes.<\/p>\n\n          <\/div>\n        <\/div>\n      <\/div>\n    <\/div>\n  <\/div>\n<\/section>\n\n\n<section class=\"ps-block ps-block--heading\">\n  <div class=\"ps-block__container\">\n    <div class=\"ps-block__grid\">\n      <div class=\"ps-block__content\">\n        <div class=\"ps-block__body\">\n          <div class=\"ps-block__item\">\n            \n<h2 id=\"notre-raison-d-etre-et-nos-engagements\">Nuestra raz\u00f3n de ser y nuestros compromisos<\/h2>\n\n          <\/div>\n        <\/div>\n      <\/div>\n    <\/div>\n  <\/div>\n<\/section>\n\n\n<section class=\"ps-block ps-block--textimage image-left\">\n  <div class=\"ps-block__container\">\n    <div class=\"ps-block__grid\">\n\n      <div class=\"ps-block__img\">\n        <figure class=\"lazy-image\">\n          <img loading=\"lazy\" decoding=\"async\" src=\"data:image\/svg+xml,%3Csvg xmlns='http:\/\/www.w3.org\/2000\/svg' viewBox='0 0 600 600'%3E%3C\/svg%3E\"\n               data-src=\"https:\/\/www.esii.com\/app\/uploads\/2022\/04\/Donner-du-temps.webp\"\n               data-srcset=\"https:\/\/www.esii.com\/app\/uploads\/2022\/04\/Donner-du-temps.webp 600w\"\n               sizes=\"auto, 600px\"\n               alt=\"Donner-du-temps\"\n               width=\"600\"\n               height=\"600\"\n          >\n        <\/figure>\n      <\/div>\n\n      <div class=\"ps-block__body\">\n                                  <div class=\"ps-block__text\">\n            <p>Nuestra raz\u00f3n de ser, <strong>\u00abESII destina tiempo a lo esencial e innova para una recepci\u00f3n serena, personalizada y completamente segura\u00bb,<\/strong> no es solo una frase. Todos nosotros estamos realmente comprometidos con nuestra misi\u00f3n, somos fiables, nos implicamos y somos innovadores. Ofrecemos beneficios reales a la sociedad con nuestras acciones volcadas en <strong>el ahorro de tiempo a nuestros clientes y, a su vez, a sus visitantes\/clientes<\/strong>, la <strong>fluidificaci\u00f3n de las relaciones ligadas a la recepci\u00f3n de personas<\/strong>, con la m\u00e1xima <strong>tranquilidad<\/strong>, <strong>personalizaci\u00f3n<\/strong> y <strong>seguridad<\/strong>.<\/p>\n\n          <\/div>\n                      <\/div>\n    <\/div>\n  <\/div>\n<\/section>\n\n\n\n<section class=\"ps-block ps-block--textimage image-right\">\n  <div class=\"ps-block__container\">\n    <div class=\"ps-block__grid\">\n\n      <div class=\"ps-block__img\">\n        <figure class=\"lazy-image\">\n          <img loading=\"lazy\" decoding=\"async\" src=\"data:image\/svg+xml,%3Csvg xmlns='http:\/\/www.w3.org\/2000\/svg' viewBox='0 0 600 600'%3E%3C\/svg%3E\"\n               data-src=\"https:\/\/www.esii.com\/app\/uploads\/2022\/04\/Here34.webp\"\n               data-srcset=\"https:\/\/www.esii.com\/app\/uploads\/2022\/04\/Here34.webp 600w\"\n               sizes=\"auto, 600px\"\n               alt=\"Here34\"\n               width=\"600\"\n               height=\"600\"\n          >\n        <\/figure>\n      <\/div>\n\n      <div class=\"ps-block__body\">\n                                  <div class=\"ps-block__text\">\n            <p>El objetivo de ESII es algo m\u00e1s que un mero reparto de beneficios o la consecuci\u00f3n de un ahorro. As\u00ed, ESII persigue conciliar dos conceptos: <strong data-rich-text-format-boundary=\"true\">la necesidad de permanencia y la b\u00fasqueda de objetivos de inter\u00e9s general m\u00e1s amplios en una ESII liberada, educada e impulsora de acciones de RSC y CVL.<\/strong><\/p>\n\n          <\/div>\n                      <\/div>\n    <\/div>\n  <\/div>\n<\/section>\n\n\n\n<section class=\"ps-block ps-block--info\">\n  <div class=\"ps-block__container\">\n    <div class=\"ps-block__grid\">\n      <div class=\"ps-block__content\">\n        <p>\n          ESII quiere participar en el cambio del mundo mediante su ejemplo, desde dentro y a nuestro nivel, para hacerlo m\u00e1s educado, m\u00e1s \u00e9tico, m\u00e1s responsable, m\u00e1s universal y siempre con el af\u00e1n de influir positivamente en la sociedad con nuestras acciones.\n        <\/p>\n      <\/div>\n    <\/div>\n  <\/div>\n<\/section>\n\n\n<section class=\"ps-block ps-block--heading\">\n  <div class=\"ps-block__container\">\n    <div class=\"ps-block__grid\">\n      <div class=\"ps-block__content\">\n        <div class=\"ps-block__body\">\n          <div class=\"ps-block__item\">\n            \n<h2 id=\"les-objectifs-strategiques-de-la-mission\">Objetivos estrat\u00e9gicos de la misi\u00f3n<\/h2>\n\n          <\/div>\n        <\/div>\n      <\/div>\n    <\/div>\n  <\/div>\n<\/section>\n\n\n\n\n  <section class=\"ps-block ps-block--buttons\">\n    <div class=\"ps-block__container\">\n      <div class=\"ps-block__grid\">\n        <div class=\"ps-block__content\">\n          <div class=\"button-group\">\n                                    <a href=\"\/app\/uploads\/2022\/02\/ESII-RapportComiteMission.pdf\" class=\"link\" target=\"_blank\">\n                <span class=\"link__txt\">Leer el informe del comit\u00e9 de misi\u00f3n<\/span>\n                <span class=\"link__icon\">\n                  <svg class=\"icon icon-chevron-right\">\n                    <use xlink:href=\"https:\/\/www.esii.com\/app\/themes\/choosit\/dist\/img\/spritemap.svg#sprite-chevron-right\"><\/use>\n                  <\/svg>\n                <\/span>\n              <\/a>\n                                <\/div>\n        <\/div>\n      <\/div>\n    <\/div>\n  <\/section>\n\n\n<section class=\"ps-block ps-block--heading\">\n  <div class=\"ps-block__container\">\n    <div class=\"ps-block__grid\">\n      <div class=\"ps-block__content\">\n        <div class=\"ps-block__body\">\n          <div class=\"ps-block__item\">\n            \n<h2 id=\"pages-liees\">P\u00e1ginas relacionadas<\/h2>\n\n          <\/div>\n        <\/div>\n      <\/div>\n    <\/div>\n  <\/div>\n<\/section>\n\n\n<section class=\"ps-block ps-block--internal-links\">\n  <div class=\"ps-block__container\">\n    <div class=\"ps-block__grid\">\n      <svg class=\"ps-block__blob\" xmlns=\"http:\/\/www.w3.org\/2000\/svg\" width=\"641.356\" height=\"596.235\" viewBox=\"0 0 641.356 596.235\">\n        <path d=\"M544.187,105.65c61.378,63.04,107.514,153.039,95.156,238.475-12.77,85.436-83.21,166.311-173.423,211.932-89.8,45.207-198.963,55.161-287.116,14.931S23.506,440.345,5.381,343.3C-13.156,245.832,17.327,142.147,79.528,79.521c62.2-63.04,155.71-85.022,240.98-78.386S482.809,43.024,544.187,105.65Z\" fill=\"#f2f4f8\"\/>\n      <\/svg>\n      <ul class=\"ps-block__list\">\n                  <li class=\"posts__item\">\n  <article class=\"card\">\n          <div class=\"card__thumb\">\n          <figure class=\" lazy-image\">\n  <img loading=\"lazy\" decoding=\"async\" src=\"data:image\/svg+xml,%3Csvg xmlns='http:\/\/www.w3.org\/2000\/svg' viewBox='0 0 568 358'%3E%3C\/svg%3E\"\n       data-src=\"https:\/\/www.esii.com\/app\/uploads\/2022\/07\/esii-corporate-568x358.webp\"\n       data-srcset=\"https:\/\/www.esii.com\/app\/uploads\/2022\/07\/esii-corporate-568x358.webp 568w\"\n       sizes=\"auto, 568px\"\n       width=\"568\"\n       height=\"358\"\n       alt=\"esii solution\"\n  >\n<\/figure>\n      <\/div>\n            <div class=\"card__content\">\n      <ul class=\"card__labels labels\">\n              <\/ul>\n      <h3 class=\"card__title\">\n        <a href=\"https:\/\/www.esii.com\/es\/conozcanos-mejor\/\">Con\u00f3zcanos mejor<\/a>\n      <\/h3>\n    <\/div>\n              <p class=\"card__excerpt card__excerptfix\">ESII es una empresa que cuenta con 130 empleados repartidos en 3 sedes geogr\u00e1ficas en Francia (34-Lav\u00e9rune, sede social, 94-Cr\u00e9teil,&hellip;<\/p>\n          <footer class=\"card__footer\">\n            <button class=\"card__link\" aria-label=\"Leer el art\u00edculo\">\n        <svg class=\"icon icon-chevron-right\">\n          <use xlink:href=\"https:\/\/www.esii.com\/app\/themes\/choosit\/dist\/img\/spritemap.svg#sprite-chevron-right\"><\/use>\n        <\/svg>\n      <\/button>\n    <\/footer>\n  <\/article>\n<\/li>\n                  <li class=\"posts__item\">\n  <article class=\"card\">\n          <div class=\"card__thumb\">\n          <figure class=\" lazy-image\">\n  <img loading=\"lazy\" decoding=\"async\" src=\"data:image\/svg+xml,%3Csvg xmlns='http:\/\/www.w3.org\/2000\/svg' viewBox='0 0 568 358'%3E%3C\/svg%3E\"\n       data-src=\"https:\/\/www.esii.com\/app\/uploads\/2022\/04\/rse-and-esii.webp\"\n       data-srcset=\"https:\/\/www.esii.com\/app\/uploads\/2022\/04\/rse-and-esii.webp 568w\"\n       sizes=\"auto, 568px\"\n       width=\"568\"\n       height=\"358\"\n       alt=\"rse and esii\"\n  >\n<\/figure>\n      <\/div>\n            <div class=\"card__content\">\n      <ul class=\"card__labels labels\">\n              <\/ul>\n      <h3 class=\"card__title\">\n        <a href=\"https:\/\/www.esii.com\/es\/nuestros-compromisos-de-rsc\/\">Nuestros compromisos de RSC<\/a>\n      <\/h3>\n    <\/div>\n              <p class=\"card__excerpt card__excerptfix\">En ESII, nos esforzamos por mejorar constantemente nuestro rendimiento en un contexto de competencia en r\u00e1pida evoluci\u00f3n, pero manteni\u00e9ndonos fieles&hellip;<\/p>\n          <footer class=\"card__footer\">\n            <button class=\"card__link\" aria-label=\"Leer el art\u00edculo\">\n        <svg class=\"icon icon-chevron-right\">\n          <use xlink:href=\"https:\/\/www.esii.com\/app\/themes\/choosit\/dist\/img\/spritemap.svg#sprite-chevron-right\"><\/use>\n        <\/svg>\n      <\/button>\n    <\/footer>\n  <\/article>\n<\/li>\n                  <li class=\"posts__item\">\n  <article class=\"card\">\n          <div class=\"card__thumb\">\n          <figure class=\" lazy-image\">\n  <img loading=\"lazy\" decoding=\"async\" src=\"data:image\/svg+xml,%3Csvg xmlns='http:\/\/www.w3.org\/2000\/svg' viewBox='0 0 568 358'%3E%3C\/svg%3E\"\n       data-src=\"https:\/\/www.esii.com\/app\/uploads\/2022\/04\/QVT-a-ESII-568x358.png\"\n       data-srcset=\"https:\/\/www.esii.com\/app\/uploads\/2022\/04\/QVT-a-ESII-568x358.png 568w\"\n       sizes=\"auto, 568px\"\n       width=\"568\"\n       height=\"358\"\n       alt=\"QVT-a-ESII\"\n  >\n<\/figure>\n      <\/div>\n            <div class=\"card__content\">\n      <ul class=\"card__labels labels\">\n              <\/ul>\n      <h3 class=\"card__title\">\n        <a href=\"https:\/\/www.esii.com\/es\/calidad-de-vida-laboral\/\">Calidad de vida laboral<\/a>\n      <\/h3>\n    <\/div>\n              <p class=\"card__excerpt card__excerptfix\">La CVL es un sentimiento de bienestar en el trabajo que engloba el ambiente, la cultura de la empresa, el&hellip;<\/p>\n          <footer class=\"card__footer\">\n            <button class=\"card__link\" aria-label=\"Leer el art\u00edculo\">\n        <svg class=\"icon icon-chevron-right\">\n          <use xlink:href=\"https:\/\/www.esii.com\/app\/themes\/choosit\/dist\/img\/spritemap.svg#sprite-chevron-right\"><\/use>\n        <\/svg>\n      <\/button>\n    <\/footer>\n  <\/article>\n<\/li>\n              <\/ul>\n    <\/div>\n  <\/div>\n<\/section>\n\n\n","protected":false},"excerpt":{"rendered":"<p>ESII est\u00e1 centrada en su misi\u00f3n en coherencia con su raz\u00f3n de ser, sus valores, su estrategia, sus compromisos de RSC y CVL, y su ADN conductual.<\/p>\n","protected":false},"author":1,"featured_media":10193,"parent":0,"menu_order":29,"comment_status":"closed","ping_status":"closed","template":"","meta":{"inline_featured_image":false,"footnotes":""},"activity":[],"class_list":["post-8991","page","type-page","status-publish","has-post-thumbnail","hentry"],"acf":[],"_links":{"self":[{"href":"https:\/\/www.esii.com\/es\/wp-json\/wp\/v2\/pages\/8991","targetHints":{"allow":["GET"]}}],"collection":[{"href":"https:\/\/www.esii.com\/es\/wp-json\/wp\/v2\/pages"}],"about":[{"href":"https:\/\/www.esii.com\/es\/wp-json\/wp\/v2\/types\/page"}],"author":[{"embeddable":true,"href":"https:\/\/www.esii.com\/es\/wp-json\/wp\/v2\/users\/1"}],"replies":[{"embeddable":true,"href":"https:\/\/www.esii.com\/es\/wp-json\/wp\/v2\/comments?post=8991"}],"version-history":[{"count":0,"href":"https:\/\/www.esii.com\/es\/wp-json\/wp\/v2\/pages\/8991\/revisions"}],"wp:featuredmedia":[{"embeddable":true,"href":"https:\/\/www.esii.com\/es\/wp-json\/wp\/v2\/media\/10193"}],"wp:attachment":[{"href":"https:\/\/www.esii.com\/es\/wp-json\/wp\/v2\/media?parent=8991"}],"wp:term":[{"taxonomy":"activity","embeddable":true,"href":"https:\/\/www.esii.com\/es\/wp-json\/wp\/v2\/activity?post=8991"}],"curies":[{"name":"wp","href":"https:\/\/api.w.org\/{rel}","templated":true}]}}