{"id":8989,"date":"2022-03-21T16:52:18","date_gmt":"2022-03-21T15:52:18","guid":{"rendered":"https:\/\/www.esii.com\/nuestros-compromisos-de-rsc\/"},"modified":"2022-05-03T16:50:50","modified_gmt":"2022-05-03T14:50:50","slug":"nuestros-compromisos-de-rsc","status":"publish","type":"page","link":"https:\/\/www.esii.com\/es\/nuestros-compromisos-de-rsc\/","title":{"rendered":"Nuestros compromisos de RSC"},"content":{"rendered":"<section class=\"ps-block ps-block--heading\">\n  <div class=\"ps-block__container\">\n    <div class=\"ps-block__grid\">\n      <div class=\"ps-block__content\">\n        <div class=\"ps-block__body\">\n          <div class=\"ps-block__item\">\n            \n<h2>Nos proporcionan principios s\u00f3lidos que seguimos diariamente en nuestras actividades<\/h2>\n\n          <\/div>\n        <\/div>\n      <\/div>\n    <\/div>\n  <\/div>\n<\/section>\n\n\n<section class=\"ps-block ps-block--paragraph\">\n  <div class=\"ps-block__container\">\n    <div class=\"ps-block__grid\">\n      <div class=\"ps-block__content\">\n        <div class=\"ps-block__body\">\n          <div class=\"ps-block__item\">\n            \n<p>La buena relaci\u00f3n con nuestros socios, clientes, gobiernos y otros interesados es la clave de nuestro \u00e9xito. Podemos contribuir al establecimiento de unas relaciones sanas actuando con honestidad, integridad y respeto mutuo.<\/p>\n\n          <\/div>\n        <\/div>\n      <\/div>\n    <\/div>\n  <\/div>\n<\/section>\n\n\n<section class=\"ps-block ps-block--paragraph\">\n  <div class=\"ps-block__container\">\n    <div class=\"ps-block__grid\">\n      <div class=\"ps-block__content\">\n        <div class=\"ps-block__body\">\n          <div class=\"ps-block__item\">\n            \n<p>Cada uno de nosotros:<\/p>\n\n          <\/div>\n        <\/div>\n      <\/div>\n    <\/div>\n  <\/div>\n<\/section>\n\n\n\n\n<section class=\"ps-block ps-block--paragraph\">\n  <div class=\"ps-block__container\">\n    <div class=\"ps-block__grid\">\n      <div class=\"ps-block__content\">\n        <div class=\"ps-block__body\">\n          <div class=\"ps-block__item\">\n            \n<p><em>*La gobernanza de ESII est\u00e1 garantizada por un comit\u00e9 de direcci\u00f3n integrado por los jefes de departamento, con un modelo de funcionamiento en el que se reducen los niveles jer\u00e1rquicos y se favorece en todos los sentidos la comunicaci\u00f3n fluida. Los directivos son m\u00e1s entrenadores que intervencionistas y cada empleado tiene sus propias responsabilidades en funci\u00f3n de su rol. Los \u00f3rganos transversales (comit\u00e9s de pilotaje, polos, etc.) tambi\u00e9n son responsables y toman decisiones en funci\u00f3n de sus roles.<\/em><\/p>\n\n          <\/div>\n        <\/div>\n      <\/div>\n    <\/div>\n  <\/div>\n<\/section>\n\n\n<section class=\"ps-block ps-block--paragraph\">\n  <div class=\"ps-block__container\">\n    <div class=\"ps-block__grid\">\n      <div class=\"ps-block__content\">\n        <div class=\"ps-block__body\">\n          <div class=\"ps-block__item\">\n            \n<p>Jos\u00e9 Zirah presidente<br>Jean-Pierre Richard director general<\/p>\n\n          <\/div>\n        <\/div>\n      <\/div>\n    <\/div>\n  <\/div>\n<\/section>\n\n\n<section class=\"ps-block ps-block--accordion\">\n  <div class=\"ps-block__container\">\n    <div class=\"ps-block__grid\">\n      <div class=\"ps-block__content\">\n        <div class=\"ps-block__body\">\n          <div class=\"ps-block__item\">\n            <ul class=\"accordion\" data-accordion data-multi-expand=\"true\" data-allow-all-closed=\"true\">\n                            <li class=\"accordion-item\" data-accordion-item>\n                <a href=\"#\" class=\"accordion-title\">\n                  Apoyamos el saber hacer franc\u00e9s\n                  <span class=\"accordion-toggle\"><\/span>\n                <\/a>\n                <div class=\"accordion-content\" data-tab-content><ul>\n<li>Dar preferencia a los proveedores locales para establecer una asociaci\u00f3n sostenible basada en una carta de relaciones con proveedores responsables<\/li>\n<li>Etiqueta Origine France Garantie: LED Display, 100\u00a0% del software y 60\u00a0% del hardware producidos en Francia<\/li>\n<li>Divulgar y dar visibilidad a nuestro enfoque (mesa redonda en el Lyc\u00e9e Joffre, simposio tem\u00e1tico, etc.)<\/li>\n<\/ul>\n<\/div>\n              <\/li>\n                            <li class=\"accordion-item\" data-accordion-item>\n                <a href=\"#\" class=\"accordion-title\">\n                  Involucramos a nuestros socios internacionales\n                  <span class=\"accordion-toggle\"><\/span>\n                <\/a>\n                <div class=\"accordion-content\" data-tab-content><ul>\n<li>Elecci\u00f3n de socios en funci\u00f3n de su compromiso social<\/li>\n<li>Dar preferencia a proveedores certificados para garantizar productos que tengan en cuenta los desaf\u00edos de la sostenibilidad<\/li>\n<li>Contrataci\u00f3n y formaci\u00f3n de talentos j\u00f3venes e internacionales<\/li>\n<\/ul>\n<\/div>\n              <\/li>\n                            <li class=\"accordion-item\" data-accordion-item>\n                <a href=\"#\" class=\"accordion-title\">\n                  Adoptamos la RSC en el seno de la empresa\n                  <span class=\"accordion-toggle\"><\/span>\n                <\/a>\n                <div class=\"accordion-content\" data-tab-content><ul>\n<li>4 de nuestros 9 valores est\u00e1n relacionados con la RSC<\/li>\n<li>Pol\u00edtica c\u00edvica: cumplimiento de las normas de salud y seguridad, bienestar de los asalariados<\/li>\n<li>Orientaci\u00f3n hacia un desarrollo sostenible: etiqueta Imprim\u2019Vert, sin uso de fenol, inversi\u00f3n en infraestructuras sostenibles, medidas de reducci\u00f3n de la huella de carbono, etc.<\/li>\n<li>Plan de acci\u00f3n de RSC inspirado directamente en la norma ISO 26000<\/li>\n<\/ul>\n<\/div>\n              <\/li>\n                            <li class=\"accordion-item\" data-accordion-item>\n                <a href=\"#\" class=\"accordion-title\">\n                  Nos hacemos verdes\n                  <span class=\"accordion-toggle\"><\/span>\n                <\/a>\n                <div class=\"accordion-content\" data-tab-content><ul>\n<li>Externalizaci\u00f3n del reciclaje de residuos al final de su vida \u00fatil a empresas comprometidas.<\/li>\n<li>Reducci\u00f3n de la huella ecol\u00f3gica: nuestros nuevos terminales son 100\u00a0% reciclables y utilizamos 30\u00a0kg menos de materias primas en su fabricaci\u00f3n, es decir, una reducci\u00f3n del 63\u00a0%.<\/li>\n<li>Fabricaci\u00f3n eficiente: reducci\u00f3n del 84\u00a0% del n\u00famero de etapas desde el corte a la manipulaci\u00f3n. Solo son necesarias 52 etapas en lugar de 312.<\/li>\n<li>Disminuci\u00f3n del 50\u00a0% del embalaje: el terminal interactivo Twana se embala con 16 tacos de espuma en lugar de 32. Se utiliza 1 caja de cart\u00f3n o en lugar de 3.<\/li>\n<\/ul>\n<\/div>\n              <\/li>\n                            <li class=\"accordion-item\" data-accordion-item>\n                <a href=\"#\" class=\"accordion-title\">\n                  Aprobaci\u00f3n de la SMETA\n                  <span class=\"accordion-toggle\"><\/span>\n                <\/a>\n                <div class=\"accordion-content\" data-tab-content><p>Como parte de su enfoque de RSC, ESII ha sido auditada para recibir la aprobaci\u00f3n de la SMETA (auditor\u00eda de comercio \u00e9tico de los miembros de Sedex, por sus siglas en ingl\u00e9s, Sedex Members Ethical Trade Audit). Durante la auditor\u00eda, las pr\u00e1cticas \u00e9ticas de la empresa se examinan en 4 ejes:<\/p>\n<h4>1- Medio ambiente<\/h4>\n<p>Las recomendaciones ecol\u00f3gicas de la SMETA adoptan varias formas con el objetivo, en particular, de limitar los residuos mediante el fomento del dise\u00f1o ecol\u00f3gico o incluso de reducir el impacto del carbono durante el transporte de los productos suministrados. Para lograrlo, ESII se compromete a: &#8211;\u00a0Dar preferencia a los proveedores locales &#8211;\u00a0Reducir y valorizar los residuos &#8211;\u00a0Dar preferencia a proveedores certificados (ISO 14001, Imprim\u2019Vert, etc.).<\/p>\n<h4>2- Derechos humanos<\/h4>\n<p>En este \u00e1mbito, las recomendaciones van m\u00e1s all\u00e1 del respeto a los derechos humanos dentro de las propias instalaciones de ESII. La empresa no establece ning\u00fan tipo de asociaci\u00f3n ni formaliza ning\u00fan contrato con empresas que no respeten la legislaci\u00f3n en la materia.<\/p>\n<h4>3- \u00c9tica empresarial<\/h4>\n<p>ESII se esfuerza por establecer relaciones provechosas para todos con sus proveedores y clientes. Esto incluye todos los aspectos comerciales: condiciones de pago, precio, etc. As\u00ed, se rechazan en todos los aspectos de la empresa las pr\u00e1cticas desleales para poner en jaque a los proveedores o la corrupci\u00f3n.<\/p>\n<h4>4- Beneficios para la comunidad<\/h4>\n<p>El enfoque con el que se compromete ESII concierne a todas las partes interesadas en su actividad. Adem\u00e1s de a clientes y proveedores, su enfoque tambi\u00e9n beneficia a sus empleados y a su entorno inmediato.<\/p>\n<\/div>\n              <\/li>\n                          <\/ul>\n          <\/div>\n        <\/div>\n      <\/div>\n    <\/div>\n  <\/div>\n<\/section>\n\n\n<section class=\"ps-block ps-block--heading\">\n  <div class=\"ps-block__container\">\n    <div class=\"ps-block__grid\">\n      <div class=\"ps-block__content\">\n        <div class=\"ps-block__body\">\n          <div class=\"ps-block__item\">\n            \n<h3>P\u00e1ginas relacionadas<\/h3>\n\n          <\/div>\n        <\/div>\n      <\/div>\n    <\/div>\n  <\/div>\n<\/section>\n\n\n<section class=\"ps-block ps-block--internal-links\">\n  <div class=\"ps-block__container\">\n    <div class=\"ps-block__grid\">\n      <svg class=\"ps-block__blob\" xmlns=\"http:\/\/www.w3.org\/2000\/svg\" width=\"641.356\" height=\"596.235\" viewBox=\"0 0 641.356 596.235\">\n        <path d=\"M544.187,105.65c61.378,63.04,107.514,153.039,95.156,238.475-12.77,85.436-83.21,166.311-173.423,211.932-89.8,45.207-198.963,55.161-287.116,14.931S23.506,440.345,5.381,343.3C-13.156,245.832,17.327,142.147,79.528,79.521c62.2-63.04,155.71-85.022,240.98-78.386S482.809,43.024,544.187,105.65Z\" fill=\"#f2f4f8\"\/>\n      <\/svg>\n      <ul class=\"ps-block__list\">\n                  <li class=\"posts__item\">\n  <article class=\"card\">\n          <div class=\"card__thumb\">\n          <figure class=\" lazy-image\">\n  <img loading=\"lazy\" decoding=\"async\" src=\"data:image\/svg+xml,%3Csvg xmlns='http:\/\/www.w3.org\/2000\/svg' viewBox='0 0 568 358'%3E%3C\/svg%3E\"\n       data-src=\"https:\/\/www.esii.com\/app\/uploads\/2022\/04\/entreprise-a-mission-568x358.webp\"\n       data-srcset=\"https:\/\/www.esii.com\/app\/uploads\/2022\/04\/entreprise-a-mission-568x358.webp 568w\"\n       sizes=\"auto, 568px\"\n       width=\"568\"\n       height=\"358\"\n       alt=\"entreprise-a-mission\"\n  >\n<\/figure>\n      <\/div>\n            <div class=\"card__content\">\n      <ul class=\"card__labels labels\">\n              <\/ul>\n      <h3 class=\"card__title\">\n        <a href=\"https:\/\/www.esii.com\/es\/empresa-con-mision\/\">Empresa con misi\u00f3n<\/a>\n      <\/h3>\n    <\/div>\n              <p class=\"card__excerpt card__excerptfix\">ESII est\u00e1 centrada en su misi\u00f3n en coherencia con su raz\u00f3n de ser, sus valores, su estrategia, sus compromisos de&hellip;<\/p>\n          <footer class=\"card__footer\">\n            <button class=\"card__link\" aria-label=\"Leer el art\u00edculo\">\n        <svg class=\"icon icon-chevron-right\">\n          <use xlink:href=\"https:\/\/www.esii.com\/app\/themes\/choosit\/dist\/img\/spritemap.svg#sprite-chevron-right\"><\/use>\n        <\/svg>\n      <\/button>\n    <\/footer>\n  <\/article>\n<\/li>\n                  <li class=\"posts__item\">\n  <article class=\"card\">\n          <div class=\"card__thumb\">\n          <figure class=\" lazy-image\">\n  <img loading=\"lazy\" decoding=\"async\" src=\"data:image\/svg+xml,%3Csvg xmlns='http:\/\/www.w3.org\/2000\/svg' viewBox='0 0 568 358'%3E%3C\/svg%3E\"\n       data-src=\"https:\/\/www.esii.com\/app\/uploads\/2022\/04\/QVT-a-ESII-568x358.png\"\n       data-srcset=\"https:\/\/www.esii.com\/app\/uploads\/2022\/04\/QVT-a-ESII-568x358.png 568w\"\n       sizes=\"auto, 568px\"\n       width=\"568\"\n       height=\"358\"\n       alt=\"QVT-a-ESII\"\n  >\n<\/figure>\n      <\/div>\n            <div class=\"card__content\">\n      <ul class=\"card__labels labels\">\n              <\/ul>\n      <h3 class=\"card__title\">\n        <a href=\"https:\/\/www.esii.com\/es\/calidad-de-vida-laboral\/\">Calidad de vida laboral<\/a>\n      <\/h3>\n    <\/div>\n              <p class=\"card__excerpt card__excerptfix\">La CVL es un sentimiento de bienestar en el trabajo que engloba el ambiente, la cultura de la empresa, el&hellip;<\/p>\n          <footer class=\"card__footer\">\n            <button class=\"card__link\" aria-label=\"Leer el art\u00edculo\">\n        <svg class=\"icon icon-chevron-right\">\n          <use xlink:href=\"https:\/\/www.esii.com\/app\/themes\/choosit\/dist\/img\/spritemap.svg#sprite-chevron-right\"><\/use>\n        <\/svg>\n      <\/button>\n    <\/footer>\n  <\/article>\n<\/li>\n                  <li class=\"posts__item\">\n  <article class=\"card\">\n          <div class=\"card__thumb\">\n          <figure class=\" lazy-image\">\n  <img loading=\"lazy\" decoding=\"async\" src=\"data:image\/svg+xml,%3Csvg xmlns='http:\/\/www.w3.org\/2000\/svg' viewBox='0 0 568 358'%3E%3C\/svg%3E\"\n       data-src=\"https:\/\/www.esii.com\/app\/uploads\/2022\/07\/esii-corporate-568x358.webp\"\n       data-srcset=\"https:\/\/www.esii.com\/app\/uploads\/2022\/07\/esii-corporate-568x358.webp 568w\"\n       sizes=\"auto, 568px\"\n       width=\"568\"\n       height=\"358\"\n       alt=\"esii solution\"\n  >\n<\/figure>\n      <\/div>\n            <div class=\"card__content\">\n      <ul class=\"card__labels labels\">\n              <\/ul>\n      <h3 class=\"card__title\">\n        <a href=\"https:\/\/www.esii.com\/es\/conozcanos-mejor\/\">Con\u00f3zcanos mejor<\/a>\n      <\/h3>\n    <\/div>\n              <p class=\"card__excerpt card__excerptfix\">ESII es una empresa que cuenta con 130 empleados repartidos en 3 sedes geogr\u00e1ficas en Francia (34-Lav\u00e9rune, sede social, 94-Cr\u00e9teil,&hellip;<\/p>\n          <footer class=\"card__footer\">\n            <button class=\"card__link\" aria-label=\"Leer el art\u00edculo\">\n        <svg class=\"icon icon-chevron-right\">\n          <use xlink:href=\"https:\/\/www.esii.com\/app\/themes\/choosit\/dist\/img\/spritemap.svg#sprite-chevron-right\"><\/use>\n        <\/svg>\n      <\/button>\n    <\/footer>\n  <\/article>\n<\/li>\n              <\/ul>\n    <\/div>\n  <\/div>\n<\/section>\n\n\n","protected":false},"excerpt":{"rendered":"<p>En ESII, nos esforzamos por mejorar constantemente nuestro rendimiento en un contexto de competencia en r\u00e1pida evoluci\u00f3n, pero manteni\u00e9ndonos fieles a nuestros compromisos: nuestros valores fundamentales, nuestra raz\u00f3n de ser y nuestros roles, nuestras normas internas y nuestro c\u00f3digo de conducta, la implementaci\u00f3n de planes de acci\u00f3n de RSC, nuestra voluntad de mejorar la calidad de vida laboral y nuestro funcionamiento como empresa razonablemente liberada.<\/p>\n","protected":false},"author":1,"featured_media":10095,"parent":0,"menu_order":22,"comment_status":"closed","ping_status":"closed","template":"","meta":{"inline_featured_image":false,"footnotes":""},"activity":[],"class_list":["post-8989","page","type-page","status-publish","has-post-thumbnail","hentry"],"acf":[],"_links":{"self":[{"href":"https:\/\/www.esii.com\/es\/wp-json\/wp\/v2\/pages\/8989","targetHints":{"allow":["GET"]}}],"collection":[{"href":"https:\/\/www.esii.com\/es\/wp-json\/wp\/v2\/pages"}],"about":[{"href":"https:\/\/www.esii.com\/es\/wp-json\/wp\/v2\/types\/page"}],"author":[{"embeddable":true,"href":"https:\/\/www.esii.com\/es\/wp-json\/wp\/v2\/users\/1"}],"replies":[{"embeddable":true,"href":"https:\/\/www.esii.com\/es\/wp-json\/wp\/v2\/comments?post=8989"}],"version-history":[{"count":0,"href":"https:\/\/www.esii.com\/es\/wp-json\/wp\/v2\/pages\/8989\/revisions"}],"wp:featuredmedia":[{"embeddable":true,"href":"https:\/\/www.esii.com\/es\/wp-json\/wp\/v2\/media\/10095"}],"wp:attachment":[{"href":"https:\/\/www.esii.com\/es\/wp-json\/wp\/v2\/media?parent=8989"}],"wp:term":[{"taxonomy":"activity","embeddable":true,"href":"https:\/\/www.esii.com\/es\/wp-json\/wp\/v2\/activity?post=8989"}],"curies":[{"name":"wp","href":"https:\/\/api.w.org\/{rel}","templated":true}]}}