{"id":8979,"date":"2022-03-21T16:50:36","date_gmt":"2022-03-21T15:50:36","guid":{"rendered":"https:\/\/www.esii.com\/ejecutar-un-proyecto-con-esii-2\/"},"modified":"2023-09-29T11:07:41","modified_gmt":"2023-09-29T09:07:41","slug":"ejecutar-un-proyecto-con-esii","status":"publish","type":"page","link":"https:\/\/www.esii.com\/es\/ejecutar-un-proyecto-con-esii\/","title":{"rendered":"Ejecutar un proyecto con ESII"},"content":{"rendered":"<section class=\"ps-block ps-block--intro\">\n  <div class=\"ps-block__container\">\n    <div class=\"ps-block__grid\">\n      <div class=\"ps-block__content\">\n        <p>La gesti\u00f3n del proyecto del cliente es un elemento clave del \u00e9xito de los proyectos de nuestros clientes. Nos encargamos de todo con los medios adecuados:<\/p>\n      <\/div>\n    <\/div>\n  <\/div>\n<\/section>\n\n\n<section class=\"ps-block ps-block--list\">\n  <div class=\"ps-block__container\">\n    <div class=\"ps-block__grid\">\n      <div class=\"ps-block__content\">\n        <div class=\"ps-block__body\">\n          <div class=\"ps-block__item\"><ul>\n                                <li>\n<li><strong>Ingenieros dedicados<\/strong> a las grandes cuentas<\/li>\n<\/li>\n                                <li>\n<li>Un <strong>enfoque adaptado al tama\u00f1o<\/strong> del proyecto<\/li>\n<\/li>\n                                <li>\n<li>Un <strong>interlocutor preferente<\/strong> durante toda la vida del proyecto, implicado <strong>desde la preventa<\/strong>, y muy <strong>involucrado en el entorno del cliente<\/strong><\/li>\n<\/li>\n                                <li>\n<li><strong>Gobernanza de proyecto<\/strong> (comit\u00e9s de pilotaje, seguimiento y proyecto)<\/li>\n<\/li>\n                                <li>\n<li>Redacci\u00f3n e intercambio de los <strong>documentos del proyecto<\/strong><\/li>\n<\/li>\n                                <li>\n<li>Gesti\u00f3n de los <strong>sitios piloto<\/strong><\/li>\n<\/li>\n                                <li>\n<li>Industrializaci\u00f3n de implementaciones masivas<\/li>\n<\/li>\n                                <li>\n<li>Un servicio <strong>en el centro de nuestra organizaci\u00f3n<\/strong><\/li>\n<\/li>\n                        <\/ul><\/div>\n        <\/div>\n      <\/div>\n    <\/div>\n  <\/div>\n<\/section>\n\n\n  <section class=\"ps-block ps-block--buttons\">\n    <div class=\"ps-block__container\">\n      <div class=\"ps-block__grid\">\n        <div class=\"ps-block__content\">\n          <div class=\"button-group\">\n                                    <a href=\"\/app\/uploads\/2023\/09\/ESII-DemarcheProjet_ES.pdf\" class=\"button\" target=\"_blank\">\n                <span>Ver el folleto<\/span>\n              <\/a>\n                                <\/div>\n        <\/div>\n      <\/div>\n    <\/div>\n  <\/section>\n\n\n<section class=\"ps-block ps-block--heading\">\n  <div class=\"ps-block__container\">\n    <div class=\"ps-block__grid\">\n      <div class=\"ps-block__content\">\n        <div class=\"ps-block__body\">\n          <div class=\"ps-block__item\">\n            \n<h2 class=\"wp-block-heading\" id=\"les-etapes-clefs-de-la-gestion-de-votre-projet\">Las etapas clave de la gesti\u00f3n de su proyecto<\/h2>\n\n          <\/div>\n        <\/div>\n      <\/div>\n    <\/div>\n  <\/div>\n<\/section>\n\n\n    \n  <section class=\"ps-block ps-block--image image-free\">\n    <div class=\"ps-block__container\">\n      <div class=\"ps-block__content\">\n        <figure class=\"lazy-image\">\n          <img loading=\"lazy\" decoding=\"async\"\n            src=\"data:image\/png;base64,iVBORw0KGgoAAAANSUhEUgAAAAEAAAABCAQAAAC1HAwCAAAAC0lEQVR42mNkYAAAAAYAAjCB0C8AAAAASUVORK5CYII=\"\n            data-src=\"https:\/\/www.esii.com\/app\/uploads\/2022\/05\/InfographieProjet-ES.webp\"\n            data-srcset=\"https:\/\/www.esii.com\/app\/uploads\/2022\/05\/InfographieProjet-ES-568x495.webp 568w, https:\/\/www.esii.com\/app\/uploads\/2022\/05\/InfographieProjet-ES.webp 1536w\"\n            sizes=\"auto, (max-width: 639px) 568px, 1536px\"\n            width=\"1536\"\n            height=\"0\"\n            alt=\"Las etapas clave de la gesti\u00f3n de su proyecto ESII\"\n            class=\"ps-block__img\"\n          >\n        <\/figure>\n\n              <\/div>\n    <\/div>\n  <\/section>\n\n\n<section class=\"ps-block ps-block--heading\">\n  <div class=\"ps-block__container\">\n    <div class=\"ps-block__grid\">\n      <div class=\"ps-block__content\">\n        <div class=\"ps-block__body\">\n          <div class=\"ps-block__item\">\n            \n<h2 class=\"wp-block-heading\" id=\"pages-liees\">P\u00e1ginas relacionadas<\/h2>\n\n          <\/div>\n        <\/div>\n      <\/div>\n    <\/div>\n  <\/div>\n<\/section>\n\n\n<section class=\"ps-block ps-block--internal-links\">\n  <div class=\"ps-block__container\">\n    <div class=\"ps-block__grid\">\n      <svg class=\"ps-block__blob\" xmlns=\"http:\/\/www.w3.org\/2000\/svg\" width=\"641.356\" height=\"596.235\" viewBox=\"0 0 641.356 596.235\">\n        <path d=\"M544.187,105.65c61.378,63.04,107.514,153.039,95.156,238.475-12.77,85.436-83.21,166.311-173.423,211.932-89.8,45.207-198.963,55.161-287.116,14.931S23.506,440.345,5.381,343.3C-13.156,245.832,17.327,142.147,79.528,79.521c62.2-63.04,155.71-85.022,240.98-78.386S482.809,43.024,544.187,105.65Z\" fill=\"#f2f4f8\"\/>\n      <\/svg>\n      <ul class=\"ps-block__list\">\n                  <li class=\"posts__item\">\n  <article class=\"card\">\n          <div class=\"card__thumb\">\n          <figure class=\" lazy-image\">\n  <img loading=\"lazy\" decoding=\"async\" src=\"data:image\/svg+xml,%3Csvg xmlns='http:\/\/www.w3.org\/2000\/svg' viewBox='0 0 568 358'%3E%3C\/svg%3E\"\n       data-src=\"https:\/\/www.esii.com\/app\/uploads\/2024\/10\/support-technique-esii-568x358.webp\"\n       data-srcset=\"https:\/\/www.esii.com\/app\/uploads\/2024\/10\/support-technique-esii-568x358.webp 568w\"\n       sizes=\"auto, 568px\"\n       width=\"568\"\n       height=\"358\"\n       alt=\"\"\n  >\n<\/figure>\n      <\/div>\n            <div class=\"card__content\">\n      <ul class=\"card__labels labels\">\n              <\/ul>\n      <h3 class=\"card__title\">\n        <a href=\"https:\/\/www.esii.com\/es\/soporte-tecnico-de-esii\/\">Soporte tecnico<\/a>\n      <\/h3>\n    <\/div>\n              <p class=\"card__excerpt card__excerptfix\">Abierto de 8:00 am a 6:30 pm de lunes a viernes.Toda la informaci\u00f3n \u00fatil sobre el soporte t\u00e9cnico de ESII.<\/p>\n          <footer class=\"card__footer\">\n            <button class=\"card__link\" aria-label=\"Leer el art\u00edculo\">\n        <svg class=\"icon icon-chevron-right\">\n          <use xlink:href=\"https:\/\/www.esii.com\/app\/themes\/choosit\/dist\/img\/spritemap.svg#sprite-chevron-right\"><\/use>\n        <\/svg>\n      <\/button>\n    <\/footer>\n  <\/article>\n<\/li>\n                  <li class=\"posts__item\">\n  <article class=\"card\">\n          <div class=\"card__thumb\">\n          <figure class=\" lazy-image\">\n  <img loading=\"lazy\" decoding=\"async\" src=\"data:image\/svg+xml,%3Csvg xmlns='http:\/\/www.w3.org\/2000\/svg' viewBox='0 0 568 358'%3E%3C\/svg%3E\"\n       data-src=\"https:\/\/www.esii.com\/app\/uploads\/2022\/07\/esii-corporate-568x358.webp\"\n       data-srcset=\"https:\/\/www.esii.com\/app\/uploads\/2022\/07\/esii-corporate-568x358.webp 568w\"\n       sizes=\"auto, 568px\"\n       width=\"568\"\n       height=\"358\"\n       alt=\"esii solution\"\n  >\n<\/figure>\n      <\/div>\n            <div class=\"card__content\">\n      <ul class=\"card__labels labels\">\n              <\/ul>\n      <h3 class=\"card__title\">\n        <a href=\"https:\/\/www.esii.com\/es\/conozcanos-mejor\/\">Con\u00f3zcanos mejor<\/a>\n      <\/h3>\n    <\/div>\n              <p class=\"card__excerpt card__excerptfix\">ESII es una empresa que cuenta con 130 empleados repartidos en 3 sedes geogr\u00e1ficas en Francia (34-Lav\u00e9rune, sede social, 94-Cr\u00e9teil,&hellip;<\/p>\n          <footer class=\"card__footer\">\n            <button class=\"card__link\" aria-label=\"Leer el art\u00edculo\">\n        <svg class=\"icon icon-chevron-right\">\n          <use xlink:href=\"https:\/\/www.esii.com\/app\/themes\/choosit\/dist\/img\/spritemap.svg#sprite-chevron-right\"><\/use>\n        <\/svg>\n      <\/button>\n    <\/footer>\n  <\/article>\n<\/li>\n                  <li class=\"posts__item\">\n  <article class=\"card\">\n          <div class=\"card__thumb\">\n          <figure class=\" lazy-image\">\n  <img loading=\"lazy\" decoding=\"async\" src=\"data:image\/svg+xml,%3Csvg xmlns='http:\/\/www.w3.org\/2000\/svg' viewBox='0 0 568 358'%3E%3C\/svg%3E\"\n       data-src=\"https:\/\/www.esii.com\/app\/uploads\/2022\/04\/securite-568x358.webp\"\n       data-srcset=\"https:\/\/www.esii.com\/app\/uploads\/2022\/04\/securite-568x358.webp 568w\"\n       sizes=\"auto, 568px\"\n       width=\"568\"\n       height=\"358\"\n       alt=\"securite ESII\"\n  >\n<\/figure>\n      <\/div>\n            <div class=\"card__content\">\n      <ul class=\"card__labels labels\">\n              <\/ul>\n      <h3 class=\"card__title\">\n        <a href=\"https:\/\/www.esii.com\/es\/experiencia-tecnica\/seguridad\/\">Seguridad<\/a>\n      <\/h3>\n    <\/div>\n              <p class=\"card__excerpt card__excerptfix\">Nuestra soluci\u00f3n Orion es completamente segura: implementamos los procesos y planes de seguridad adecuados para evitar cualquier intrusi\u00f3n en su&hellip;<\/p>\n          <footer class=\"card__footer\">\n            <button class=\"card__link\" aria-label=\"Leer el art\u00edculo\">\n        <svg class=\"icon icon-chevron-right\">\n          <use xlink:href=\"https:\/\/www.esii.com\/app\/themes\/choosit\/dist\/img\/spritemap.svg#sprite-chevron-right\"><\/use>\n        <\/svg>\n      <\/button>\n    <\/footer>\n  <\/article>\n<\/li>\n              <\/ul>\n    <\/div>\n  <\/div>\n<\/section>\n\n\n","protected":false},"excerpt":{"rendered":"<p>ESII se honra de acompa\u00f1ar a sus clientes.<\/p>\n","protected":false},"author":1,"featured_media":10133,"parent":0,"menu_order":24,"comment_status":"closed","ping_status":"closed","template":"","meta":{"inline_featured_image":false,"footnotes":""},"activity":[],"class_list":["post-8979","page","type-page","status-publish","has-post-thumbnail","hentry"],"acf":[],"_links":{"self":[{"href":"https:\/\/www.esii.com\/es\/wp-json\/wp\/v2\/pages\/8979","targetHints":{"allow":["GET"]}}],"collection":[{"href":"https:\/\/www.esii.com\/es\/wp-json\/wp\/v2\/pages"}],"about":[{"href":"https:\/\/www.esii.com\/es\/wp-json\/wp\/v2\/types\/page"}],"author":[{"embeddable":true,"href":"https:\/\/www.esii.com\/es\/wp-json\/wp\/v2\/users\/1"}],"replies":[{"embeddable":true,"href":"https:\/\/www.esii.com\/es\/wp-json\/wp\/v2\/comments?post=8979"}],"version-history":[{"count":0,"href":"https:\/\/www.esii.com\/es\/wp-json\/wp\/v2\/pages\/8979\/revisions"}],"wp:featuredmedia":[{"embeddable":true,"href":"https:\/\/www.esii.com\/es\/wp-json\/wp\/v2\/media\/10133"}],"wp:attachment":[{"href":"https:\/\/www.esii.com\/es\/wp-json\/wp\/v2\/media?parent=8979"}],"wp:term":[{"taxonomy":"activity","embeddable":true,"href":"https:\/\/www.esii.com\/es\/wp-json\/wp\/v2\/activity?post=8979"}],"curies":[{"name":"wp","href":"https:\/\/api.w.org\/{rel}","templated":true}]}}