{"id":8977,"date":"2022-03-21T16:50:14","date_gmt":"2022-03-21T15:50:14","guid":{"rendered":"https:\/\/www.esii.com\/hospedaje-de-nuestras-soluciones\/"},"modified":"2025-12-08T15:29:16","modified_gmt":"2025-12-08T14:29:16","slug":"hospedaje-de-nuestras-soluciones","status":"publish","type":"page","link":"https:\/\/www.esii.com\/es\/experiencia-tecnica\/hospedaje-de-nuestras-soluciones\/","title":{"rendered":"Hospedaje de nuestras soluciones"},"content":{"rendered":"<section class=\"ps-block ps-block--heading\">\n  <div class=\"ps-block__container\">\n    <div class=\"ps-block__grid\">\n      <div class=\"ps-block__content\">\n        <div class=\"ps-block__body\">\n          <div class=\"ps-block__item\">\n            \n<h3 class=\"wp-block-heading\">Plataforma SaaS<\/h3>\n\n          <\/div>\n        <\/div>\n      <\/div>\n    <\/div>\n  <\/div>\n<\/section>\n\n\n<section class=\"ps-block ps-block--paragraph\">\n  <div class=\"ps-block__container\">\n    <div class=\"ps-block__grid\">\n      <div class=\"ps-block__content\">\n        <div class=\"ps-block__body\">\n          <div class=\"ps-block__item\">\n            \n<p>ESII ofrece Orion, una nueva soluci\u00f3n de gesti\u00f3n de recepci\u00f3n y filas de espera que funciona en modo SaaS para proporcionar mayor flexibilidad a sus clientes.<\/p>\n\n          <\/div>\n        <\/div>\n      <\/div>\n    <\/div>\n  <\/div>\n<\/section>\n\n\n<section class=\"ps-block ps-block--heading\">\n  <div class=\"ps-block__container\">\n    <div class=\"ps-block__grid\">\n      <div class=\"ps-block__content\">\n        <div class=\"ps-block__body\">\n          <div class=\"ps-block__item\">\n            \n<h3 class=\"wp-block-heading\">Ventajas del modo SaaS<\/h3>\n\n          <\/div>\n        <\/div>\n      <\/div>\n    <\/div>\n  <\/div>\n<\/section>\n\n\n<section class=\"ps-block ps-block--list\">\n  <div class=\"ps-block__container\">\n    <div class=\"ps-block__grid\">\n      <div class=\"ps-block__content\">\n        <div class=\"ps-block__body\">\n          <div class=\"ps-block__item\"><ul>\n                                <li>\n<li>Siempre tendr\u00e1 la <strong>\u00faltima versi\u00f3n disponible<\/strong> (correcci\u00f3n de fallos + nuevas funciones incluidas)<\/li>\n<\/li>\n                                <li>\n<li>Regularmente, la plataforma se <strong>actualiza en funci\u00f3n de las recomendaciones del W3C<\/strong> y de los editores de middleware (gesti\u00f3n autom\u00e1tica de fallos de seguridad)<\/li>\n<\/li>\n                                <li>\n<li><strong>Plataforma m\u00e1s segura <\/strong>que una plataforma interna <strong>(PCA)<\/strong><\/li>\n<\/li>\n                                <li>\n<li><strong>Flexibilidad<\/strong> para aumentar o disminuir las licencias<\/li>\n<\/li>\n                                <li>\n<li><strong>Contrato de mantenimiento incluido<\/strong> con soporte prioritario<\/li>\n<\/li>\n                                <li>\n<li><strong>Beneficio medioambiental \u00ab&nbsp;Green IT&nbsp;\u00bb<\/strong>&nbsp;: Optimizaci\u00f3n del uso de los servidores, uso de energ\u00edas renovables en los centros de datos, reducci\u00f3n del papel y de la huella de carbono, innovaci\u00f3n energ\u00e9tica (componentes de \u00faltima generaci\u00f3n con mejor rendimiento energ\u00e9tico).<\/li>\n<\/li>\n                        <\/ul><\/div>\n        <\/div>\n      <\/div>\n    <\/div>\n  <\/div>\n<\/section>\n\n\n<section class=\"ps-block ps-block--info\">\n  <div class=\"ps-block__container\">\n    <div class=\"ps-block__grid\">\n      <div class=\"ps-block__content\">\n        <p>\n          Los datos est\u00e1n hospedados en Francia. La soluci\u00f3n es compatible con el RGPD.\n        <\/p>\n      <\/div>\n    <\/div>\n  <\/div>\n<\/section>\n\n\n<section class=\"ps-block ps-block--heading\">\n  <div class=\"ps-block__container\">\n    <div class=\"ps-block__grid\">\n      <div class=\"ps-block__content\">\n        <div class=\"ps-block__body\">\n          <div class=\"ps-block__item\">\n            \n<h3 class=\"wp-block-heading\"><br>\u00bfPor qu\u00e9 nuestros clientes eligen Orion?<\/h3>\n\n          <\/div>\n        <\/div>\n      <\/div>\n    <\/div>\n  <\/div>\n<\/section>\n\n\n<section class=\"ps-block ps-block--items-grid\">\n  <div class=\"ps-block__container\">\n    <div class=\"ps-block__grid\">\n      <div class=\"ps-block__content\">\n        <div class=\"ps-block__body\">\n                      <div class=\"ps-block__item\">\n                                                  <figure class=\"ps-block__img lazy-image\">\n  <img loading=\"lazy\" decoding=\"async\" src=\"data:image\/svg+xml,%3Csvg xmlns='http:\/\/www.w3.org\/2000\/svg' viewBox='0 0 120 120'%3E%3C\/svg%3E\"\n       data-src=\"https:\/\/www.esii.com\/app\/uploads\/2022\/01\/Picto_120x120_Saas.png\"\n       data-srcset=\"https:\/\/www.esii.com\/app\/uploads\/2022\/01\/Picto_120x120_Saas.png 330w\"\n       sizes=\"auto, 330px\"\n       width=\"120\"\n       height=\"120\"\n       alt=\"Picto 120x120 SaaS\"\n  >\n<\/figure>\n                                                  <div class=\"ps-block__item__caption\">\n                                                              <span class=\"ps-block__item__caption--title\">\n                        Plataforma SaaS de alta disponibilidad: 24\/7 y SLA de 99,9%\n                      <\/span>\n                                      <\/div>\n                                          <\/div>\n                      <div class=\"ps-block__item\">\n                                                  <figure class=\"ps-block__img lazy-image\">\n  <img loading=\"lazy\" decoding=\"async\" src=\"data:image\/svg+xml,%3Csvg xmlns='http:\/\/www.w3.org\/2000\/svg' viewBox='0 0 120 120'%3E%3C\/svg%3E\"\n       data-src=\"https:\/\/www.esii.com\/app\/uploads\/2022\/01\/Picto_120x120_Bande-Passante.png\"\n       data-srcset=\"https:\/\/www.esii.com\/app\/uploads\/2022\/01\/Picto_120x120_Bande-Passante.png 330w\"\n       sizes=\"auto, 330px\"\n       width=\"120\"\n       height=\"120\"\n       alt=\"Picto 120x120 Ancho de Banda\"\n  >\n<\/figure>\n                                                  <div class=\"ps-block__item__caption\">\n                                                              <span class=\"ps-block__item__caption--title\">\n                        Ancho de banda 20\u00a0Mpbs\n                      <\/span>\n                                      <\/div>\n                                          <\/div>\n                      <div class=\"ps-block__item\">\n                                                  <figure class=\"ps-block__img lazy-image\">\n  <img loading=\"lazy\" decoding=\"async\" src=\"data:image\/svg+xml,%3Csvg xmlns='http:\/\/www.w3.org\/2000\/svg' viewBox='0 0 120 120'%3E%3C\/svg%3E\"\n       data-src=\"https:\/\/www.esii.com\/app\/uploads\/2022\/01\/Picto_120x120_Hebergement.png\"\n       data-srcset=\"https:\/\/www.esii.com\/app\/uploads\/2022\/01\/Picto_120x120_Hebergement.png 330w\"\n       sizes=\"auto, 330px\"\n       width=\"120\"\n       height=\"120\"\n       alt=\"Picto 120x120 Hospedaje\"\n  >\n<\/figure>\n                                                  <div class=\"ps-block__item__caption\">\n                                                              <span class=\"ps-block__item__caption--title\">\n                        2 centros de hospedaje en load-balancing: PCA garantizado\n                      <\/span>\n                                      <\/div>\n                                          <\/div>\n                  <\/div>\n      <\/div>\n    <\/div>\n  <\/div>\n<\/section>\n\n\n\n<section class=\"ps-block ps-block--textimage image-left\">\n  <div class=\"ps-block__container\">\n    <div class=\"ps-block__grid\">\n\n      <div class=\"ps-block__img\">\n        <figure class=\"lazy-image\">\n          <img loading=\"lazy\" decoding=\"async\" src=\"data:image\/svg+xml,%3Csvg xmlns='http:\/\/www.w3.org\/2000\/svg' viewBox='0 0 600 600'%3E%3C\/svg%3E\"\n               data-src=\"https:\/\/www.esii.com\/app\/uploads\/2022\/02\/388x388-1.png\"\n               data-srcset=\"https:\/\/www.esii.com\/app\/uploads\/2022\/02\/388x388-1.png 600w\"\n               sizes=\"auto, 600px\"\n               alt=\"\"\n               width=\"600\"\n               height=\"600\"\n          >\n        <\/figure>\n      <\/div>\n\n      <div class=\"ps-block__body\">\n                  <h3 class=\"ps-block__suptitle suptitle\">Hospedaje en Francia<\/h3>\n                                  <div class=\"ps-block__text\">\n            <p>La soluci\u00f3n Orion para Europa est\u00e1 hospedada en <strong>Francia (certificado ISO 27001)<\/strong>.<\/p>\n<p>Los datos est\u00e1n hospedados en <strong>centros de datos en Francia<\/strong>.<\/p>\n<p>La base de datos\u00a0MongoDB\u00a0es segura y garantiza que <strong>solo puedan acceder a ella las API Orion<\/strong>.<\/p>\n<p>La conformidad de la infraestructura con las normas sanitarias (ISO\/CEI 27001\/HDS) proporciona el <strong>nivel de seguridad que requieren los datos sensibles<\/strong>, en todo caso, superior al de los datos personales.<\/p>\n<p>Los <strong>datos personales<\/strong> (apellidos, nombre, identificador, correo electr\u00f3nico, tel\u00e9fono fijo y m\u00f3vil, c\u00f3digo postal, etc.) est\u00e1n almacenados\u00a0en la <strong>base de datos segura<\/strong>.<\/p>\n\n          <\/div>\n                      <\/div>\n    <\/div>\n  <\/div>\n<\/section>\n\n\n\n<section class=\"ps-block ps-block--cta\">\n  <div class=\"ps-block__container\">\n    <div class=\"ps-block__bg\">\n      <div class=\"ps-block__blob\">\n        <svg xmlns=\"http:\/\/www.w3.org\/2000\/svg\" width=\"789.469\" height=\"728.959\" viewBox=\"0 0 789.469 728.959\">\n          <path d=\"M669.861,129.168C745.413,206.241,802.2,316.274,786.992,420.729,771.273,525.184,684.566,624.061,573.519,679.838c-110.54,55.27-244.911,67.439-353.423,18.254S28.934,538.367,6.623,419.715c-22.818-119.16,14.7-245.925,91.271-322.492C174.461,20.149,289.564-6.725,394.526,1.388S594.309,52.6,669.861,129.168Z\" transform=\"translate(0 0)\" fill=\"#2b2d33\"\/>\n        <\/svg>\n      <\/div>\n    <\/div>\n    <div class=\"ps-block__grid\">\n      <div class=\"ps-block__content\">\n        <div class=\"ps-block__body\">\n\n                      <div class=\"ps-block__heading\">\n                                            <span class=\"ps-block__title\">\u00bfAlguna pregunta?<\/span>\n                          <\/div>\n          \n                      <p class=\"ps-block__txt\">Rellene el formulario y le llamaremos para responder a todas sus preguntas.<\/p>\n          \n          <div class=\"ps-block__button\">\n            <a href=\"\/es\/contactenos\/\" class=\"button button--icon\" target=\"\">\n              <span>Ir al formulario<\/span>\n              <svg class=\"icon icon-arrow-right\">\n                <use xlink:href=\"https:\/\/www.esii.com\/app\/themes\/choosit\/dist\/img\/spritemap.svg#sprite-arrow-right\"><\/use>\n              <\/svg>\n            <\/a>\n          <\/div>\n        <\/div>\n\n      <\/div>\n    <\/div>\n  <\/div>\n<\/section>\n\n\n\n<section class=\"ps-block ps-block--heading\">\n  <div class=\"ps-block__container\">\n    <div class=\"ps-block__grid\">\n      <div class=\"ps-block__content\">\n        <div class=\"ps-block__body\">\n          <div class=\"ps-block__item\">\n            \n<h3 class=\"wp-block-heading\" id=\"hds\">Hospedaje de los datos de salud<\/h3>\n\n          <\/div>\n        <\/div>\n      <\/div>\n    <\/div>\n  <\/div>\n<\/section>\n\n\n<section class=\"ps-block ps-block--paragraph\">\n  <div class=\"ps-block__container\">\n    <div class=\"ps-block__grid\">\n      <div class=\"ps-block__content\">\n        <div class=\"ps-block__body\">\n          <div class=\"ps-block__item\">\n            \n<p>Hemos optado por crear nuestra propia <strong>Nube Sanitaria, completamente dedicada a los proyectos de nuestros clientes y en asociaci\u00f3n con un proveedor de hospedaje reconocido y experimentado, con certificaci\u00f3n HDS<\/strong> y sus propios centros de datos.<\/p>\n\n          <\/div>\n        <\/div>\n      <\/div>\n    <\/div>\n  <\/div>\n<\/section>\n\n\n<section class=\"ps-block ps-block--paragraph\">\n  <div class=\"ps-block__container\">\n    <div class=\"ps-block__grid\">\n      <div class=\"ps-block__content\">\n        <div class=\"ps-block__body\">\n          <div class=\"ps-block__item\">\n            \n<p>ESII sigue siendo su \u00fanico interlocutor para la gesti\u00f3n de sus proyectos de hospedaje y le permite migrar f\u00e1cilmente a la nube. Con nuestra propuesta de Nube Sanitaria, podr\u00e1 disfrutar de <strong>mayores niveles de disponibilidad, rendimiento y seguridad. <\/strong>Le ofrecemos protecci\u00f3n contra la p\u00e9rdida de datos y le garantizamos la continuidad del servicio.<\/p>\n\n          <\/div>\n        <\/div>\n      <\/div>\n    <\/div>\n  <\/div>\n<\/section>\n\n\n<section class=\"ps-block ps-block--info\">\n  <div class=\"ps-block__container\">\n    <div class=\"ps-block__grid\">\n      <div class=\"ps-block__content\">\n        <p>\n          Los datos personales de salud de los usuarios se hospedan en Microsoft Azur, que cuenta con la certificaci\u00f3n HDS (proveedor de hospedaje de datos sanitarios), validada por la ANS (agencia francesa de salud digital).\r\n\n        <\/p>\n      <\/div>\n    <\/div>\n  <\/div>\n<\/section>\n\n\n<section class=\"ps-block ps-block--heading\">\n  <div class=\"ps-block__container\">\n    <div class=\"ps-block__grid\">\n      <div class=\"ps-block__content\">\n        <div class=\"ps-block__body\">\n          <div class=\"ps-block__item\">\n            \n<h3 class=\"wp-block-heading\">Caracter\u00edsticas de nuestro hospedaje HDS<\/h3>\n\n          <\/div>\n        <\/div>\n      <\/div>\n    <\/div>\n  <\/div>\n<\/section>\n\n\n<section class=\"ps-block ps-block--list\">\n  <div class=\"ps-block__container\">\n    <div class=\"ps-block__grid\">\n      <div class=\"ps-block__content\">\n        <div class=\"ps-block__body\">\n          <div class=\"ps-block__item\"><ul>\n                                <li>\n<li><strong>Infraestructuras HDS aisladas en el proveedor de hospedaje en un cl\u00faster aparte (no est\u00e1n mezcladas con plataformas no HDS)<\/strong><\/li>\n<\/li>\n                                <li>\n<li><strong>Antivirus TrendMicro en todas las m\u00e1quinas virtuales (incluyendo Linux)<\/strong><\/li>\n<\/li>\n                                <li>\n<li><strong>Escaneo mensual de vulnerabilidad Tenable en las IP p\u00fablicas (permite identificar agujeros de seguridad abiertos en Internet para corregirlos)<\/strong><\/li>\n<\/li>\n                                <li>\n<li><strong>Seguridad de acceso: el acceso a la plataforma est\u00e1 protegido por un basti\u00f3n (Wallix)<\/strong><\/li>\n<\/li>\n                                <li>\n<li><strong>Cuentas nominativas para los administradores<\/strong><\/li>\n<\/li>\n                                <li>\n<li><strong>Trazabilidad de las acciones de administraci\u00f3n<\/strong><\/li>\n<\/li>\n                                <li>\n<li><strong>Centralizaci\u00f3n y an\u00e1lisis de registros: los registros de producci\u00f3n se conservan 6 meses<\/strong><\/li>\n<\/li>\n                                <li>\n<li><strong>Matriz de responsabilidad<\/strong><\/li>\n<\/li>\n                                <li>\n<li><strong>Pol\u00edtica de copias de seguridad y test de restauraci\u00f3n<\/strong><\/li>\n<\/li>\n                                <li>\n<li><strong>Monitorizaci\u00f3n de seguridad y pol\u00edtica de actualizaci\u00f3n de vulnerabilidades<\/strong><\/li>\n<\/li>\n                                <li>\n<li><strong>Supervisi\u00f3n y monitorizaci\u00f3n<\/strong><\/li>\n<\/li>\n                                <li>\n<li><strong>Infraestructura en PCA: cl\u00faster activo\/activo en dos centros de datos<\/strong><\/li>\n<\/li>\n                                <li>\n<li><strong>Cl\u00faster de firewall espec\u00edfico de protecci\u00f3n anti DDoS: contra ataques masivos<\/strong><\/li>\n<\/li>\n                        <\/ul><\/div>\n        <\/div>\n      <\/div>\n    <\/div>\n  <\/div>\n<\/section>\n\n\n<section class=\"ps-block ps-block--cta\">\n  <div class=\"ps-block__container\">\n    <div class=\"ps-block__bg\">\n      <div class=\"ps-block__blob\">\n        <svg xmlns=\"http:\/\/www.w3.org\/2000\/svg\" width=\"789.469\" height=\"728.959\" viewBox=\"0 0 789.469 728.959\">\n          <path d=\"M669.861,129.168C745.413,206.241,802.2,316.274,786.992,420.729,771.273,525.184,684.566,624.061,573.519,679.838c-110.54,55.27-244.911,67.439-353.423,18.254S28.934,538.367,6.623,419.715c-22.818-119.16,14.7-245.925,91.271-322.492C174.461,20.149,289.564-6.725,394.526,1.388S594.309,52.6,669.861,129.168Z\" transform=\"translate(0 0)\" fill=\"#2b2d33\"\/>\n        <\/svg>\n      <\/div>\n    <\/div>\n    <div class=\"ps-block__grid\">\n      <div class=\"ps-block__content\">\n        <div class=\"ps-block__body\">\n\n                      <div class=\"ps-block__heading\">\n                                            <span class=\"ps-block__title\">\u00bfAlguna pregunta?<\/span>\n                          <\/div>\n          \n                      <p class=\"ps-block__txt\">Rellene el formulario y le llamaremos para responder a todas sus preguntas.<\/p>\n          \n          <div class=\"ps-block__button\">\n            <a href=\"\/es\/contactenos\/\" class=\"button button--icon\" target=\"\">\n              <span>Ir al formulario<\/span>\n              <svg class=\"icon icon-arrow-right\">\n                <use xlink:href=\"https:\/\/www.esii.com\/app\/themes\/choosit\/dist\/img\/spritemap.svg#sprite-arrow-right\"><\/use>\n              <\/svg>\n            <\/a>\n          <\/div>\n        <\/div>\n\n      <\/div>\n    <\/div>\n  <\/div>\n<\/section>\n\n\n\n<section class=\"ps-block ps-block--heading\">\n  <div class=\"ps-block__container\">\n    <div class=\"ps-block__grid\">\n      <div class=\"ps-block__content\">\n        <div class=\"ps-block__body\">\n          <div class=\"ps-block__item\">\n            \n<h2 class=\"wp-block-heading\">P\u00e1ginas relacionadas<\/h2>\n\n          <\/div>\n        <\/div>\n      <\/div>\n    <\/div>\n  <\/div>\n<\/section>\n\n\n<section class=\"ps-block ps-block--internal-links\">\n  <div class=\"ps-block__container\">\n    <div class=\"ps-block__grid\">\n      <svg class=\"ps-block__blob\" xmlns=\"http:\/\/www.w3.org\/2000\/svg\" width=\"641.356\" height=\"596.235\" viewBox=\"0 0 641.356 596.235\">\n        <path d=\"M544.187,105.65c61.378,63.04,107.514,153.039,95.156,238.475-12.77,85.436-83.21,166.311-173.423,211.932-89.8,45.207-198.963,55.161-287.116,14.931S23.506,440.345,5.381,343.3C-13.156,245.832,17.327,142.147,79.528,79.521c62.2-63.04,155.71-85.022,240.98-78.386S482.809,43.024,544.187,105.65Z\" fill=\"#f2f4f8\"\/>\n      <\/svg>\n      <ul class=\"ps-block__list\">\n                  <li class=\"posts__item\">\n  <article class=\"card\">\n          <div class=\"card__thumb\">\n          <figure class=\" lazy-image\">\n  <img loading=\"lazy\" decoding=\"async\" src=\"data:image\/svg+xml,%3Csvg xmlns='http:\/\/www.w3.org\/2000\/svg' viewBox='0 0 568 358'%3E%3C\/svg%3E\"\n       data-src=\"https:\/\/www.esii.com\/app\/uploads\/2022\/04\/interoperabilite-esii-568x358.webp\"\n       data-srcset=\"https:\/\/www.esii.com\/app\/uploads\/2022\/04\/interoperabilite-esii-568x358.webp 568w\"\n       sizes=\"auto, 568px\"\n       width=\"568\"\n       height=\"358\"\n       alt=\"interoperabilite-esii\"\n  >\n<\/figure>\n      <\/div>\n            <div class=\"card__content\">\n      <ul class=\"card__labels labels\">\n              <\/ul>\n      <h3 class=\"card__title\">\n        <a href=\"https:\/\/www.esii.com\/es\/experiencia-tecnica\/integracion\/\">Integraci\u00f3n<\/a>\n      <\/h3>\n    <\/div>\n              <p class=\"card__excerpt card__excerptfix\">Nuestras API han sido creadas para proporcionarle la m\u00e1xima flexibilidad y una escalabilidad permanente. Permiten que las aplicaciones interact\u00faen directamente&hellip;<\/p>\n          <footer class=\"card__footer\">\n            <button class=\"card__link\" aria-label=\"Leer el art\u00edculo\">\n        <svg class=\"icon icon-chevron-right\">\n          <use xlink:href=\"https:\/\/www.esii.com\/app\/themes\/choosit\/dist\/img\/spritemap.svg#sprite-chevron-right\"><\/use>\n        <\/svg>\n      <\/button>\n    <\/footer>\n  <\/article>\n<\/li>\n                  <li class=\"posts__item\">\n  <article class=\"card\">\n          <div class=\"card__thumb\">\n          <figure class=\" lazy-image\">\n  <img loading=\"lazy\" decoding=\"async\" src=\"data:image\/svg+xml,%3Csvg xmlns='http:\/\/www.w3.org\/2000\/svg' viewBox='0 0 568 358'%3E%3C\/svg%3E\"\n       data-src=\"https:\/\/www.esii.com\/app\/uploads\/2022\/04\/server-esii-568x358.webp\"\n       data-srcset=\"https:\/\/www.esii.com\/app\/uploads\/2022\/04\/server-esii-568x358.webp 568w\"\n       sizes=\"auto, 568px\"\n       width=\"568\"\n       height=\"358\"\n       alt=\"server-esii\"\n  >\n<\/figure>\n      <\/div>\n            <div class=\"card__content\">\n      <ul class=\"card__labels labels\">\n              <\/ul>\n      <h3 class=\"card__title\">\n        <a href=\"https:\/\/www.esii.com\/es\/experiencia-tecnica\/esii-y-las-directrices-del-rgpd\/\">ESII y las directrices del RGPD<\/a>\n      <\/h3>\n    <\/div>\n              <p class=\"card__excerpt card__excerptfix\">Nuestras soluciones cumplen las normas del RGPD.<\/p>\n          <footer class=\"card__footer\">\n            <button class=\"card__link\" aria-label=\"Leer el art\u00edculo\">\n        <svg class=\"icon icon-chevron-right\">\n          <use xlink:href=\"https:\/\/www.esii.com\/app\/themes\/choosit\/dist\/img\/spritemap.svg#sprite-chevron-right\"><\/use>\n        <\/svg>\n      <\/button>\n    <\/footer>\n  <\/article>\n<\/li>\n                  <li class=\"posts__item\">\n  <article class=\"card\">\n          <div class=\"card__thumb\">\n          <figure class=\" lazy-image\">\n  <img loading=\"lazy\" decoding=\"async\" src=\"data:image\/svg+xml,%3Csvg xmlns='http:\/\/www.w3.org\/2000\/svg' viewBox='0 0 568 358'%3E%3C\/svg%3E\"\n       data-src=\"https:\/\/www.esii.com\/app\/uploads\/2022\/04\/securite-568x358.webp\"\n       data-srcset=\"https:\/\/www.esii.com\/app\/uploads\/2022\/04\/securite-568x358.webp 568w\"\n       sizes=\"auto, 568px\"\n       width=\"568\"\n       height=\"358\"\n       alt=\"securite ESII\"\n  >\n<\/figure>\n      <\/div>\n            <div class=\"card__content\">\n      <ul class=\"card__labels labels\">\n              <\/ul>\n      <h3 class=\"card__title\">\n        <a href=\"https:\/\/www.esii.com\/es\/experiencia-tecnica\/seguridad\/\">Seguridad<\/a>\n      <\/h3>\n    <\/div>\n              <p class=\"card__excerpt card__excerptfix\">Nuestra soluci\u00f3n Orion es completamente segura: implementamos los procesos y planes de seguridad adecuados para evitar cualquier intrusi\u00f3n en su&hellip;<\/p>\n          <footer class=\"card__footer\">\n            <button class=\"card__link\" aria-label=\"Leer el art\u00edculo\">\n        <svg class=\"icon icon-chevron-right\">\n          <use xlink:href=\"https:\/\/www.esii.com\/app\/themes\/choosit\/dist\/img\/spritemap.svg#sprite-chevron-right\"><\/use>\n        <\/svg>\n      <\/button>\n    <\/footer>\n  <\/article>\n<\/li>\n              <\/ul>\n    <\/div>\n  <\/div>\n<\/section>\n\n\n","protected":false},"excerpt":{"rendered":"<p>Si desea m\u00e1s informaci\u00f3n sobre la plataforma SaaS de nuestra soluci\u00f3n Orion y sus especificidades, no dude en ponerse en contacto con nosotros.<\/p>\n","protected":false},"author":1,"featured_media":10161,"parent":9000,"menu_order":3,"comment_status":"closed","ping_status":"closed","template":"","meta":{"inline_featured_image":false,"footnotes":""},"activity":[],"class_list":["post-8977","page","type-page","status-publish","has-post-thumbnail","hentry"],"acf":[],"_links":{"self":[{"href":"https:\/\/www.esii.com\/es\/wp-json\/wp\/v2\/pages\/8977","targetHints":{"allow":["GET"]}}],"collection":[{"href":"https:\/\/www.esii.com\/es\/wp-json\/wp\/v2\/pages"}],"about":[{"href":"https:\/\/www.esii.com\/es\/wp-json\/wp\/v2\/types\/page"}],"author":[{"embeddable":true,"href":"https:\/\/www.esii.com\/es\/wp-json\/wp\/v2\/users\/1"}],"replies":[{"embeddable":true,"href":"https:\/\/www.esii.com\/es\/wp-json\/wp\/v2\/comments?post=8977"}],"version-history":[{"count":2,"href":"https:\/\/www.esii.com\/es\/wp-json\/wp\/v2\/pages\/8977\/revisions"}],"predecessor-version":[{"id":29005,"href":"https:\/\/www.esii.com\/es\/wp-json\/wp\/v2\/pages\/8977\/revisions\/29005"}],"up":[{"embeddable":true,"href":"https:\/\/www.esii.com\/es\/wp-json\/wp\/v2\/pages\/9000"}],"wp:featuredmedia":[{"embeddable":true,"href":"https:\/\/www.esii.com\/es\/wp-json\/wp\/v2\/media\/10161"}],"wp:attachment":[{"href":"https:\/\/www.esii.com\/es\/wp-json\/wp\/v2\/media?parent=8977"}],"wp:term":[{"taxonomy":"activity","embeddable":true,"href":"https:\/\/www.esii.com\/es\/wp-json\/wp\/v2\/activity?post=8977"}],"curies":[{"name":"wp","href":"https:\/\/api.w.org\/{rel}","templated":true}]}}