{"id":8971,"date":"2022-03-21T16:49:28","date_gmt":"2022-03-21T15:49:28","guid":{"rendered":"https:\/\/www.esii.com\/business-intelligence\/"},"modified":"2024-03-27T09:37:33","modified_gmt":"2024-03-27T08:37:33","slug":"business-intelligence","status":"publish","type":"page","link":"https:\/\/www.esii.com\/es\/sus-necesidades\/business-intelligence\/","title":{"rendered":"Business Intelligence"},"content":{"rendered":"<section class=\"ps-block ps-block--heading\">\n  <div class=\"ps-block__container\">\n    <div class=\"ps-block__grid\">\n      <div class=\"ps-block__content\">\n        <div class=\"ps-block__body\">\n          <div class=\"ps-block__item\">\n            \n<h3 class=\"wp-block-heading\">Adaptarse y mejorar tras cada interacci\u00f3n con el cliente<\/h3>\n\n          <\/div>\n        <\/div>\n      <\/div>\n    <\/div>\n  <\/div>\n<\/section>\n\n\n<section class=\"ps-block ps-block--heading\">\n  <div class=\"ps-block__container\">\n    <div class=\"ps-block__grid\">\n      <div class=\"ps-block__content\">\n        <div class=\"ps-block__body\">\n          <div class=\"ps-block__item\">\n            \n<h4 class=\"wp-block-heading\">Todo comienza con la satisfacci\u00f3n del cliente<\/h4>\n\n          <\/div>\n        <\/div>\n      <\/div>\n    <\/div>\n  <\/div>\n<\/section>\n\n\n<section class=\"ps-block ps-block--paragraph\">\n  <div class=\"ps-block__container\">\n    <div class=\"ps-block__grid\">\n      <div class=\"ps-block__content\">\n        <div class=\"ps-block__body\">\n          <div class=\"ps-block__item\">\n            \n<p>Orion BI es una potente soluci\u00f3n capaz de extraer informaci\u00f3n exhaustiva en t\u00e9rminos de flujo de clientes, rendimiento del personal, eficacia de las zonas de servicio, etc.<\/p>\n\n          <\/div>\n        <\/div>\n      <\/div>\n    <\/div>\n  <\/div>\n<\/section>\n\n\n<section class=\"ps-block ps-block--paragraph\">\n  <div class=\"ps-block__container\">\n    <div class=\"ps-block__grid\">\n      <div class=\"ps-block__content\">\n        <div class=\"ps-block__body\">\n          <div class=\"ps-block__item\">\n            \n<p>La inteligencia en tiempo real y los informes detallados permiten que su equipo aprenda, se adapte y mejore continuamente la experiencia del cliente.<\/p>\n\n          <\/div>\n        <\/div>\n      <\/div>\n    <\/div>\n  <\/div>\n<\/section>\n\n\n<section class=\"ps-block ps-block--digits\">\n  <div class=\"ps-block__container\">\n    <div class=\"ps-block__grid\">\n      <div class=\"ps-block__content\">\n                <div class=\"ps-block__body\">\n                  <div class=\"ps-block__item digit\">\n            <div class=\"digit-value js-animate-digit\">1<\/div>\n            <div class=\"digit-label\">Comprenda el compromiso de los clientes y los flujos de trabajo en tiempo real.<\/div>\n          <\/div>\n                  <div class=\"ps-block__item digit\">\n            <div class=\"digit-value js-animate-digit\">2<\/div>\n            <div class=\"digit-label\">Desglose los datos por ubicaciones, filas de espera, citas, tipos de servicio, motivos de visita, empleado, d\u00eda de la semana, hora del d\u00eda, etc.<\/div>\n          <\/div>\n                  <div class=\"ps-block__item digit\">\n            <div class=\"digit-value js-animate-digit\">3<\/div>\n            <div class=\"digit-label\">Acelere el reequilibrio de recursos y ajuste los procesos seg\u00fan sea necesario.<\/div>\n          <\/div>\n                <\/div>\n      <\/div>\n    <\/div>\n  <\/div>\n<\/section>\n\n\n<section class=\"ps-block ps-block--cta\">\n  <div class=\"ps-block__container\">\n    <div class=\"ps-block__bg\">\n      <div class=\"ps-block__blob\">\n        <svg xmlns=\"http:\/\/www.w3.org\/2000\/svg\" width=\"789.469\" height=\"728.959\" viewBox=\"0 0 789.469 728.959\">\n          <path d=\"M669.861,129.168C745.413,206.241,802.2,316.274,786.992,420.729,771.273,525.184,684.566,624.061,573.519,679.838c-110.54,55.27-244.911,67.439-353.423,18.254S28.934,538.367,6.623,419.715c-22.818-119.16,14.7-245.925,91.271-322.492C174.461,20.149,289.564-6.725,394.526,1.388S594.309,52.6,669.861,129.168Z\" transform=\"translate(0 0)\" fill=\"#2b2d33\"\/>\n        <\/svg>\n      <\/div>\n    <\/div>\n    <div class=\"ps-block__grid\">\n      <div class=\"ps-block__content\">\n        <div class=\"ps-block__body\">\n\n                      <div class=\"ps-block__heading\">\n                                            <span class=\"ps-block__title\">\u00bfInteresado en Orion BI?<\/span>\n                          <\/div>\n          \n                      <p class=\"ps-block__txt\">\u00a1P\u00f3ngase en contacto con nosotros para m\u00e1s informaci\u00f3n!<\/p>\n          \n          <div class=\"ps-block__button\">\n            <a href=\"\/es\/contacto\/\" class=\"button button--icon\" target=\"\">\n              <span>Ir al formulario<\/span>\n              <svg class=\"icon icon-arrow-right\">\n                <use xlink:href=\"https:\/\/www.esii.com\/app\/themes\/choosit\/dist\/img\/spritemap.svg#sprite-arrow-right\"><\/use>\n              <\/svg>\n            <\/a>\n          <\/div>\n        <\/div>\n\n      <\/div>\n    <\/div>\n  <\/div>\n<\/section>\n\n\n\n<section class=\"ps-block ps-block--paragraph\">\n  <div class=\"ps-block__container\">\n    <div class=\"ps-block__grid\">\n      <div class=\"ps-block__content\">\n        <div class=\"ps-block__body\">\n          <div class=\"ps-block__item\">\n            \n<p><strong>\u00a1Adapte los servicios a las necesidades de los clientes para mejorar la eficacia!<\/strong><\/p>\n\n          <\/div>\n        <\/div>\n      <\/div>\n    <\/div>\n  <\/div>\n<\/section>\n\n\n<section class=\"ps-block ps-block--paragraph\">\n  <div class=\"ps-block__container\">\n    <div class=\"ps-block__grid\">\n      <div class=\"ps-block__content\">\n        <div class=\"ps-block__body\">\n          <div class=\"ps-block__item\">\n            \n<p>Registre datos como los tiempos de espera medios y m\u00e1ximos, el n\u00famero de transacciones y los recursos utilizados para comprender la carga de los servicios y la optimizaci\u00f3n de los empleados.<\/p>\n\n          <\/div>\n        <\/div>\n      <\/div>\n    <\/div>\n  <\/div>\n<\/section>\n\n\n<section class=\"ps-block ps-block--paragraph\">\n  <div class=\"ps-block__container\">\n    <div class=\"ps-block__grid\">\n      <div class=\"ps-block__content\">\n        <div class=\"ps-block__body\">\n          <div class=\"ps-block__item\">\n            \n<p>Las estad\u00edsticas, como los tiempos de espera medios y m\u00e1ximos, el tama\u00f1o del servicio, el tama\u00f1o de la fila de espera, las ausencias, los abandonos, etc., contribuyen a mejorar el recorrido del cliente.<\/p>\n\n          <\/div>\n        <\/div>\n      <\/div>\n    <\/div>\n  <\/div>\n<\/section>\n\n\n<section class=\"ps-block ps-block--heading\">\n  <div class=\"ps-block__container\">\n    <div class=\"ps-block__grid\">\n      <div class=\"ps-block__content\">\n        <div class=\"ps-block__body\">\n          <div class=\"ps-block__item\">\n            \n<h2 class=\"wp-block-heading\">Ventajas de Orion BI<\/h2>\n\n          <\/div>\n        <\/div>\n      <\/div>\n    <\/div>\n  <\/div>\n<\/section>\n\n\n<section class=\"ps-block ps-block--items-grid\">\n  <div class=\"ps-block__container\">\n    <div class=\"ps-block__grid\">\n      <div class=\"ps-block__content\">\n        <div class=\"ps-block__body\">\n                      <div class=\"ps-block__item\">\n                                                  <figure class=\"ps-block__img lazy-image\">\n  <img loading=\"lazy\" decoding=\"async\" src=\"data:image\/svg+xml,%3Csvg xmlns='http:\/\/www.w3.org\/2000\/svg' viewBox='0 0 120 120'%3E%3C\/svg%3E\"\n       data-src=\"https:\/\/www.esii.com\/app\/uploads\/2021\/12\/Picto_Conditions-dattente-en-temps-reel_120x120.png\"\n       data-srcset=\"https:\/\/www.esii.com\/app\/uploads\/2021\/12\/Picto_Conditions-dattente-en-temps-reel_120x120.png 330w\"\n       sizes=\"auto, 330px\"\n       width=\"120\"\n       height=\"120\"\n       alt=\"tiempo real\"\n  >\n<\/figure>\n                                                  <div class=\"ps-block__item__caption\">\n                                                              <span class=\"ps-block__item__caption--title\">\n                        Paneles de control en tiempo real\n                      <\/span>\n                                      <\/div>\n                                          <\/div>\n                      <div class=\"ps-block__item\">\n                                                  <figure class=\"ps-block__img lazy-image\">\n  <img loading=\"lazy\" decoding=\"async\" src=\"data:image\/svg+xml,%3Csvg xmlns='http:\/\/www.w3.org\/2000\/svg' viewBox='0 0 120 120'%3E%3C\/svg%3E\"\n       data-src=\"https:\/\/www.esii.com\/app\/uploads\/2021\/12\/Picto_Statistiques-decisionnelles_120x120.png\"\n       data-srcset=\"https:\/\/www.esii.com\/app\/uploads\/2021\/12\/Picto_Statistiques-decisionnelles_120x120.png 330w\"\n       sizes=\"auto, 330px\"\n       width=\"120\"\n       height=\"120\"\n       alt=\"Statistiques decisionnelles\"\n  >\n<\/figure>\n                                                  <div class=\"ps-block__item__caption\">\n                                                              <span class=\"ps-block__item__caption--title\">\n                        Generaci\u00f3n de informes din\u00e1micos\n                      <\/span>\n                                      <\/div>\n                                          <\/div>\n                      <div class=\"ps-block__item\">\n                                                  <figure class=\"ps-block__img lazy-image\">\n  <img loading=\"lazy\" decoding=\"async\" src=\"data:image\/svg+xml,%3Csvg xmlns='http:\/\/www.w3.org\/2000\/svg' viewBox='0 0 120 120'%3E%3C\/svg%3E\"\n       data-src=\"https:\/\/www.esii.com\/app\/uploads\/2021\/12\/Visioconference-video-HD-et-son-stereo_120x120.png\"\n       data-srcset=\"https:\/\/www.esii.com\/app\/uploads\/2021\/12\/Visioconference-video-HD-et-son-stereo_120x120.png 330w\"\n       sizes=\"auto, 330px\"\n       width=\"120\"\n       height=\"120\"\n       alt=\"\"\n  >\n<\/figure>\n                                                  <div class=\"ps-block__item__caption\">\n                                                              <span class=\"ps-block__item__caption--title\">\n                        Alertas basadas en KPI configurables\n                      <\/span>\n                                      <\/div>\n                                          <\/div>\n                  <\/div>\n      <\/div>\n    <\/div>\n  <\/div>\n<\/section>\n\n\n\n<section class=\"ps-block ps-block--heading\">\n  <div class=\"ps-block__container\">\n    <div class=\"ps-block__grid\">\n      <div class=\"ps-block__content\">\n        <div class=\"ps-block__body\">\n          <div class=\"ps-block__item\">\n            \n<h2 class=\"wp-block-heading\">Soluciones relacionadas<\/h2>\n\n          <\/div>\n        <\/div>\n      <\/div>\n    <\/div>\n  <\/div>\n<\/section>\n\n\n<section class=\"ps-block ps-block--internal-links\">\n  <div class=\"ps-block__container\">\n    <div class=\"ps-block__grid\">\n      <svg class=\"ps-block__blob\" xmlns=\"http:\/\/www.w3.org\/2000\/svg\" width=\"641.356\" height=\"596.235\" viewBox=\"0 0 641.356 596.235\">\n        <path d=\"M544.187,105.65c61.378,63.04,107.514,153.039,95.156,238.475-12.77,85.436-83.21,166.311-173.423,211.932-89.8,45.207-198.963,55.161-287.116,14.931S23.506,440.345,5.381,343.3C-13.156,245.832,17.327,142.147,79.528,79.521c62.2-63.04,155.71-85.022,240.98-78.386S482.809,43.024,544.187,105.65Z\" fill=\"#f2f4f8\"\/>\n      <\/svg>\n      <ul class=\"ps-block__list\">\n                  <li class=\"posts__item\">\n  <article class=\"card\">\n          <div class=\"card__thumb\">\n          <figure class=\" lazy-image\">\n  <img loading=\"lazy\" decoding=\"async\" src=\"data:image\/svg+xml,%3Csvg xmlns='http:\/\/www.w3.org\/2000\/svg' viewBox='0 0 568 358'%3E%3C\/svg%3E\"\n       data-src=\"https:\/\/www.esii.com\/app\/uploads\/2023\/11\/interactive-borne-kiosk-568x358.webp\"\n       data-srcset=\"https:\/\/www.esii.com\/app\/uploads\/2023\/11\/interactive-borne-kiosk-568x358.webp 568w\"\n       sizes=\"auto, 568px\"\n       width=\"568\"\n       height=\"358\"\n       alt=\"interactive kiosken\"\n  >\n<\/figure>\n      <\/div>\n                                                                                                          <div class=\"card__content\">\n      <ul class=\"card__labels labels\">\n              <\/ul>\n      <h3 class=\"card__title\">\n        <a href=\"https:\/\/www.esii.com\/es\/sus-necesidades\/terminales-interactivos\/\">Terminales interactivos<\/a>\n      <\/h3>\n    <\/div>\n              <p class=\"card__excerpt card__excerptfix\">Nuestra gama de terminales interactivos para responder a todas sus necesidades.<\/p>\n          <footer class=\"card__footer\">\n            <button class=\"card__link\" aria-label=\"Leer el art\u00edculo\">\n        <svg class=\"icon icon-chevron-right\">\n          <use xlink:href=\"https:\/\/www.esii.com\/app\/themes\/choosit\/dist\/img\/spritemap.svg#sprite-chevron-right\"><\/use>\n        <\/svg>\n      <\/button>\n    <\/footer>\n  <\/article>\n<\/li>\n                  <li class=\"posts__item\">\n  <article class=\"card\">\n          <div class=\"card__thumb\">\n          <figure class=\" lazy-image\">\n  <img loading=\"lazy\" decoding=\"async\" src=\"data:image\/svg+xml,%3Csvg xmlns='http:\/\/www.w3.org\/2000\/svg' viewBox='0 0 568 358'%3E%3C\/svg%3E\"\n       data-src=\"https:\/\/www.esii.com\/app\/uploads\/2022\/05\/Gestion-des-Files-dattente-ES-568x358.webp\"\n       data-srcset=\"https:\/\/www.esii.com\/app\/uploads\/2022\/05\/Gestion-des-Files-dattente-ES-568x358.webp 568w\"\n       sizes=\"auto, 568px\"\n       width=\"568\"\n       height=\"358\"\n       alt=\"Gesti\u00f3n de las filas de espera ESII\"\n  >\n<\/figure>\n      <\/div>\n                                                                                                          <div class=\"card__content\">\n      <ul class=\"card__labels labels\">\n              <\/ul>\n      <h3 class=\"card__title\">\n        <a href=\"https:\/\/www.esii.com\/es\/sus-necesidades\/gestion-de-las-filas-de-espera\/\">Gesti\u00f3n de las filas de espera<\/a>\n      <\/h3>\n    <\/div>\n              <p class=\"card__excerpt card__excerptfix\">ESII es experta en gesti\u00f3n de filas de espera y recepci\u00f3n de visitantes desde hace casi 40 a\u00f1os. Nuestras diferentes&hellip;<\/p>\n          <footer class=\"card__footer\">\n            <button class=\"card__link\" aria-label=\"Leer el art\u00edculo\">\n        <svg class=\"icon icon-chevron-right\">\n          <use xlink:href=\"https:\/\/www.esii.com\/app\/themes\/choosit\/dist\/img\/spritemap.svg#sprite-chevron-right\"><\/use>\n        <\/svg>\n      <\/button>\n    <\/footer>\n  <\/article>\n<\/li>\n                  <li class=\"posts__item\">\n  <article class=\"card\">\n          <div class=\"card__thumb card__thumb--boxed\">\n          <img loading=\"lazy\" decoding=\"async\" src=\"https:\/\/www.esii.com\/app\/uploads\/2022\/05\/Affichage-dynamique-ES-1-330x330.webp\"\n       srcset=\"https:\/\/www.esii.com\/app\/uploads\/2022\/05\/Affichage-dynamique-ES-1-330x330.webp 330w\"\n       sizes=\"auto, 330px\"\n       width=\"330\"\n       height=\"330\"\n       alt=\"Comunicaci\u00f3n din\u00e1mica ESII\"\n       class=\"\"\n  >\n      <\/div>\n        <div class=\"card__content\">\n      <header class=\"card__heading\">\n        <h3 class=\"card__title\">\n          <a href=\"https:\/\/www.esii.com\/es\/solutions\/solucion-de-senalizacion-dinamica\/\">Soluci\u00f3n de se\u00f1alizaci\u00f3n din\u00e1mica<\/a>\n        <\/h3>\n        <div class=\"card__subtitle\">\n                        <figure class=\" lazy-image\">\n  <img loading=\"lazy\" decoding=\"async\" src=\"data:image\/svg+xml,%3Csvg xmlns='http:\/\/www.w3.org\/2000\/svg' viewBox='0 0 90 90'%3E%3C\/svg%3E\"\n       data-src=\"https:\/\/www.esii.com\/app\/uploads\/2021\/10\/affichage-dynamique@2x.png\"\n       data-srcset=\"https:\/\/www.esii.com\/app\/uploads\/2021\/10\/affichage-dynamique@2x.png 90w\"\n       sizes=\"auto, 90px\"\n       width=\"90\"\n       height=\"90\"\n       alt=\"communication dynamique\"\n  >\n<\/figure>\n                                <span>eZCom<\/span>\n                  <\/div>\n      <\/header>\n              <p class=\"card__excerpt\">Soluci\u00f3n para transmitir su comunicaci\u00f3n multimedia de forma local o remota.<\/p>\n          <\/div>\n    <footer class=\"card__footer\">\n      <button class=\"card__link\" aria-label=\"Leer el art\u00edculo\">\n        <svg class=\"icon icon-chevron-right\">\n          <use xlink:href=\"https:\/\/www.esii.com\/app\/themes\/choosit\/dist\/img\/spritemap.svg#sprite-chevron-right\"><\/use>\n        <\/svg>\n      <\/button>\n    <\/footer>\n  <\/article>\n<\/li>\n              <\/ul>\n    <\/div>\n  <\/div>\n<\/section>\n\n\n","protected":false},"excerpt":{"rendered":"<p>Los gestores tienen acceso en tiempo real a los informes y a los paneles de control de Business Intelligence mediante un sistema centralizado de informes.<\/p>\n","protected":false},"author":1,"featured_media":9382,"parent":9012,"menu_order":3,"comment_status":"closed","ping_status":"closed","template":"","meta":{"inline_featured_image":false,"footnotes":""},"activity":[],"class_list":["post-8971","page","type-page","status-publish","has-post-thumbnail","hentry"],"acf":[],"_links":{"self":[{"href":"https:\/\/www.esii.com\/es\/wp-json\/wp\/v2\/pages\/8971","targetHints":{"allow":["GET"]}}],"collection":[{"href":"https:\/\/www.esii.com\/es\/wp-json\/wp\/v2\/pages"}],"about":[{"href":"https:\/\/www.esii.com\/es\/wp-json\/wp\/v2\/types\/page"}],"author":[{"embeddable":true,"href":"https:\/\/www.esii.com\/es\/wp-json\/wp\/v2\/users\/1"}],"replies":[{"embeddable":true,"href":"https:\/\/www.esii.com\/es\/wp-json\/wp\/v2\/comments?post=8971"}],"version-history":[{"count":0,"href":"https:\/\/www.esii.com\/es\/wp-json\/wp\/v2\/pages\/8971\/revisions"}],"up":[{"embeddable":true,"href":"https:\/\/www.esii.com\/es\/wp-json\/wp\/v2\/pages\/9012"}],"wp:featuredmedia":[{"embeddable":true,"href":"https:\/\/www.esii.com\/es\/wp-json\/wp\/v2\/media\/9382"}],"wp:attachment":[{"href":"https:\/\/www.esii.com\/es\/wp-json\/wp\/v2\/media?parent=8971"}],"wp:term":[{"taxonomy":"activity","embeddable":true,"href":"https:\/\/www.esii.com\/es\/wp-json\/wp\/v2\/activity?post=8971"}],"curies":[{"name":"wp","href":"https:\/\/api.w.org\/{rel}","templated":true}]}}