{"id":8969,"date":"2022-03-21T16:49:12","date_gmt":"2022-03-21T15:49:12","guid":{"rendered":"https:\/\/www.esii.com\/terminales-interactivos\/"},"modified":"2024-12-27T15:05:36","modified_gmt":"2024-12-27T14:05:36","slug":"terminales-interactivos","status":"publish","type":"page","link":"https:\/\/www.esii.com\/es\/sus-necesidades\/terminales-interactivos\/","title":{"rendered":"Terminales interactivos"},"content":{"rendered":"<section class=\"ps-block ps-block--paragraph\">\n  <div class=\"ps-block__container\">\n    <div class=\"ps-block__grid\">\n      <div class=\"ps-block__content\">\n        <div class=\"ps-block__body\">\n          <div class=\"ps-block__item\">\n            \n<p>Para la recepci\u00f3n del p\u00fablico, ESII le ofrece una<strong> <\/strong>amplia gama de terminales interactivos que <strong>aumentan considerablemente la calidad de su servicio al cliente <\/strong>y<strong> orientan eficazmente a sus visitantes<\/strong>.<\/p>\n\n          <\/div>\n        <\/div>\n      <\/div>\n    <\/div>\n  <\/div>\n<\/section>\n\n\n<section class=\"ps-block ps-block--info\">\n  <div class=\"ps-block__container\">\n    <div class=\"ps-block__grid\">\n      <div class=\"ps-block__content\">\n        <p>\n          Nuestros terminales se pueden vender junto con nuestro software de gesti\u00f3n de filas de espera o por separado.\n        <\/p>\n      <\/div>\n    <\/div>\n  <\/div>\n<\/section>\n\n\n<section class=\"ps-block ps-block--heading\">\n  <div class=\"ps-block__container\">\n    <div class=\"ps-block__grid\">\n      <div class=\"ps-block__content\">\n        <div class=\"ps-block__body\">\n          <div class=\"ps-block__item\">\n            \n<h2 class=\"wp-block-heading\">Stela: terminal interactivo multifunci\u00f3n<\/h2>\n\n          <\/div>\n        <\/div>\n      <\/div>\n    <\/div>\n  <\/div>\n<\/section>\n\n\n<section class=\"ps-block ps-block--internal-links\">\n  <div class=\"ps-block__container\">\n    <div class=\"ps-block__grid\">\n      <svg class=\"ps-block__blob\" xmlns=\"http:\/\/www.w3.org\/2000\/svg\" width=\"641.356\" height=\"596.235\" viewBox=\"0 0 641.356 596.235\">\n        <path d=\"M544.187,105.65c61.378,63.04,107.514,153.039,95.156,238.475-12.77,85.436-83.21,166.311-173.423,211.932-89.8,45.207-198.963,55.161-287.116,14.931S23.506,440.345,5.381,343.3C-13.156,245.832,17.327,142.147,79.528,79.521c62.2-63.04,155.71-85.022,240.98-78.386S482.809,43.024,544.187,105.65Z\" fill=\"#f2f4f8\"\/>\n      <\/svg>\n      <ul class=\"ps-block__list\">\n                  <li class=\"posts__item\">\n  <article class=\"card\">\n          <div class=\"card__thumb card__thumb--boxed\">\n          <img loading=\"lazy\" decoding=\"async\" src=\"https:\/\/www.esii.com\/app\/uploads\/2022\/09\/stela-borne-interactive-tactile-330x330.webp\"\n       srcset=\"https:\/\/www.esii.com\/app\/uploads\/2022\/09\/stela-borne-interactive-tactile-330x330.webp 330w\"\n       sizes=\"auto, 330px\"\n       width=\"330\"\n       height=\"330\"\n       alt=\"\"\n       class=\"\"\n  >\n      <\/div>\n        <div class=\"card__content\">\n      <header class=\"card__heading\">\n        <h3 class=\"card__title\">\n          <a href=\"https:\/\/www.esii.com\/es\/solutions\/stela-terminal-interactivo\/\">Stela<\/a>\n        <\/h3>\n        <div class=\"card__subtitle\">\n                                <span>Terminal de recepci\u00f3n multifunci\u00f3n<\/span>\n                  <\/div>\n      <\/header>\n          <\/div>\n    <footer class=\"card__footer\">\n      <button class=\"card__link\" aria-label=\"Leer el art\u00edculo\">\n        <svg class=\"icon icon-chevron-right\">\n          <use xlink:href=\"https:\/\/www.esii.com\/app\/themes\/choosit\/dist\/img\/spritemap.svg#sprite-chevron-right\"><\/use>\n        <\/svg>\n      <\/button>\n    <\/footer>\n  <\/article>\n<\/li>\n              <\/ul>\n    <\/div>\n  <\/div>\n<\/section>\n\n\n\n\n<section class=\"ps-block ps-block--heading\">\n  <div class=\"ps-block__container\">\n    <div class=\"ps-block__grid\">\n      <div class=\"ps-block__content\">\n        <div class=\"ps-block__body\">\n          <div class=\"ps-block__item\">\n            \n<h2 class=\"wp-block-heading\" id=\"gamme-keo\">Gama Keo\u2122<\/h2>\n\n          <\/div>\n        <\/div>\n      <\/div>\n    <\/div>\n  <\/div>\n<\/section>\n\n\n<section class=\"ps-block ps-block--paragraph\">\n  <div class=\"ps-block__container\">\n    <div class=\"ps-block__grid\">\n      <div class=\"ps-block__content\">\n        <div class=\"ps-block__body\">\n          <div class=\"ps-block__item\">\n            \n<p>La gama Keo\u2122 est\u00e1 pensada para <strong>satisfacer sus diferentes necesidades de recepci\u00f3n<\/strong> manteniendo una <strong>gran simplicidad de instalaci\u00f3n y configuraci\u00f3n<\/strong>.<\/p>\n\n          <\/div>\n        <\/div>\n      <\/div>\n    <\/div>\n  <\/div>\n<\/section>\n\n\n<section class=\"ps-block ps-block--internal-links\">\n  <div class=\"ps-block__container\">\n    <div class=\"ps-block__grid\">\n      <svg class=\"ps-block__blob\" xmlns=\"http:\/\/www.w3.org\/2000\/svg\" width=\"641.356\" height=\"596.235\" viewBox=\"0 0 641.356 596.235\">\n        <path d=\"M544.187,105.65c61.378,63.04,107.514,153.039,95.156,238.475-12.77,85.436-83.21,166.311-173.423,211.932-89.8,45.207-198.963,55.161-287.116,14.931S23.506,440.345,5.381,343.3C-13.156,245.832,17.327,142.147,79.528,79.521c62.2-63.04,155.71-85.022,240.98-78.386S482.809,43.024,544.187,105.65Z\" fill=\"#f2f4f8\"\/>\n      <\/svg>\n      <ul class=\"ps-block__list\">\n                  <li class=\"posts__item\">\n  <article class=\"card\">\n          <div class=\"card__thumb card__thumb--boxed\">\n          <img loading=\"lazy\" decoding=\"async\" src=\"https:\/\/www.esii.com\/app\/uploads\/2022\/05\/keo-esii-330x330.webp\"\n       srcset=\"https:\/\/www.esii.com\/app\/uploads\/2022\/05\/keo-esii-330x330.webp 330w\"\n       sizes=\"auto, 330px\"\n       width=\"330\"\n       height=\"330\"\n       alt=\"keo esii\"\n       class=\"\"\n  >\n      <\/div>\n        <div class=\"card__content\">\n      <header class=\"card__heading\">\n        <h3 class=\"card__title\">\n          <a href=\"https:\/\/www.esii.com\/es\/solutions\/keo\/\">Keo\u2122<\/a>\n        <\/h3>\n        <div class=\"card__subtitle\">\n                            <\/div>\n      <\/header>\n              <p class=\"card__excerpt\">Permite identificar, orientar y distribuir tiques de forma sencilla con un sistema plug &#038; play.<\/p>\n          <\/div>\n    <footer class=\"card__footer\">\n      <button class=\"card__link\" aria-label=\"Leer el art\u00edculo\">\n        <svg class=\"icon icon-chevron-right\">\n          <use xlink:href=\"https:\/\/www.esii.com\/app\/themes\/choosit\/dist\/img\/spritemap.svg#sprite-chevron-right\"><\/use>\n        <\/svg>\n      <\/button>\n    <\/footer>\n  <\/article>\n<\/li>\n                  <li class=\"posts__item\">\n  <article class=\"card\">\n          <div class=\"card__thumb card__thumb--boxed\">\n          <img loading=\"lazy\" decoding=\"async\" src=\"https:\/\/www.esii.com\/app\/uploads\/2022\/02\/ESII-KEO-rayon-a-la-coupe-EN-330x330.png\"\n       srcset=\"https:\/\/www.esii.com\/app\/uploads\/2022\/02\/ESII-KEO-rayon-a-la-coupe-EN-330x330.png 330w\"\n       sizes=\"auto, 330px\"\n       width=\"330\"\n       height=\"330\"\n       alt=\"Ticket dispenser\"\n       class=\"\"\n  >\n      <\/div>\n        <div class=\"card__content\">\n      <header class=\"card__heading\">\n        <h3 class=\"card__title\">\n          <a href=\"https:\/\/www.esii.com\/es\/solutions\/keo-e-distribuidor-de-tickets\/\">Keo-e<\/a>\n        <\/h3>\n        <div class=\"card__subtitle\">\n                            <\/div>\n      <\/header>\n              <p class=\"card__excerpt\">Keo-e es un distribuidor de tickets pr\u00e1ctico, accesible y econ\u00f3mico.<\/p>\n          <\/div>\n    <footer class=\"card__footer\">\n      <button class=\"card__link\" aria-label=\"Leer el art\u00edculo\">\n        <svg class=\"icon icon-chevron-right\">\n          <use xlink:href=\"https:\/\/www.esii.com\/app\/themes\/choosit\/dist\/img\/spritemap.svg#sprite-chevron-right\"><\/use>\n        <\/svg>\n      <\/button>\n    <\/footer>\n  <\/article>\n<\/li>\n              <\/ul>\n    <\/div>\n  <\/div>\n<\/section>\n\n\n\n\n  <section class=\"ps-block ps-block--buttons\">\n    <div class=\"ps-block__container\">\n      <div class=\"ps-block__grid\">\n        <div class=\"ps-block__content\">\n          <div class=\"button-group\">\n                                    <a href=\"https:\/\/www.esii.com\/es\/sus-necesidades\/terminales-interactivos\/simule-su-recepcion-con-nuestros-terminales\/?id=bornekeo\" class=\"link\" target=\"\">\n                <span class=\"link__txt\">Simule su recepci\u00f3n con nuestros terminales<\/span>\n                <span class=\"link__icon\">\n                  <svg class=\"icon icon-chevron-right\">\n                    <use xlink:href=\"https:\/\/www.esii.com\/app\/themes\/choosit\/dist\/img\/spritemap.svg#sprite-chevron-right\"><\/use>\n                  <\/svg>\n                <\/span>\n              <\/a>\n                                <\/div>\n        <\/div>\n      <\/div>\n    <\/div>\n  <\/section>\n\n\n<section class=\"ps-block ps-block--heading\">\n  <div class=\"ps-block__container\">\n    <div class=\"ps-block__grid\">\n      <div class=\"ps-block__content\">\n        <div class=\"ps-block__body\">\n          <div class=\"ps-block__item\">\n            \n<h2 class=\"wp-block-heading\" id=\"gamme-twana-borne-interactive\">Gama Twana\u2122: terminales interactivos<\/h2>\n\n          <\/div>\n        <\/div>\n      <\/div>\n    <\/div>\n  <\/div>\n<\/section>\n\n\n<section class=\"ps-block ps-block--paragraph\">\n  <div class=\"ps-block__container\">\n    <div class=\"ps-block__grid\">\n      <div class=\"ps-block__content\">\n        <div class=\"ps-block__body\">\n          <div class=\"ps-block__item\">\n            \n<p>La gama de terminales Twana\u2122 dispone de varios modelos para una recepci\u00f3n multifunci\u00f3n y escalable.<\/p>\n\n          <\/div>\n        <\/div>\n      <\/div>\n    <\/div>\n  <\/div>\n<\/section>\n\n\n<section class=\"ps-block ps-block--paragraph\">\n  <div class=\"ps-block__container\">\n    <div class=\"ps-block__grid\">\n      <div class=\"ps-block__content\">\n        <div class=\"ps-block__body\">\n          <div class=\"ps-block__item\">\n            \n<p>Nuestros terminales pueden <strong>integrarse con nuestras soluciones de gesti\u00f3n de recepci\u00f3n<\/strong> y adaptarse a su entorno profesional para ofrecer a sus clientes una experiencia optimizada de recepci\u00f3n. Nuestros terminales tambi\u00e9n est\u00e1n dise\u00f1ados para <strong>venderse por separado<\/strong>, sin las soluciones de software.<\/p>\n\n          <\/div>\n        <\/div>\n      <\/div>\n    <\/div>\n  <\/div>\n<\/section>\n\n\n<section class=\"ps-block ps-block--internal-links\">\n  <div class=\"ps-block__container\">\n    <div class=\"ps-block__grid\">\n      <svg class=\"ps-block__blob\" xmlns=\"http:\/\/www.w3.org\/2000\/svg\" width=\"641.356\" height=\"596.235\" viewBox=\"0 0 641.356 596.235\">\n        <path d=\"M544.187,105.65c61.378,63.04,107.514,153.039,95.156,238.475-12.77,85.436-83.21,166.311-173.423,211.932-89.8,45.207-198.963,55.161-287.116,14.931S23.506,440.345,5.381,343.3C-13.156,245.832,17.327,142.147,79.528,79.521c62.2-63.04,155.71-85.022,240.98-78.386S482.809,43.024,544.187,105.65Z\" fill=\"#f2f4f8\"\/>\n      <\/svg>\n      <ul class=\"ps-block__list\">\n                  <li class=\"posts__item\">\n  <article class=\"card\">\n          <div class=\"card__thumb card__thumb--boxed\">\n          <img loading=\"lazy\" decoding=\"async\" src=\"https:\/\/www.esii.com\/app\/uploads\/2022\/03\/Twana-home-ES-330x330.png\"\n       srcset=\"https:\/\/www.esii.com\/app\/uploads\/2022\/03\/Twana-home-ES-330x330.png 330w\"\n       sizes=\"auto, 330px\"\n       width=\"330\"\n       height=\"330\"\n       alt=\"\"\n       class=\"\"\n  >\n      <\/div>\n        <div class=\"card__content\">\n      <header class=\"card__heading\">\n        <h3 class=\"card__title\">\n          <a href=\"https:\/\/www.esii.com\/es\/solutions\/twana-ultimate\/\">Twana\u2122 Ultimate<\/a>\n        <\/h3>\n        <div class=\"card__subtitle\">\n                            <\/div>\n      <\/header>\n              <p class=\"card__excerpt\">Reuniendo dise\u00f1o, robustez, prestaciones y sencillez de utilizaci\u00f3n, le ofrece una verdadera imagen de relaci\u00f3n con el cliente.<\/p>\n          <\/div>\n    <footer class=\"card__footer\">\n      <button class=\"card__link\" aria-label=\"Leer el art\u00edculo\">\n        <svg class=\"icon icon-chevron-right\">\n          <use xlink:href=\"https:\/\/www.esii.com\/app\/themes\/choosit\/dist\/img\/spritemap.svg#sprite-chevron-right\"><\/use>\n        <\/svg>\n      <\/button>\n    <\/footer>\n  <\/article>\n<\/li>\n                  <li class=\"posts__item\">\n  <article class=\"card\">\n          <div class=\"card__thumb card__thumb--boxed\">\n          <img loading=\"lazy\" decoding=\"async\" src=\"https:\/\/www.esii.com\/app\/uploads\/2022\/05\/Twana-XL-ES-330x330.webp\"\n       srcset=\"https:\/\/www.esii.com\/app\/uploads\/2022\/05\/Twana-XL-ES-330x330.webp 330w\"\n       sizes=\"auto, 330px\"\n       width=\"330\"\n       height=\"330\"\n       alt=\"twana xl\"\n       class=\"\"\n  >\n      <\/div>\n        <div class=\"card__content\">\n      <header class=\"card__heading\">\n        <h3 class=\"card__title\">\n          <a href=\"https:\/\/www.esii.com\/es\/solutions\/twana-xl-multiservicios-kiosk\/\">Twana\u2122 XL &#8211; Multiservicios kiosk<\/a>\n        <\/h3>\n        <div class=\"card__subtitle\">\n                            <\/div>\n      <\/header>\n              <p class=\"card__excerpt\">El terminal Twana\u2122 XL permite conocer las necesidades del cliente, identificar la llegada de una cita, introducir informaci\u00f3n (formularios) y&hellip;<\/p>\n          <\/div>\n    <footer class=\"card__footer\">\n      <button class=\"card__link\" aria-label=\"Leer el art\u00edculo\">\n        <svg class=\"icon icon-chevron-right\">\n          <use xlink:href=\"https:\/\/www.esii.com\/app\/themes\/choosit\/dist\/img\/spritemap.svg#sprite-chevron-right\"><\/use>\n        <\/svg>\n      <\/button>\n    <\/footer>\n  <\/article>\n<\/li>\n                  <li class=\"posts__item\">\n  <article class=\"card\">\n          <div class=\"card__thumb card__thumb--boxed\">\n          <img loading=\"lazy\" decoding=\"async\" src=\"https:\/\/www.esii.com\/app\/uploads\/2022\/03\/Twana-Touch-ES-330x330.png\"\n       srcset=\"https:\/\/www.esii.com\/app\/uploads\/2022\/03\/Twana-Touch-ES-330x330.png 330w\"\n       sizes=\"auto, 330px\"\n       width=\"330\"\n       height=\"330\"\n       alt=\"\"\n       class=\"\"\n  >\n      <\/div>\n        <div class=\"card__content\">\n      <header class=\"card__heading\">\n        <h3 class=\"card__title\">\n          <a href=\"https:\/\/www.esii.com\/es\/solutions\/twana-touch\/\">Twana\u2122 Touch<\/a>\n        <\/h3>\n        <div class=\"card__subtitle\">\n                            <\/div>\n      <\/header>\n              <p class=\"card__excerpt\">Su pantalla le permite recibir, identificar y orientar a sus clientes hacia varios servicios de manera eficaz.<\/p>\n          <\/div>\n    <footer class=\"card__footer\">\n      <button class=\"card__link\" aria-label=\"Leer el art\u00edculo\">\n        <svg class=\"icon icon-chevron-right\">\n          <use xlink:href=\"https:\/\/www.esii.com\/app\/themes\/choosit\/dist\/img\/spritemap.svg#sprite-chevron-right\"><\/use>\n        <\/svg>\n      <\/button>\n    <\/footer>\n  <\/article>\n<\/li>\n                  <li class=\"posts__item\">\n  <article class=\"card\">\n          <div class=\"card__thumb card__thumb--boxed\">\n          <img loading=\"lazy\" decoding=\"async\" src=\"https:\/\/www.esii.com\/app\/uploads\/2022\/05\/Twana-DESK--330x330.webp\"\n       srcset=\"https:\/\/www.esii.com\/app\/uploads\/2022\/05\/Twana-DESK--330x330.webp 330w\"\n       sizes=\"auto, 330px\"\n       width=\"330\"\n       height=\"330\"\n       alt=\"Twana DESK\"\n       class=\"\"\n  >\n      <\/div>\n        <div class=\"card__content\">\n      <header class=\"card__heading\">\n        <h3 class=\"card__title\">\n          <a href=\"https:\/\/www.esii.com\/es\/solutions\/twana-desk\/\">Twana\u2122 Desk<\/a>\n        <\/h3>\n        <div class=\"card__subtitle\">\n                            <\/div>\n      <\/header>\n              <p class=\"card__excerpt\">El terminal permite recibir, identificar y orientar eficazmente a sus clientes hacia varios servicios.<\/p>\n          <\/div>\n    <footer class=\"card__footer\">\n      <button class=\"card__link\" aria-label=\"Leer el art\u00edculo\">\n        <svg class=\"icon icon-chevron-right\">\n          <use xlink:href=\"https:\/\/www.esii.com\/app\/themes\/choosit\/dist\/img\/spritemap.svg#sprite-chevron-right\"><\/use>\n        <\/svg>\n      <\/button>\n    <\/footer>\n  <\/article>\n<\/li>\n              <\/ul>\n    <\/div>\n  <\/div>\n<\/section>\n\n\n\n\n  <section class=\"ps-block ps-block--buttons\">\n    <div class=\"ps-block__container\">\n      <div class=\"ps-block__grid\">\n        <div class=\"ps-block__content\">\n          <div class=\"button-group\">\n                                    <a href=\"https:\/\/www.esii.com\/es\/sus-necesidades\/terminales-interactivos\/simule-su-recepcion-con-nuestros-terminales\/\" class=\"link\" target=\"\">\n                <span class=\"link__txt\">Simule su recepci\u00f3n con nuestros terminales<\/span>\n                <span class=\"link__icon\">\n                  <svg class=\"icon icon-chevron-right\">\n                    <use xlink:href=\"https:\/\/www.esii.com\/app\/themes\/choosit\/dist\/img\/spritemap.svg#sprite-chevron-right\"><\/use>\n                  <\/svg>\n                <\/span>\n              <\/a>\n                                <\/div>\n        <\/div>\n      <\/div>\n    <\/div>\n  <\/section>\n\n\n<section class=\"ps-block ps-block--heading\">\n  <div class=\"ps-block__container\">\n    <div class=\"ps-block__grid\">\n      <div class=\"ps-block__content\">\n        <div class=\"ps-block__body\">\n          <div class=\"ps-block__item\">\n            \n<h2 class=\"wp-block-heading\" id=\"nos-bornes-visioconferences\">Nuestros terminales de videoconferencia<\/h2>\n\n          <\/div>\n        <\/div>\n      <\/div>\n    <\/div>\n  <\/div>\n<\/section>\n\n\n<section class=\"ps-block ps-block--paragraph\">\n  <div class=\"ps-block__container\">\n    <div class=\"ps-block__grid\">\n      <div class=\"ps-block__content\">\n        <div class=\"ps-block__body\">\n          <div class=\"ps-block__item\">\n            \n<p>El Phygital Kiosk y el Smart Kiosk est\u00e1n dise\u00f1ados para transferir la recepci\u00f3n de varios edificios a un solo puesto mediante videoconferencia.<\/p>\n\n          <\/div>\n        <\/div>\n      <\/div>\n    <\/div>\n  <\/div>\n<\/section>\n\n\n<section class=\"ps-block ps-block--internal-links\">\n  <div class=\"ps-block__container\">\n    <div class=\"ps-block__grid\">\n      <svg class=\"ps-block__blob\" xmlns=\"http:\/\/www.w3.org\/2000\/svg\" width=\"641.356\" height=\"596.235\" viewBox=\"0 0 641.356 596.235\">\n        <path d=\"M544.187,105.65c61.378,63.04,107.514,153.039,95.156,238.475-12.77,85.436-83.21,166.311-173.423,211.932-89.8,45.207-198.963,55.161-287.116,14.931S23.506,440.345,5.381,343.3C-13.156,245.832,17.327,142.147,79.528,79.521c62.2-63.04,155.71-85.022,240.98-78.386S482.809,43.024,544.187,105.65Z\" fill=\"#f2f4f8\"\/>\n      <\/svg>\n      <ul class=\"ps-block__list\">\n                  <li class=\"posts__item\">\n  <article class=\"card\">\n          <div class=\"card__thumb card__thumb--boxed\">\n          <img loading=\"lazy\" decoding=\"async\" src=\"https:\/\/www.esii.com\/app\/uploads\/2022\/03\/welcome-kiosk-es-330x330.webp\"\n       srcset=\"https:\/\/www.esii.com\/app\/uploads\/2022\/03\/welcome-kiosk-es-330x330.webp 330w\"\n       sizes=\"auto, 330px\"\n       width=\"330\"\n       height=\"330\"\n       alt=\"welcome kiosk videoconferencia\"\n       class=\"\"\n  >\n      <\/div>\n        <div class=\"card__content\">\n      <header class=\"card__heading\">\n        <h3 class=\"card__title\">\n          <a href=\"https:\/\/www.esii.com\/es\/solutions\/wecome-kiosk-videoconferencia\/\">Welcome kiosk<\/a>\n        <\/h3>\n        <div class=\"card__subtitle\">\n                                <span>Acogida por videoconferencia<\/span>\n                  <\/div>\n      <\/header>\n              <p class=\"card__excerpt\">Conecta a un recepcionista remoto por videoconferencia con la recepci\u00f3n de los distintos edificios.<\/p>\n          <\/div>\n    <footer class=\"card__footer\">\n      <button class=\"card__link\" aria-label=\"Leer el art\u00edculo\">\n        <svg class=\"icon icon-chevron-right\">\n          <use xlink:href=\"https:\/\/www.esii.com\/app\/themes\/choosit\/dist\/img\/spritemap.svg#sprite-chevron-right\"><\/use>\n        <\/svg>\n      <\/button>\n    <\/footer>\n  <\/article>\n<\/li>\n                  <li class=\"posts__item\">\n  <article class=\"card\">\n          <div class=\"card__thumb card__thumb--boxed\">\n          <img loading=\"lazy\" decoding=\"async\" src=\"https:\/\/www.esii.com\/app\/uploads\/2022\/03\/ESII-smartkiosk-ES-330x330.png\"\n       srcset=\"https:\/\/www.esii.com\/app\/uploads\/2022\/03\/ESII-smartkiosk-ES-330x330.png 330w\"\n       sizes=\"auto, 330px\"\n       width=\"330\"\n       height=\"330\"\n       alt=\"ESII smartkiosk ES\"\n       class=\"\"\n  >\n      <\/div>\n        <div class=\"card__content\">\n      <header class=\"card__heading\">\n        <h3 class=\"card__title\">\n          <a href=\"https:\/\/www.esii.com\/es\/solutions\/smart-kiosk\/\">Smart Kiosk<\/a>\n        <\/h3>\n        <div class=\"card__subtitle\">\n                            <\/div>\n      <\/header>\n              <p class=\"card__excerpt\">Smart Kiosk es una herramienta innovadora para dar la bienvenida e informar a sus visitantes sin estr\u00e9s.<\/p>\n          <\/div>\n    <footer class=\"card__footer\">\n      <button class=\"card__link\" aria-label=\"Leer el art\u00edculo\">\n        <svg class=\"icon icon-chevron-right\">\n          <use xlink:href=\"https:\/\/www.esii.com\/app\/themes\/choosit\/dist\/img\/spritemap.svg#sprite-chevron-right\"><\/use>\n        <\/svg>\n      <\/button>\n    <\/footer>\n  <\/article>\n<\/li>\n              <\/ul>\n    <\/div>\n  <\/div>\n<\/section>\n\n\n\n\n  <section class=\"ps-block ps-block--buttons\">\n    <div class=\"ps-block__container\">\n      <div class=\"ps-block__grid\">\n        <div class=\"ps-block__content\">\n          <div class=\"button-group\">\n                                    <a href=\"https:\/\/www.esii.com\/es\/sus-necesidades\/terminales-interactivos\/simule-su-recepcion-con-nuestros-terminales\/?id=bornesmkiosk\" class=\"link\" target=\"\">\n                <span class=\"link__txt\">Simule su recepci\u00f3n con nuestros terminales<\/span>\n                <span class=\"link__icon\">\n                  <svg class=\"icon icon-chevron-right\">\n                    <use xlink:href=\"https:\/\/www.esii.com\/app\/themes\/choosit\/dist\/img\/spritemap.svg#sprite-chevron-right\"><\/use>\n                  <\/svg>\n                <\/span>\n              <\/a>\n                                <\/div>\n        <\/div>\n      <\/div>\n    <\/div>\n  <\/section>\n","protected":false},"excerpt":{"rendered":"<p>Nuestra gama de terminales interactivos para responder a todas sus necesidades.<\/p>\n","protected":false},"author":1,"featured_media":21467,"parent":9012,"menu_order":2,"comment_status":"closed","ping_status":"closed","template":"template-besoin.php","meta":{"inline_featured_image":false,"footnotes":""},"activity":[],"class_list":["post-8969","page","type-page","status-publish","has-post-thumbnail","hentry"],"acf":[],"_links":{"self":[{"href":"https:\/\/www.esii.com\/es\/wp-json\/wp\/v2\/pages\/8969","targetHints":{"allow":["GET"]}}],"collection":[{"href":"https:\/\/www.esii.com\/es\/wp-json\/wp\/v2\/pages"}],"about":[{"href":"https:\/\/www.esii.com\/es\/wp-json\/wp\/v2\/types\/page"}],"author":[{"embeddable":true,"href":"https:\/\/www.esii.com\/es\/wp-json\/wp\/v2\/users\/1"}],"replies":[{"embeddable":true,"href":"https:\/\/www.esii.com\/es\/wp-json\/wp\/v2\/comments?post=8969"}],"version-history":[{"count":0,"href":"https:\/\/www.esii.com\/es\/wp-json\/wp\/v2\/pages\/8969\/revisions"}],"up":[{"embeddable":true,"href":"https:\/\/www.esii.com\/es\/wp-json\/wp\/v2\/pages\/9012"}],"wp:featuredmedia":[{"embeddable":true,"href":"https:\/\/www.esii.com\/es\/wp-json\/wp\/v2\/media\/21467"}],"wp:attachment":[{"href":"https:\/\/www.esii.com\/es\/wp-json\/wp\/v2\/media?parent=8969"}],"wp:term":[{"taxonomy":"activity","embeddable":true,"href":"https:\/\/www.esii.com\/es\/wp-json\/wp\/v2\/activity?post=8969"}],"curies":[{"name":"wp","href":"https:\/\/api.w.org\/{rel}","templated":true}]}}