{"id":8965,"date":"2022-03-21T16:48:30","date_gmt":"2022-03-21T15:48:30","guid":{"rendered":"https:\/\/www.esii.com\/recepcion-del-publico-en-tiempos-de-covid-19\/"},"modified":"2022-05-03T15:38:29","modified_gmt":"2022-05-03T13:38:29","slug":"recepcion-del-publico-en-tiempos-de-covid-19","status":"publish","type":"page","link":"https:\/\/www.esii.com\/es\/sus-necesidades\/recepcion-del-publico-en-tiempos-de-covid-19\/","title":{"rendered":"Recepci\u00f3n del p\u00fablico en tiempos de COVID-19"},"content":{"rendered":"<section class=\"ps-block ps-block--textimage image-left\">\n  <div class=\"ps-block__container\">\n    <div class=\"ps-block__grid\">\n\n      <div class=\"ps-block__img\">\n        <figure class=\"lazy-image\">\n          <img loading=\"lazy\" decoding=\"async\" src=\"data:image\/svg+xml,%3Csvg xmlns='http:\/\/www.w3.org\/2000\/svg' viewBox='0 0 600 600'%3E%3C\/svg%3E\"\n               data-src=\"https:\/\/www.esii.com\/app\/uploads\/2022\/04\/Solution-Comptage.webp\"\n               data-srcset=\"https:\/\/www.esii.com\/app\/uploads\/2022\/04\/Solution-Comptage.webp 600w\"\n               sizes=\"auto, 600px\"\n               alt=\"Sistema de recuento en la tienda\"\n               width=\"600\"\n               height=\"600\"\n          >\n        <\/figure>\n      <\/div>\n\n      <div class=\"ps-block__body\">\n                  <h3 class=\"ps-block__suptitle suptitle\">Control de aforo de la tienda<\/h3>\n                          <h4 class=\"ps-block__title\">Soluci\u00f3n de recuento de clientes<\/h4>\n                          <div class=\"ps-block__text\">\n            <p><b>El recuento de clientes lo puede hacer <\/b>manualmente una persona a la entrada de la tienda o proceder de la informaci\u00f3n de las <b>alfombras de control de aforo en tiempo real<\/b>.<br \/>\nCon una <b>aplicaci\u00f3n web en un smartphone<\/b>, el controlador de entrada va cambiando el n\u00famero de visitantes y visualiza en tiempo real el n\u00famero de personas que ya se encuentran dentro de la tienda.<br \/>\nEn caso de que haya alg\u00fan evento o cita programados, tambi\u00e9n muestra el n\u00famero esperado en los pr\u00f3ximos X minutos y eso permite admitir visitantes espont\u00e1neos cuando hay pocas citas programadas.<\/p>\n\n          <\/div>\n                        <div class=\"button-group\">\n                                    <a href=\"\/es\/soluciones\/control-de-aforo-de-la-tienda\/\" class=\"link\" target=\"\">\n                <span class=\"link__txt\">Ver la soluci\u00f3n<\/span>\n                <span class=\"link__icon\">\n                  <svg class=\"icon icon-chevron-right\">\n                    <use xlink:href=\"https:\/\/www.esii.com\/app\/themes\/choosit\/dist\/img\/spritemap.svg#sprite-chevron-right\"><\/use>\n                  <\/svg>\n                <\/span>\n              <\/a>\n                              <\/div>\n              <\/div>\n    <\/div>\n  <\/div>\n<\/section>\n\n\n\n<section class=\"ps-block ps-block--textimage image-right\">\n  <div class=\"ps-block__container\">\n    <div class=\"ps-block__grid\">\n\n      <div class=\"ps-block__img\">\n        <figure class=\"lazy-image\">\n          <img loading=\"lazy\" decoding=\"async\" src=\"data:image\/svg+xml,%3Csvg xmlns='http:\/\/www.w3.org\/2000\/svg' viewBox='0 0 600 600'%3E%3C\/svg%3E\"\n               data-src=\"https:\/\/www.esii.com\/app\/uploads\/2022\/05\/TicketVirtuelCovid-ES-600x600.webp\"\n               data-srcset=\"https:\/\/www.esii.com\/app\/uploads\/2022\/05\/TicketVirtuelCovid-ES-600x600.webp 600w\"\n               sizes=\"auto, 600px\"\n               alt=\"Ticket virtual en el smartphone esii\"\n               width=\"600\"\n               height=\"600\"\n          >\n        <\/figure>\n      <\/div>\n\n      <div class=\"ps-block__body\">\n                  <h3 class=\"ps-block__suptitle suptitle\">Elimine la espera de sus visitantes<\/h3>\n                          <h4 class=\"ps-block__title\">Ticket virtual en el smartphone<\/h4>\n                          <div class=\"ps-block__text\">\n            <p>ESII le ayuda a encontrar la soluci\u00f3n adecuada para que su establecimiento pueda recibir con tranquilidad a sus visitantes. La soluci\u00f3n de ticket virtual permite <strong>desmaterializar la fila de espera<\/strong> y recibir a sus visitantes solo cuando les llegue el turno.<\/p>\n<ul>\n<li>Siga velando por la distancia de seguridad<\/li>\n<li>Elimine las filas de espera delante de su establecimiento<\/li>\n<li>Organice su recepci\u00f3n con la concertaci\u00f3n de citas online<\/li>\n<\/ul>\n\n          <\/div>\n                        <div class=\"button-group\">\n                                    <a href=\"\/es\/soluciones\/ticket-virtual-smartphone\/\" class=\"link\" target=\"\">\n                <span class=\"link__txt\">Ver la soluci\u00f3n<\/span>\n                <span class=\"link__icon\">\n                  <svg class=\"icon icon-chevron-right\">\n                    <use xlink:href=\"https:\/\/www.esii.com\/app\/themes\/choosit\/dist\/img\/spritemap.svg#sprite-chevron-right\"><\/use>\n                  <\/svg>\n                <\/span>\n              <\/a>\n                              <\/div>\n              <\/div>\n    <\/div>\n  <\/div>\n<\/section>\n\n\n\n<section class=\"ps-block ps-block--textimage image-left\">\n  <div class=\"ps-block__container\">\n    <div class=\"ps-block__grid\">\n\n      <div class=\"ps-block__img\">\n        <figure class=\"lazy-image\">\n          <img loading=\"lazy\" decoding=\"async\" src=\"data:image\/svg+xml,%3Csvg xmlns='http:\/\/www.w3.org\/2000\/svg' viewBox='0 0 600 600'%3E%3C\/svg%3E\"\n               data-src=\"https:\/\/www.esii.com\/app\/uploads\/2022\/05\/RdvEnLigne-ES1-600x600.webp\"\n               data-srcset=\"https:\/\/www.esii.com\/app\/uploads\/2022\/05\/RdvEnLigne-ES1-600x600.webp 600w\"\n               sizes=\"auto, 600px\"\n               alt=\"Concertaci\u00f3n de citas online ESII\"\n               width=\"600\"\n               height=\"600\"\n          >\n        <\/figure>\n      <\/div>\n\n      <div class=\"ps-block__body\">\n                  <h3 class=\"ps-block__suptitle suptitle\">Ofrezca la concertaci\u00f3n de citas online<\/h3>\n                          <h4 class=\"ps-block__title\">Software de citas online<\/h4>\n                          <div class=\"ps-block__text\">\n            <p>ESII permite a los clientes <strong>concertar su cita desde un sitio web<\/strong>, recibir un SMS y\/o una confirmaci\u00f3n por correo electr\u00f3nico de su cita y, simplemente, presentarse a la hora de la cita.<br \/>\nLos mensajes se pueden personalizar para comunicar los detalles de la cita con recordatorios de la informaci\u00f3n importante en tiempos de COVID-19.<br \/>\nLos clientes pueden <strong>esperar en casa, en el trabajo o en cualquier otro lugar<\/strong> y, con la sala de espera vac\u00eda, usted podr\u00e1 luchar con m\u00e1s eficacia contra el contagio.<\/p>\n\n          <\/div>\n                        <div class=\"button-group\">\n                                    <a href=\"\/es\/soluciones\/software-de-citas\/\" class=\"link\" target=\"\">\n                <span class=\"link__txt\">Ver la soluci\u00f3n<\/span>\n                <span class=\"link__icon\">\n                  <svg class=\"icon icon-chevron-right\">\n                    <use xlink:href=\"https:\/\/www.esii.com\/app\/themes\/choosit\/dist\/img\/spritemap.svg#sprite-chevron-right\"><\/use>\n                  <\/svg>\n                <\/span>\n              <\/a>\n                              <\/div>\n              <\/div>\n    <\/div>\n  <\/div>\n<\/section>\n\n\n\n<section class=\"ps-block ps-block--textimage image-right\">\n  <div class=\"ps-block__container\">\n    <div class=\"ps-block__grid\">\n\n      <div class=\"ps-block__img\">\n        <figure class=\"lazy-image\">\n          <img loading=\"lazy\" decoding=\"async\" src=\"data:image\/svg+xml,%3Csvg xmlns='http:\/\/www.w3.org\/2000\/svg' viewBox='0 0 600 600'%3E%3C\/svg%3E\"\n               data-src=\"https:\/\/www.esii.com\/app\/uploads\/2022\/05\/PhygitalKiosk-ES-600x600.webp\"\n               data-srcset=\"https:\/\/www.esii.com\/app\/uploads\/2022\/05\/PhygitalKiosk-ES-600x600.webp 600w\"\n               sizes=\"auto, 600px\"\n               alt=\"Phygital Kiosk ESII\"\n               width=\"600\"\n               height=\"600\"\n          >\n        <\/figure>\n      <\/div>\n\n      <div class=\"ps-block__body\">\n                  <h3 class=\"ps-block__suptitle suptitle\">Terminal de conexi\u00f3n por v\u00eddeo<\/h3>\n                          <h4 class=\"ps-block__title\">Phygital Kiosk<\/h4>\n                          <div class=\"ps-block__text\">\n            <p>El Phygital Kiosk permite la conexi\u00f3n a distancia por v\u00eddeo y audio entre un visitante y un agente de recepci\u00f3n. Esto le permite limitar la interacci\u00f3n f\u00edsica.<\/p>\n<ul>\n<li>Sin interacci\u00f3n f\u00edsica<\/li>\n<li>Un \u00fanico agente para varios sitios<\/li>\n<li>F\u00e1cil de usar<\/li>\n<\/ul>\n\n          <\/div>\n                        <div class=\"button-group\">\n                                    <a href=\"\/es\/soluciones\/phygital-kiosk-video\/\" class=\"link\" target=\"\">\n                <span class=\"link__txt\">Ver la soluci\u00f3n<\/span>\n                <span class=\"link__icon\">\n                  <svg class=\"icon icon-chevron-right\">\n                    <use xlink:href=\"https:\/\/www.esii.com\/app\/themes\/choosit\/dist\/img\/spritemap.svg#sprite-chevron-right\"><\/use>\n                  <\/svg>\n                <\/span>\n              <\/a>\n                              <\/div>\n              <\/div>\n    <\/div>\n  <\/div>\n<\/section>\n\n\n\n<section class=\"ps-block ps-block--textimage image-left\">\n  <div class=\"ps-block__container\">\n    <div class=\"ps-block__grid\">\n\n      <div class=\"ps-block__img\">\n        <figure class=\"lazy-image\">\n          <img loading=\"lazy\" decoding=\"async\" src=\"data:image\/svg+xml,%3Csvg xmlns='http:\/\/www.w3.org\/2000\/svg' viewBox='0 0 600 600'%3E%3C\/svg%3E\"\n               data-src=\"https:\/\/www.esii.com\/app\/uploads\/2022\/05\/FileUniqueEnCaisseCovid-ES-600x600.webp\"\n               data-srcset=\"https:\/\/www.esii.com\/app\/uploads\/2022\/05\/FileUniqueEnCaisseCovid-ES-600x600.webp 600w\"\n               sizes=\"auto, 600px\"\n               alt=\"covid fila unica esii\"\n               width=\"600\"\n               height=\"600\"\n          >\n        <\/figure>\n      <\/div>\n\n      <div class=\"ps-block__body\">\n                  <h3 class=\"ps-block__suptitle suptitle\">Agilice el paso por caja<\/h3>\n                          <h4 class=\"ps-block__title\">Fila \u00fanica<\/h4>\n                          <div class=\"ps-block__text\">\n            <p>Nuestra soluci\u00f3n de fila de espera \u00fanica permite acelerar el paso por caja manteniendo la distancia de seguridad.<br \/>\nLos clientes esperan en una fila de espera \u00fanica respetando la distancia de seguridad y, cuando queda una caja libre, se llama al siguiente cliente mediante la pantalla y el aviso sonoro.<br \/>\nTambi\u00e9n se puede sacar un ticket virtual para recepci\u00f3n en cajas espec\u00edficas.<br \/>\nSin filas de espera delante de cada caja que obliguen a los clientes a atravesar una cola para llegar a una caja.<\/p>\n\n          <\/div>\n                        <div class=\"button-group\">\n                                    <a href=\"\/es\/soluciones\/fila-unica-espera\/\" class=\"link\" target=\"\">\n                <span class=\"link__txt\">Ver la soluci\u00f3n<\/span>\n                <span class=\"link__icon\">\n                  <svg class=\"icon icon-chevron-right\">\n                    <use xlink:href=\"https:\/\/www.esii.com\/app\/themes\/choosit\/dist\/img\/spritemap.svg#sprite-chevron-right\"><\/use>\n                  <\/svg>\n                <\/span>\n              <\/a>\n                              <\/div>\n              <\/div>\n    <\/div>\n  <\/div>\n<\/section>\n\n\n\n  <section class=\"ps-block ps-block--slider\">\n    <div class=\"ps-block__container\">\n      <div class=\"ps-block__grid\">\n        <div class=\"ps-block__content\">\n          <svg class=\"ps-block__blob\" xmlns=\"http:\/\/www.w3.org\/2000\/svg\" width=\"408\" height=\"426\" viewBox=\"0 0 408.1 426.6\">\n            <path fill=\"#f2f4f8\" d=\"M286.3,394.7c-52,29.1-119,43.5-172.7,20.4C59.9,391.8,19.4,331.6,5.4,264.5\n              C-8.5,197.9,4.2,124.7,46,74.1S158.6-4.6,225.3,0.6c67,5,129.5,43.1,159.5,94.8c30.3,51.7,28.3,116.8,9,171.4S338,365.6,286.3,394.7\n              z\"\/>\n          <\/svg>\n          <div class=\"swiper js-swiper-block\">\n            <ul class=\"swiper-wrapper\">\n                              <li class=\"ps-block__item swiper-slide\">\n                                    <div class=\"ps-block__quote\">\n                    \u00ab&nbsp;Necesit\u00e1bamos gestionar una afluencia repentina de nuevos pacientes. El car\u00e1cter infeccioso de la COVID-19 nos oblig\u00f3 a buscar la soluci\u00f3n&hellip;&nbsp;\u00bb\n                  <\/div>\n                  <button data-open=\"quote_0\" class=\"link\">\n                    <span class=\"link__txt\">Leer m\u00e1s<\/span>\n                    <span class=\"link__icon\">\n                      <svg class=\"icon icon-chevron-right\">\n                        <use xlink:href=\"https:\/\/www.esii.com\/app\/themes\/choosit\/dist\/img\/spritemap.svg#sprite-chevron-right\"><\/use>\n                      <\/svg>\n                    <\/span>\n                  <\/button>\n                <\/li>\n                              <li class=\"ps-block__item swiper-slide\">\n                                    <div class=\"ps-block__quote\">\n                    \u00ab&nbsp;La crisis sanitaria de la COVID puso patas arriba la organizaci\u00f3n de los servicios. Sin perder demasiado tiempo en la&hellip;&nbsp;\u00bb\n                  <\/div>\n                  <button data-open=\"quote_1\" class=\"link\">\n                    <span class=\"link__txt\">Leer m\u00e1s<\/span>\n                    <span class=\"link__icon\">\n                      <svg class=\"icon icon-chevron-right\">\n                        <use xlink:href=\"https:\/\/www.esii.com\/app\/themes\/choosit\/dist\/img\/spritemap.svg#sprite-chevron-right\"><\/use>\n                      <\/svg>\n                    <\/span>\n                  <\/button>\n                <\/li>\n                              <li class=\"ps-block__item swiper-slide\">\n                                    <div class=\"ps-block__quote\">\n                    \u00ab&nbsp;Los ciudadanos est\u00e1n muy satisfechos con la soluci\u00f3n que se ha puesto en marcha para la distribuci\u00f3n de mascarillas. El&hellip;&nbsp;\u00bb\n                  <\/div>\n                  <button data-open=\"quote_2\" class=\"link\">\n                    <span class=\"link__txt\">Leer m\u00e1s<\/span>\n                    <span class=\"link__icon\">\n                      <svg class=\"icon icon-chevron-right\">\n                        <use xlink:href=\"https:\/\/www.esii.com\/app\/themes\/choosit\/dist\/img\/spritemap.svg#sprite-chevron-right\"><\/use>\n                      <\/svg>\n                    <\/span>\n                  <\/button>\n                <\/li>\n                          <\/ul>\n            <div class=\"swiper-navigation\">\n              <div class=\"swiper-pagination\"><\/div>\n              <div class=\"swiper-button-prev swiper-button-disabled\"><\/div>\n              <div class=\"swiper-button-next swiper-button-disabled\"><\/div>\n            <\/div>\n          <\/div>\n        <\/div>\n      <\/div>\n    <\/div>\n  <\/section>\n\n      <div class=\"reveal\" id=\"quote_0\" data-reveal data-animation-in=\"reveal-in\" data-animation-out=\"reveal-out\">\n      <div class=\"reveal__inner\">\n        <div class=\"reveal__content\">\n          <p>Necesit\u00e1bamos gestionar una afluencia repentina de nuevos pacientes. El car\u00e1cter infeccioso de la COVID-19 nos oblig\u00f3 a buscar la soluci\u00f3n m\u00e1s desmaterializada posible para proteger a nuestro personal y a otros pacientes vulnerables. Hab\u00eda que hacer todo el recorrido del paciente (gesti\u00f3n de citas, tareas administrativas y extracciones) fuera del laboratorio. Ya dispon\u00edamos de un sistema a pie de coche, pero nos faltaba la soluci\u00f3n de gesti\u00f3n de citas.<\/p>\n<p>As\u00ed que necesit\u00e1bamos gestionar online las citas. ESII nos proporcion\u00f3 gratuitamente su soluci\u00f3n Orion.<\/p>\n<p>La dotaci\u00f3n y la formaci\u00f3n fueron muy r\u00e1pidas y nos permitieron estar operativos en menos de 48 horas con una soluci\u00f3n personalizada y adaptada a nuestras necesidades.<\/p>\n<p>La gesti\u00f3n administrativa de las citas y del flujo de pacientes se facilit\u00f3 enormemente. Orion nos ha permitido mejorar la organizaci\u00f3n del trabajo y aportar as\u00ed tranquilidad a nuestros empleados.<\/p>\n<p>Los pacientes reciben un SMS recordatorio con la ubicaci\u00f3n exacta del punto de atenci\u00f3n a pie de coche y se presentan a la hora exacta de la cita, lo que limita al m\u00e1ximo la fila de espera.<\/p>\n<p>Esta soluci\u00f3n da a nuestro laboratorio una imagen mucho m\u00e1s profesional.<\/p>\n<p>Una vez probada la eficacia de esta soluci\u00f3n, la hemos aplicado con la misma satisfacci\u00f3n en nuestro segundo punto de atenci\u00f3n a pie de coche.<\/p>\n\n        <\/div>\n        <footer class=\"reveal__footer\">\n                    <div class=\"author\">\n            <span class=\"author__name\">Mireille Billion-Rey<\/span>\n            <span class=\"author__title\">Bi\u00f3loga corresponsable &#8211; Le Labo Parc Monceau<\/span>\n          <\/div>\n        <\/footer>\n        <button class=\"close-button\" data-close aria-label=\"Close modal\" type=\"button\">\n          <span aria-hidden=\"true\"><\/span>\n        <\/button>\n      <\/div>\n    <\/div>\n      <div class=\"reveal\" id=\"quote_1\" data-reveal data-animation-in=\"reveal-in\" data-animation-out=\"reveal-out\">\n      <div class=\"reveal__inner\">\n        <div class=\"reveal__content\">\n          <p>La crisis sanitaria de la COVID puso patas arriba la organizaci\u00f3n de los servicios. Sin perder demasiado tiempo en la redefinici\u00f3n del funcionamiento, hab\u00eda que permitir que los colegas concertaran directamente las citas en lugar de los usuarios. Se trata de una soluci\u00f3n extremadamente sencilla. Me explicaron la metodolog\u00eda: crear las estructuras, definir los planes de trabajo, los usuarios, conceder los permisos. Era relativamente sencillo. En un d\u00eda es dif\u00edcil verlo todo, pero en dos d\u00edas es posible.<br \/>\nEn lo que respecta a los usuarios, hice una reuni\u00f3n de formaci\u00f3n para los colegas. Lo entendieron muy r\u00e1pido. Al principio avanzaban un poco a tientas, pero ellos mismos confesaron que era muy f\u00e1cil de usar.<\/p>\n\n        <\/div>\n        <footer class=\"reveal__footer\">\n                    <div class=\"author\">\n            <span class=\"author__name\">Don Mody TRAORE<\/span>\n            <span class=\"author__title\">Administrador funcional, Ayuntamiento de Saint Denis<\/span>\n          <\/div>\n        <\/footer>\n        <button class=\"close-button\" data-close aria-label=\"Close modal\" type=\"button\">\n          <span aria-hidden=\"true\"><\/span>\n        <\/button>\n      <\/div>\n    <\/div>\n      <div class=\"reveal\" id=\"quote_2\" data-reveal data-animation-in=\"reveal-in\" data-animation-out=\"reveal-out\">\n      <div class=\"reveal__inner\">\n        <div class=\"reveal__content\">\n          <p>Los ciudadanos est\u00e1n muy satisfechos con la soluci\u00f3n que se ha puesto en marcha para la distribuci\u00f3n de mascarillas. El t\u00e9cnico que se encarg\u00f3 de la instalaci\u00f3n fue muy accesible y muy profesional.<br \/>\nNosotros tambi\u00e9n estamos satisfechos y tenemos previsto utilizar las soluciones ESII para los departamentos de vivienda y servicios en el marco de un proyecto m\u00e1s completo con terminales.<\/p>\n\n        <\/div>\n        <footer class=\"reveal__footer\">\n                    <div class=\"author\">\n            <span class=\"author__name\">Do\u00f1a Tooran DANA<\/span>\n            <span class=\"author__title\">Directora de sistemas de informaci\u00f3n, Ayuntamiento de Bagnolet<\/span>\n          <\/div>\n        <\/footer>\n        <button class=\"close-button\" data-close aria-label=\"Close modal\" type=\"button\">\n          <span aria-hidden=\"true\"><\/span>\n        <\/button>\n      <\/div>\n    <\/div>\n  \n\n","protected":false},"excerpt":{"rendered":"<p>Para proteger la salud y la seguridad de sus clientes y empleados, ESII le ayuda a encontrar soluciones apropiadas para su sector y su configuraci\u00f3n. Nuestras soluciones permiten recibir y gestionar la espera respetando las normas sanitarias.<\/p>\n","protected":false},"author":1,"featured_media":10746,"parent":9012,"menu_order":0,"comment_status":"closed","ping_status":"closed","template":"template-besoin.php","meta":{"inline_featured_image":false,"footnotes":""},"activity":[],"class_list":["post-8965","page","type-page","status-publish","has-post-thumbnail","hentry"],"acf":[],"_links":{"self":[{"href":"https:\/\/www.esii.com\/es\/wp-json\/wp\/v2\/pages\/8965","targetHints":{"allow":["GET"]}}],"collection":[{"href":"https:\/\/www.esii.com\/es\/wp-json\/wp\/v2\/pages"}],"about":[{"href":"https:\/\/www.esii.com\/es\/wp-json\/wp\/v2\/types\/page"}],"author":[{"embeddable":true,"href":"https:\/\/www.esii.com\/es\/wp-json\/wp\/v2\/users\/1"}],"replies":[{"embeddable":true,"href":"https:\/\/www.esii.com\/es\/wp-json\/wp\/v2\/comments?post=8965"}],"version-history":[{"count":0,"href":"https:\/\/www.esii.com\/es\/wp-json\/wp\/v2\/pages\/8965\/revisions"}],"up":[{"embeddable":true,"href":"https:\/\/www.esii.com\/es\/wp-json\/wp\/v2\/pages\/9012"}],"wp:featuredmedia":[{"embeddable":true,"href":"https:\/\/www.esii.com\/es\/wp-json\/wp\/v2\/media\/10746"}],"wp:attachment":[{"href":"https:\/\/www.esii.com\/es\/wp-json\/wp\/v2\/media?parent=8965"}],"wp:term":[{"taxonomy":"activity","embeddable":true,"href":"https:\/\/www.esii.com\/es\/wp-json\/wp\/v2\/activity?post=8965"}],"curies":[{"name":"wp","href":"https:\/\/api.w.org\/{rel}","templated":true}]}}