{"id":8959,"date":"2022-03-21T16:48:01","date_gmt":"2022-03-21T15:48:01","guid":{"rendered":"https:\/\/www.esii.com\/integracion\/"},"modified":"2022-06-03T10:35:30","modified_gmt":"2022-06-03T08:35:30","slug":"integracion","status":"publish","type":"page","link":"https:\/\/www.esii.com\/es\/experiencia-tecnica\/integracion\/","title":{"rendered":"Integraci\u00f3n"},"content":{"rendered":"<section class=\"ps-block ps-block--heading\">\n  <div class=\"ps-block__container\">\n    <div class=\"ps-block__grid\">\n      <div class=\"ps-block__content\">\n        <div class=\"ps-block__body\">\n          <div class=\"ps-block__item\">\n            \n<h2 id=\"apis-disponibles\">API disponibles<\/h2>\n\n          <\/div>\n        <\/div>\n      <\/div>\n    <\/div>\n  <\/div>\n<\/section>\n\n\n<section class=\"ps-block ps-block--paragraph\">\n  <div class=\"ps-block__container\">\n    <div class=\"ps-block__grid\">\n      <div class=\"ps-block__content\">\n        <div class=\"ps-block__body\">\n          <div class=\"ps-block__item\">\n            \n<p>Nuestras API han sido creadas para proporcionarle la m\u00e1xima flexibilidad y una escalabilidad permanente. Permiten que las aplicaciones interact\u00faen directamente con su plataforma Orion, mejorando as\u00ed la funcionalidad y aumentando la eficacia de la gesti\u00f3n en implementaciones a gran escala.<\/p>\n\n          <\/div>\n        <\/div>\n      <\/div>\n    <\/div>\n  <\/div>\n<\/section>\n\n\n  <section class=\"ps-block ps-block--buttons\">\n    <div class=\"ps-block__container\">\n      <div class=\"ps-block__grid\">\n        <div class=\"ps-block__content\">\n          <div class=\"button-group\">\n                                    <a href=\"https:\/\/portal-api.esii-orion.com\/\" class=\"button\" target=\"\" rel=\"noopener\">\n                <span>Leer m\u00e1s<\/span>\n              <\/a>\n                                <\/div>\n        <\/div>\n      <\/div>\n    <\/div>\n  <\/section>\n\n\n<section class=\"ps-block ps-block--quote\">\n  <div class=\"ps-block__container\">\n    <div class=\"ps-block__grid\">\n      <div class=\"ps-block__content\">\n        <div class=\"ps-block__body\">\n          <div class=\"ps-block__item\">\n            \n<blockquote class=\"wp-block-quote\"><p>API de inyecci\u00f3n de citas<\/p><\/blockquote>\n\n          <\/div>\n        <\/div>\n      <\/div>\n    <\/div>\n  <\/div>\n<\/section>\n\n\n<section class=\"ps-block ps-block--quote\">\n  <div class=\"ps-block__container\">\n    <div class=\"ps-block__grid\">\n      <div class=\"ps-block__content\">\n        <div class=\"ps-block__body\">\n          <div class=\"ps-block__item\">\n            \n<blockquote class=\"wp-block-quote\"><p>API de recuperaci\u00f3n de condiciones de espera<\/p><cite>en tiempo real o espera habitual<\/cite><\/blockquote>\n\n          <\/div>\n        <\/div>\n      <\/div>\n    <\/div>\n  <\/div>\n<\/section>\n\n\n<section class=\"ps-block ps-block--quote\">\n  <div class=\"ps-block__container\">\n    <div class=\"ps-block__grid\">\n      <div class=\"ps-block__content\">\n        <div class=\"ps-block__body\">\n          <div class=\"ps-block__item\">\n            \n<blockquote class=\"wp-block-quote\"><p>API de recuperaci\u00f3n de franjas de citas<\/p><cite>y bloqueo de una franja y reserva de una franja<\/cite><\/blockquote>\n\n          <\/div>\n        <\/div>\n      <\/div>\n    <\/div>\n  <\/div>\n<\/section>\n\n\n<section class=\"ps-block ps-block--quote\">\n  <div class=\"ps-block__container\">\n    <div class=\"ps-block__grid\">\n      <div class=\"ps-block__content\">\n        <div class=\"ps-block__body\">\n          <div class=\"ps-block__item\">\n            \n<blockquote class=\"wp-block-quote\"><p>API de inyecci\u00f3n de un pedido<\/p><cite>Un pedido se pueden inyectar v\u00eda API. Si ya existe un pedido con el mismo n\u00famero en el mismo sitio, se ignora.<\/cite><\/blockquote>\n\n          <\/div>\n        <\/div>\n      <\/div>\n    <\/div>\n  <\/div>\n<\/section>\n\n\n<section class=\"ps-block ps-block--heading\">\n  <div class=\"ps-block__container\">\n    <div class=\"ps-block__grid\">\n      <div class=\"ps-block__content\">\n        <div class=\"ps-block__body\">\n          <div class=\"ps-block__item\">\n            \n<h3 id=\"benefices-de-nos-apis\">Ventajas de nuestras API<\/h3>\n\n          <\/div>\n        <\/div>\n      <\/div>\n    <\/div>\n  <\/div>\n<\/section>\n\n\n<section class=\"ps-block ps-block--items-grid\">\n  <div class=\"ps-block__container\">\n    <div class=\"ps-block__grid\">\n      <div class=\"ps-block__content\">\n        <div class=\"ps-block__body\">\n                      <div class=\"ps-block__item\">\n                                                  <figure class=\"ps-block__img lazy-image\">\n  <img loading=\"lazy\" decoding=\"async\" src=\"data:image\/svg+xml,%3Csvg xmlns='http:\/\/www.w3.org\/2000\/svg' viewBox='0 0 120 120'%3E%3C\/svg%3E\"\n       data-src=\"https:\/\/www.esii.com\/app\/uploads\/2021\/11\/GestionParcours_120x120-1.png\"\n       data-srcset=\"https:\/\/www.esii.com\/app\/uploads\/2021\/11\/GestionParcours_120x120-1.png 330w\"\n       sizes=\"auto, 330px\"\n       width=\"120\"\n       height=\"120\"\n       alt=\"citizen journey\"\n  >\n<\/figure>\n                                                  <div class=\"ps-block__item__caption\">\n                                                              <span class=\"ps-block__item__caption--title\">\n                        Facilidad de interacci\u00f3n\n                      <\/span>\n                                      <\/div>\n                                          <\/div>\n                      <div class=\"ps-block__item\">\n                                                  <figure class=\"ps-block__img lazy-image\">\n  <img loading=\"lazy\" decoding=\"async\" src=\"data:image\/svg+xml,%3Csvg xmlns='http:\/\/www.w3.org\/2000\/svg' viewBox='0 0 120 120'%3E%3C\/svg%3E\"\n       data-src=\"https:\/\/www.esii.com\/app\/uploads\/2021\/12\/Picto_Conditions-dattente-en-temps-reel_120x120.png\"\n       data-srcset=\"https:\/\/www.esii.com\/app\/uploads\/2021\/12\/Picto_Conditions-dattente-en-temps-reel_120x120.png 330w\"\n       sizes=\"auto, 330px\"\n       width=\"120\"\n       height=\"120\"\n       alt=\"tiempo real\"\n  >\n<\/figure>\n                                                  <div class=\"ps-block__item__caption\">\n                                                              <span class=\"ps-block__item__caption--title\">\n                        Ahorro de tiempo\n                      <\/span>\n                                      <\/div>\n                                          <\/div>\n                      <div class=\"ps-block__item\">\n                                                  <figure class=\"ps-block__img lazy-image\">\n  <img loading=\"lazy\" decoding=\"async\" src=\"data:image\/svg+xml,%3Csvg xmlns='http:\/\/www.w3.org\/2000\/svg' viewBox='0 0 120 120'%3E%3C\/svg%3E\"\n       data-src=\"https:\/\/www.esii.com\/app\/uploads\/2022\/01\/Coffre-fort-electronique-prive-et-personnel_120x120.png\"\n       data-srcset=\"https:\/\/www.esii.com\/app\/uploads\/2022\/01\/Coffre-fort-electronique-prive-et-personnel_120x120.png 330w\"\n       sizes=\"auto, 330px\"\n       width=\"120\"\n       height=\"120\"\n       alt=\"\"\n  >\n<\/figure>\n                                                  <div class=\"ps-block__item__caption\">\n                                                              <span class=\"ps-block__item__caption--title\">\n                        Seguridad\n                      <\/span>\n                                      <\/div>\n                                          <\/div>\n                  <\/div>\n      <\/div>\n    <\/div>\n  <\/div>\n<\/section>\n\n\n\n<section class=\"ps-block ps-block--heading\">\n  <div class=\"ps-block__container\">\n    <div class=\"ps-block__grid\">\n      <div class=\"ps-block__content\">\n        <div class=\"ps-block__body\">\n          <div class=\"ps-block__item\">\n            \n<h2 id=\"interoperabilite\">Interoperabilidad<\/h2>\n\n          <\/div>\n        <\/div>\n      <\/div>\n    <\/div>\n  <\/div>\n<\/section>\n\n\n<section class=\"ps-block ps-block--paragraph\">\n  <div class=\"ps-block__container\">\n    <div class=\"ps-block__grid\">\n      <div class=\"ps-block__content\">\n        <div class=\"ps-block__body\">\n          <div class=\"ps-block__item\">\n            \n<p>Nuestra experiencia en diversos sectores, nos permite desarrollar <strong>soluciones interoperables con el software profesional<\/strong> imprescindible para ofrecerle soluciones completas que satisfagan sus necesidades a lo largo del recorrido del visitante.<\/p>\n\n          <\/div>\n        <\/div>\n      <\/div>\n    <\/div>\n  <\/div>\n<\/section>\n\n\n<section class=\"ps-block ps-block--paragraph\">\n  <div class=\"ps-block__container\">\n    <div class=\"ps-block__grid\">\n      <div class=\"ps-block__content\">\n        <div class=\"ps-block__body\">\n          <div class=\"ps-block__item\">\n            \n<p>En el sector sanitario, nuestras soluciones interoperables permiten que la informaci\u00f3n sea accesible a todos los actores del recorrido asistencial para mejorar la atenci\u00f3n y la calidad asistencial mediante un recorrido fluido y completo del paciente.<\/p>\n\n          <\/div>\n        <\/div>\n      <\/div>\n    <\/div>\n  <\/div>\n<\/section>\n\n\n<section class=\"ps-block ps-block--paragraph\">\n  <div class=\"ps-block__container\">\n    <div class=\"ps-block__grid\">\n      <div class=\"ps-block__content\">\n        <div class=\"ps-block__body\">\n          <div class=\"ps-block__item\">\n            \n<p>Hemos creado <strong>numerosas interfaces<\/strong> para que nuestras soluciones permitan <strong>automatizar la orientaci\u00f3n del paciente y la apertura de su estancia (sistema de gesti\u00f3n hospitalaria e historia cl\u00ednica electr\u00f3nica)<\/strong>.<\/p>\n\n          <\/div>\n        <\/div>\n      <\/div>\n    <\/div>\n  <\/div>\n<\/section>\n\n\n<section class=\"ps-block ps-block--paragraph\">\n  <div class=\"ps-block__container\">\n    <div class=\"ps-block__grid\">\n      <div class=\"ps-block__content\">\n        <div class=\"ps-block__body\">\n          <div class=\"ps-block__item\">\n            \n<p>Nuestras soluciones son <strong>compatibles con HL7<\/strong> e <strong>interoperables con el conjunto de los sistemas de informaci\u00f3n (SIR-SIH)<\/strong> para:<\/p>\n\n          <\/div>\n        <\/div>\n      <\/div>\n    <\/div>\n  <\/div>\n<\/section>\n\n\n\n\n<section class=\"ps-block ps-block--heading\">\n  <div class=\"ps-block__container\">\n    <div class=\"ps-block__grid\">\n      <div class=\"ps-block__content\">\n        <div class=\"ps-block__body\">\n          <div class=\"ps-block__item\">\n            \n<h2 id=\"pages-liees\">P\u00e1ginas relacionadas<\/h2>\n\n          <\/div>\n        <\/div>\n      <\/div>\n    <\/div>\n  <\/div>\n<\/section>\n\n\n<section class=\"ps-block ps-block--internal-links\">\n  <div class=\"ps-block__container\">\n    <div class=\"ps-block__grid\">\n      <svg class=\"ps-block__blob\" xmlns=\"http:\/\/www.w3.org\/2000\/svg\" width=\"641.356\" height=\"596.235\" viewBox=\"0 0 641.356 596.235\">\n        <path d=\"M544.187,105.65c61.378,63.04,107.514,153.039,95.156,238.475-12.77,85.436-83.21,166.311-173.423,211.932-89.8,45.207-198.963,55.161-287.116,14.931S23.506,440.345,5.381,343.3C-13.156,245.832,17.327,142.147,79.528,79.521c62.2-63.04,155.71-85.022,240.98-78.386S482.809,43.024,544.187,105.65Z\" fill=\"#f2f4f8\"\/>\n      <\/svg>\n      <ul class=\"ps-block__list\">\n                  <li class=\"posts__item\">\n  <article class=\"card\">\n          <div class=\"card__thumb\">\n          <figure class=\" lazy-image\">\n  <img loading=\"lazy\" decoding=\"async\" src=\"data:image\/svg+xml,%3Csvg xmlns='http:\/\/www.w3.org\/2000\/svg' viewBox='0 0 568 358'%3E%3C\/svg%3E\"\n       data-src=\"https:\/\/www.esii.com\/app\/uploads\/2022\/04\/server-esii-568x358.webp\"\n       data-srcset=\"https:\/\/www.esii.com\/app\/uploads\/2022\/04\/server-esii-568x358.webp 568w\"\n       sizes=\"auto, 568px\"\n       width=\"568\"\n       height=\"358\"\n       alt=\"server-esii\"\n  >\n<\/figure>\n      <\/div>\n            <div class=\"card__content\">\n      <ul class=\"card__labels labels\">\n              <\/ul>\n      <h3 class=\"card__title\">\n        <a href=\"https:\/\/www.esii.com\/es\/experiencia-tecnica\/esii-y-las-directrices-del-rgpd\/\">ESII y las directrices del RGPD<\/a>\n      <\/h3>\n    <\/div>\n              <p class=\"card__excerpt card__excerptfix\">Nuestras soluciones cumplen las normas del RGPD.<\/p>\n          <footer class=\"card__footer\">\n            <button class=\"card__link\" aria-label=\"Leer el art\u00edculo\">\n        <svg class=\"icon icon-chevron-right\">\n          <use xlink:href=\"https:\/\/www.esii.com\/app\/themes\/choosit\/dist\/img\/spritemap.svg#sprite-chevron-right\"><\/use>\n        <\/svg>\n      <\/button>\n    <\/footer>\n  <\/article>\n<\/li>\n                  <li class=\"posts__item\">\n  <article class=\"card\">\n          <div class=\"card__thumb\">\n          <figure class=\" lazy-image\">\n  <img loading=\"lazy\" decoding=\"async\" src=\"data:image\/svg+xml,%3Csvg xmlns='http:\/\/www.w3.org\/2000\/svg' viewBox='0 0 568 358'%3E%3C\/svg%3E\"\n       data-src=\"https:\/\/www.esii.com\/app\/uploads\/2022\/04\/securite-568x358.webp\"\n       data-srcset=\"https:\/\/www.esii.com\/app\/uploads\/2022\/04\/securite-568x358.webp 568w\"\n       sizes=\"auto, 568px\"\n       width=\"568\"\n       height=\"358\"\n       alt=\"securite ESII\"\n  >\n<\/figure>\n      <\/div>\n            <div class=\"card__content\">\n      <ul class=\"card__labels labels\">\n              <\/ul>\n      <h3 class=\"card__title\">\n        <a href=\"https:\/\/www.esii.com\/es\/experiencia-tecnica\/seguridad\/\">Seguridad<\/a>\n      <\/h3>\n    <\/div>\n              <p class=\"card__excerpt card__excerptfix\">Nuestra soluci\u00f3n Orion es completamente segura: implementamos los procesos y planes de seguridad adecuados para evitar cualquier intrusi\u00f3n en su&hellip;<\/p>\n          <footer class=\"card__footer\">\n            <button class=\"card__link\" aria-label=\"Leer el art\u00edculo\">\n        <svg class=\"icon icon-chevron-right\">\n          <use xlink:href=\"https:\/\/www.esii.com\/app\/themes\/choosit\/dist\/img\/spritemap.svg#sprite-chevron-right\"><\/use>\n        <\/svg>\n      <\/button>\n    <\/footer>\n  <\/article>\n<\/li>\n                  <li class=\"posts__item\">\n  <article class=\"card\">\n          <div class=\"card__thumb\">\n          <figure class=\" lazy-image\">\n  <img loading=\"lazy\" decoding=\"async\" src=\"data:image\/svg+xml,%3Csvg xmlns='http:\/\/www.w3.org\/2000\/svg' viewBox='0 0 568 358'%3E%3C\/svg%3E\"\n       data-src=\"https:\/\/www.esii.com\/app\/uploads\/2022\/04\/saas-esii-568x358.webp\"\n       data-srcset=\"https:\/\/www.esii.com\/app\/uploads\/2022\/04\/saas-esii-568x358.webp 568w\"\n       sizes=\"auto, 568px\"\n       width=\"568\"\n       height=\"358\"\n       alt=\"saas-esii\"\n  >\n<\/figure>\n      <\/div>\n            <div class=\"card__content\">\n      <ul class=\"card__labels labels\">\n              <\/ul>\n      <h3 class=\"card__title\">\n        <a href=\"https:\/\/www.esii.com\/es\/experiencia-tecnica\/hospedaje-de-nuestras-soluciones\/\">Hospedaje de nuestras soluciones<\/a>\n      <\/h3>\n    <\/div>\n              <p class=\"card__excerpt card__excerptfix\">Si desea m\u00e1s informaci\u00f3n sobre la plataforma SaaS de nuestra soluci\u00f3n Orion y sus especificidades, no dude en ponerse en&hellip;<\/p>\n          <footer class=\"card__footer\">\n            <button class=\"card__link\" aria-label=\"Leer el art\u00edculo\">\n        <svg class=\"icon icon-chevron-right\">\n          <use xlink:href=\"https:\/\/www.esii.com\/app\/themes\/choosit\/dist\/img\/spritemap.svg#sprite-chevron-right\"><\/use>\n        <\/svg>\n      <\/button>\n    <\/footer>\n  <\/article>\n<\/li>\n              <\/ul>\n    <\/div>\n  <\/div>\n<\/section>\n\n\n","protected":false},"excerpt":{"rendered":"<p>Nuestras API han sido creadas para proporcionarle la m\u00e1xima flexibilidad y una escalabilidad permanente. Permiten que las aplicaciones interact\u00faen directamente con su plataforma Orion, mejorando as\u00ed la funcionalidad y aumentando la eficacia de la gesti\u00f3n en implementaciones a gran escala.<\/p>\n","protected":false},"author":1,"featured_media":10148,"parent":9000,"menu_order":0,"comment_status":"closed","ping_status":"closed","template":"","meta":{"inline_featured_image":false,"footnotes":""},"activity":[],"class_list":["post-8959","page","type-page","status-publish","has-post-thumbnail","hentry"],"acf":[],"_links":{"self":[{"href":"https:\/\/www.esii.com\/es\/wp-json\/wp\/v2\/pages\/8959","targetHints":{"allow":["GET"]}}],"collection":[{"href":"https:\/\/www.esii.com\/es\/wp-json\/wp\/v2\/pages"}],"about":[{"href":"https:\/\/www.esii.com\/es\/wp-json\/wp\/v2\/types\/page"}],"author":[{"embeddable":true,"href":"https:\/\/www.esii.com\/es\/wp-json\/wp\/v2\/users\/1"}],"replies":[{"embeddable":true,"href":"https:\/\/www.esii.com\/es\/wp-json\/wp\/v2\/comments?post=8959"}],"version-history":[{"count":0,"href":"https:\/\/www.esii.com\/es\/wp-json\/wp\/v2\/pages\/8959\/revisions"}],"up":[{"embeddable":true,"href":"https:\/\/www.esii.com\/es\/wp-json\/wp\/v2\/pages\/9000"}],"wp:featuredmedia":[{"embeddable":true,"href":"https:\/\/www.esii.com\/es\/wp-json\/wp\/v2\/media\/10148"}],"wp:attachment":[{"href":"https:\/\/www.esii.com\/es\/wp-json\/wp\/v2\/media?parent=8959"}],"wp:term":[{"taxonomy":"activity","embeddable":true,"href":"https:\/\/www.esii.com\/es\/wp-json\/wp\/v2\/activity?post=8959"}],"curies":[{"name":"wp","href":"https:\/\/api.w.org\/{rel}","templated":true}]}}