{"id":8956,"date":"2022-03-21T16:47:47","date_gmt":"2022-03-21T15:47:47","guid":{"rendered":"https:\/\/www.esii.com\/red-de-distribuidores-internacionales\/"},"modified":"2023-09-21T11:25:36","modified_gmt":"2023-09-21T09:25:36","slug":"red-de-distribuidores-internacionales","status":"publish","type":"page","link":"https:\/\/www.esii.com\/es\/red-de-distribuidores-internacionales\/","title":{"rendered":"Red de distribuidores internacionales"},"content":{"rendered":"<section class=\"ps-block ps-block--paragraph\">\n  <div class=\"ps-block__container\">\n    <div class=\"ps-block__grid\">\n      <div class=\"ps-block__content\">\n        <div class=\"ps-block__body\">\n          <div class=\"ps-block__item\">\n            \n<p>Adem\u00e1s, para estar m\u00e1s cerca de nuestros clientes y nuestros mercados, nuestras soluciones est\u00e1n traducidas a 5 idiomas diferentes.<\/p>\n\n          <\/div>\n        <\/div>\n      <\/div>\n    <\/div>\n  <\/div>\n<\/section>\n\n\n<section class=\"ps-block ps-block--paragraph\">\n  <div class=\"ps-block__container\">\n    <div class=\"ps-block__grid\">\n      <div class=\"ps-block__content\">\n        <div class=\"ps-block__body\">\n          <div class=\"ps-block__item\">\n            \n<p>A escala internacional, ofrecemos a nuestros clientes una red de ventas y servicios que se encuentra entre las m\u00e1s importantes del sector de gesti\u00f3n de la recepci\u00f3n.<\/p>\n\n          <\/div>\n        <\/div>\n      <\/div>\n    <\/div>\n  <\/div>\n<\/section>\n\n\n<section class=\"ps-block ps-block--paragraph\">\n  <div class=\"ps-block__container\">\n    <div class=\"ps-block__grid\">\n      <div class=\"ps-block__content\">\n        <div class=\"ps-block__body\">\n          <div class=\"ps-block__item\">\n            \n<p>De este modo, los clientes de ESII en todo el mundo se benefician de nuestra <strong>proximidad<\/strong>, nuestra <strong>rapidez de reacci\u00f3n<\/strong> y de nuestra <strong>capacidad de adaptaci\u00f3n a las necesidades locales<\/strong>.<\/p>\n\n          <\/div>\n        <\/div>\n      <\/div>\n    <\/div>\n  <\/div>\n<\/section>\n\n\n<section class=\"ps-block ps-block--shortcode\">\n           \n<iframe src='https:\/\/esii.com\/map\/' id='iframemap' frameBorder='0'><\/iframe>\n\n \n\n<section class=\"ps-block ps-block--cta\">\n  <div class=\"ps-block__container\">\n    <div class=\"ps-block__bg\">\n      <div class=\"ps-block__blob\">\n        <svg xmlns=\"http:\/\/www.w3.org\/2000\/svg\" width=\"789.469\" height=\"728.959\" viewBox=\"0 0 789.469 728.959\">\n          <path d=\"M669.861,129.168C745.413,206.241,802.2,316.274,786.992,420.729,771.273,525.184,684.566,624.061,573.519,679.838c-110.54,55.27-244.911,67.439-353.423,18.254S28.934,538.367,6.623,419.715c-22.818-119.16,14.7-245.925,91.271-322.492C174.461,20.149,289.564-6.725,394.526,1.388S594.309,52.6,669.861,129.168Z\" transform=\"translate(0 0)\" fill=\"#2b2d33\"\/>\n        <\/svg>\n      <\/div>\n    <\/div>\n    <div class=\"ps-block__grid\">\n      <div class=\"ps-block__content\">\n        <div class=\"ps-block__body\">\n\n                      <div class=\"ps-block__heading\">\n                                            <span class=\"ps-block__title\">\u00bfQuiere convertirse en socio de ESII?<\/span>\n                          <\/div>\n          \n                      <p class=\"ps-block__txt\">Nuestra b\u00fasqueda de nuevos socios es constante.<\/p>\n          \n          <div class=\"ps-block__button\">\n            <a href=\"convi\u00e9rtase-en-socio\" class=\"button button--icon\" target=\"\">\n              <span>Ir al formulario<\/span>\n              <svg class=\"icon icon-arrow-right\">\n                <use xlink:href=\"https:\/\/www.esii.com\/app\/themes\/choosit\/dist\/img\/spritemap.svg#sprite-arrow-right\"><\/use>\n              <\/svg>\n            <\/a>\n          <\/div>\n        <\/div>\n\n      <\/div>\n    <\/div>\n  <\/div>\n<\/section>\n\n\n\n<section class=\"ps-block ps-block--heading\">\n  <div class=\"ps-block__container\">\n    <div class=\"ps-block__grid\">\n      <div class=\"ps-block__content\">\n        <div class=\"ps-block__body\">\n          <div class=\"ps-block__item\">\n            \n<h2 class=\"wp-block-heading\">P\u00e1ginas relacionadas<\/h2>\n\n          <\/div>\n        <\/div>\n      <\/div>\n    <\/div>\n  <\/div>\n<\/section>\n\n\n<section class=\"ps-block ps-block--internal-links\">\n  <div class=\"ps-block__container\">\n    <div class=\"ps-block__grid\">\n      <svg class=\"ps-block__blob\" xmlns=\"http:\/\/www.w3.org\/2000\/svg\" width=\"641.356\" height=\"596.235\" viewBox=\"0 0 641.356 596.235\">\n        <path d=\"M544.187,105.65c61.378,63.04,107.514,153.039,95.156,238.475-12.77,85.436-83.21,166.311-173.423,211.932-89.8,45.207-198.963,55.161-287.116,14.931S23.506,440.345,5.381,343.3C-13.156,245.832,17.327,142.147,79.528,79.521c62.2-63.04,155.71-85.022,240.98-78.386S482.809,43.024,544.187,105.65Z\" fill=\"#f2f4f8\"\/>\n      <\/svg>\n      <ul class=\"ps-block__list\">\n                  <li class=\"posts__item\">\n  <article class=\"card\">\n          <div class=\"card__thumb\">\n          <figure class=\" lazy-image\">\n  <img loading=\"lazy\" decoding=\"async\" src=\"data:image\/svg+xml,%3Csvg xmlns='http:\/\/www.w3.org\/2000\/svg' viewBox='0 0 568 358'%3E%3C\/svg%3E\"\n       data-src=\"https:\/\/www.esii.com\/app\/uploads\/2022\/04\/Devenir-partenaire-568x358.webp\"\n       data-srcset=\"https:\/\/www.esii.com\/app\/uploads\/2022\/04\/Devenir-partenaire-568x358.webp 568w\"\n       sizes=\"auto, 568px\"\n       width=\"568\"\n       height=\"358\"\n       alt=\"Devenir-partenaire avec esii\"\n  >\n<\/figure>\n      <\/div>\n            <div class=\"card__content\">\n      <ul class=\"card__labels labels\">\n              <\/ul>\n      <h3 class=\"card__title\">\n        <a href=\"https:\/\/www.esii.com\/es\/conviertase-en-socio\/\">Convi\u00e9rtase en socio<\/a>\n      <\/h3>\n    <\/div>\n              <p class=\"card__excerpt card__excerptfix\">ESII, l\u00edder franc\u00e9s en la gesti\u00f3n de filas de espera, ofrece una amplia gama de productos de gesti\u00f3n de recepci\u00f3n&hellip;<\/p>\n          <footer class=\"card__footer\">\n            <button class=\"card__link\" aria-label=\"Leer el art\u00edculo\">\n        <svg class=\"icon icon-chevron-right\">\n          <use xlink:href=\"https:\/\/www.esii.com\/app\/themes\/choosit\/dist\/img\/spritemap.svg#sprite-chevron-right\"><\/use>\n        <\/svg>\n      <\/button>\n    <\/footer>\n  <\/article>\n<\/li>\n                  <li class=\"posts__item\">\n  <article class=\"card\">\n          <div class=\"card__thumb\">\n          <figure class=\" lazy-image\">\n  <img loading=\"lazy\" decoding=\"async\" src=\"data:image\/svg+xml,%3Csvg xmlns='http:\/\/www.w3.org\/2000\/svg' viewBox='0 0 568 358'%3E%3C\/svg%3E\"\n       data-src=\"https:\/\/www.esii.com\/app\/uploads\/2022\/12\/filiale-esii-568x358.webp\"\n       data-srcset=\"https:\/\/www.esii.com\/app\/uploads\/2022\/12\/filiale-esii-568x358.webp 568w\"\n       sizes=\"auto, 568px\"\n       width=\"568\"\n       height=\"358\"\n       alt=\"\"\n  >\n<\/figure>\n      <\/div>\n            <div class=\"card__content\">\n      <ul class=\"card__labels labels\">\n              <\/ul>\n      <h3 class=\"card__title\">\n        <a href=\"https:\/\/www.esii.com\/es\/nuestras-filiales\/\">Nuestras filiales<\/a>\n      <\/h3>\n    <\/div>\n              <p class=\"card__excerpt card__excerptfix\">ESII est\u00e1 presente en Francia y a nivel internacional. Si desea venir a vernos, consulte nuestras direcciones.<\/p>\n          <footer class=\"card__footer\">\n            <button class=\"card__link\" aria-label=\"Leer el art\u00edculo\">\n        <svg class=\"icon icon-chevron-right\">\n          <use xlink:href=\"https:\/\/www.esii.com\/app\/themes\/choosit\/dist\/img\/spritemap.svg#sprite-chevron-right\"><\/use>\n        <\/svg>\n      <\/button>\n    <\/footer>\n  <\/article>\n<\/li>\n              <\/ul>\n    <\/div>\n  <\/div>\n<\/section>\n\n\n","protected":false},"excerpt":{"rendered":"<p>Nuestros productos y servicios est\u00e1n disponibles en alrededor de 50 pa\u00edses.<\/p>\n","protected":false},"author":1,"featured_media":10052,"parent":0,"menu_order":12,"comment_status":"closed","ping_status":"closed","template":"","meta":{"inline_featured_image":false,"footnotes":""},"activity":[],"class_list":["post-8956","page","type-page","status-publish","has-post-thumbnail","hentry"],"acf":[],"_links":{"self":[{"href":"https:\/\/www.esii.com\/es\/wp-json\/wp\/v2\/pages\/8956","targetHints":{"allow":["GET"]}}],"collection":[{"href":"https:\/\/www.esii.com\/es\/wp-json\/wp\/v2\/pages"}],"about":[{"href":"https:\/\/www.esii.com\/es\/wp-json\/wp\/v2\/types\/page"}],"author":[{"embeddable":true,"href":"https:\/\/www.esii.com\/es\/wp-json\/wp\/v2\/users\/1"}],"replies":[{"embeddable":true,"href":"https:\/\/www.esii.com\/es\/wp-json\/wp\/v2\/comments?post=8956"}],"version-history":[{"count":0,"href":"https:\/\/www.esii.com\/es\/wp-json\/wp\/v2\/pages\/8956\/revisions"}],"wp:featuredmedia":[{"embeddable":true,"href":"https:\/\/www.esii.com\/es\/wp-json\/wp\/v2\/media\/10052"}],"wp:attachment":[{"href":"https:\/\/www.esii.com\/es\/wp-json\/wp\/v2\/media?parent=8956"}],"wp:term":[{"taxonomy":"activity","embeddable":true,"href":"https:\/\/www.esii.com\/es\/wp-json\/wp\/v2\/activity?post=8956"}],"curies":[{"name":"wp","href":"https:\/\/api.w.org\/{rel}","templated":true}]}}