{"id":8952,"date":"2022-03-21T16:47:26","date_gmt":"2022-03-21T15:47:26","guid":{"rendered":"https:\/\/www.esii.com\/carrera\/calidad-de-vida-laboral\/"},"modified":"2022-12-21T16:20:07","modified_gmt":"2022-12-21T15:20:07","slug":"calidad-de-vida-laboral","status":"publish","type":"page","link":"https:\/\/www.esii.com\/es\/calidad-de-vida-laboral\/","title":{"rendered":"Calidad de vida laboral"},"content":{"rendered":"<section class=\"ps-block ps-block--intro\">\n  <div class=\"ps-block__container\">\n    <div class=\"ps-block__grid\">\n      <div class=\"ps-block__content\">\n        <p>He aqu\u00ed algunos ejemplos de iniciativas en materia de CVL:<\/p>\n      <\/div>\n    <\/div>\n  <\/div>\n<\/section>\n\n\n<section class=\"ps-block ps-block--heading\">\n  <div class=\"ps-block__container\">\n    <div class=\"ps-block__grid\">\n      <div class=\"ps-block__content\">\n        <div class=\"ps-block__body\">\n          <div class=\"ps-block__item\">\n            \n<h2 id=\"car-la-qualite-c-est-important-esii-vous-propose\">Porque la calidad es importante, ESII le propone:<\/h2>\n\n          <\/div>\n        <\/div>\n      <\/div>\n    <\/div>\n  <\/div>\n<\/section>\n\n\n<section class=\"ps-block ps-block--list\">\n  <div class=\"ps-block__container\">\n    <div class=\"ps-block__grid\">\n      <div class=\"ps-block__content\">\n        <div class=\"ps-block__body\">\n          <div class=\"ps-block__item\"><ul>\n                                <li>\n<li>Reuniones de servicio, estrategia y gobernanza en cada departamento con <strong>libre expresi\u00f3n de tensiones e ideas de mejora<\/strong>.<\/li>\n<\/li>\n                                <li>\n<li><strong>2 reuniones generales anuales<\/strong>.<\/li>\n<\/li>\n                                <li>\n<li>Polos, unidades de negocio, comit\u00e9s de pilotaje, reuniones de planificaci\u00f3n estrat\u00e9gica, etc. con participaci\u00f3n de <strong>diversos empleados<\/strong>.<\/li>\n<\/li>\n                                <li>\n<li><strong>Incentivos<\/strong> adem\u00e1s de la participaci\u00f3n.<\/li>\n<\/li>\n                                <li>\n<li>Grupos de trabajo para <strong>habilitaci\u00f3n de espacios comunes<\/strong>.<\/li>\n<\/li>\n                                <li>\n<li>Dotaci\u00f3n de un <strong>gimnasio y una cocina<\/strong>.<\/li>\n<\/li>\n                                <li>\n<li>Capacitaci\u00f3n en grupo para los gestores locales y fortalecimiento de la <strong>relaci\u00f3n entre gestor y RR.&nbsp;HH.<\/strong>.<\/li>\n<\/li>\n                                <li>\n<li>Consideraci\u00f3n y, a menudo, aceptaci\u00f3n del <strong>trabajo a tiempo parcial<\/strong>.<\/li>\n<\/li>\n                                <li>\n<li>Proceso completo de <strong>integraci\u00f3n de los nuevos asalariados<\/strong>.<\/li>\n<\/li>\n                                <li>\n<li>Consideraci\u00f3n y, a menudo, aceptaci\u00f3n de <strong>solicitudes de traslado<\/strong>.<\/li>\n<\/li>\n                                <li>\n<li>Garantizar que todos los asalariados hayan realizado <strong>al menos un curso de formaci\u00f3n cada 6 a\u00f1os<\/strong>.<\/li>\n<\/li>\n                                <li>\n<li>Mantener el <strong>\u00edndice de contratos indefinidos\/temporales actual<\/strong> a largo plazo y limitar al m\u00ednimo el n\u00famero de <strong>contratos de profesionalizaci\u00f3n y formaci\u00f3n dual<\/strong>.<\/li>\n<\/li>\n                                <li>\n<li>Prestar <strong>especial atenci\u00f3n a los trabajadores discapacitados<\/strong>: adecuaci\u00f3n del puesto de trabajo, etc.<\/li>\n<\/li>\n                                <li>\n<li><strong>Promociones internas<\/strong> e interdepartamentales.<\/li>\n<\/li>\n                                <li>\n<li><strong>Normas de evoluci\u00f3n<\/strong> salarial transparentes.<\/li>\n<\/li>\n                        <\/ul><\/div>\n        <\/div>\n      <\/div>\n    <\/div>\n  <\/div>\n<\/section>\n\n\n<section class=\"ps-block ps-block--masonry js-photoswipe\">\n  <div class=\"ps-block__container\">\n    <div class=\"ps-block__grid\">\n      <div class=\"ps-block__content\">\n        <div class=\"masonry js-masonry\">\n          <div class=\"js-grid-sizer\"><\/div>\n          <div class=\"js-gutter-sizer\"><\/div>\n\n                      <div class=\"masonry-item js-grid-item\">\n                          <div class=\"masonry-item__thumb\">\n                <figure itemprop=\"associatedMedia\" itemscope itemtype=\"http:\/\/schema.org\/ImageObject\">\n                  <a href=\"https:\/\/www.esii.com\/app\/uploads\/2022\/02\/world-cleaning-day.jpg\" itemprop=\"contentUrl\" data-size=\"568x1010\" class=\"lazy-image\">\n                    <img loading=\"lazy\" decoding=\"async\"\n                      src=\"data:image\/svg+xml,%3Csvg xmlns='http:\/\/www.w3.org\/2000\/svg' viewBox='0 0 568 1010'%3E%3C\/svg%3E\"\n                      data-src=\"https:\/\/www.esii.com\/app\/uploads\/2022\/02\/world-cleaning-day.jpg\"\n                      data-srcset=\"https:\/\/www.esii.com\/app\/uploads\/2022\/02\/world-cleaning-day.jpg 568w\"\n                      sizes=\"auto, 568px\"\n                      width=\"568\"\n                      height=\"1010\"\n                      alt=\"\"\n                      itemprop=\"thumbnail\"\n                    >\n                                      <\/a>\n                <\/figure>\n              <\/div>\n                        <\/div>\n                      <div class=\"masonry-item js-grid-item\">\n                          <div class=\"masonry-item__thumb\">\n                <figure itemprop=\"associatedMedia\" itemscope itemtype=\"http:\/\/schema.org\/ImageObject\">\n                  <a href=\"https:\/\/www.esii.com\/app\/uploads\/2021\/12\/salle-sport.jpg\" itemprop=\"contentUrl\" data-size=\"568x376\" class=\"lazy-image\">\n                    <img loading=\"lazy\" decoding=\"async\"\n                      src=\"data:image\/svg+xml,%3Csvg xmlns='http:\/\/www.w3.org\/2000\/svg' viewBox='0 0 568 376'%3E%3C\/svg%3E\"\n                      data-src=\"https:\/\/www.esii.com\/app\/uploads\/2021\/12\/salle-sport.jpg\"\n                      data-srcset=\"https:\/\/www.esii.com\/app\/uploads\/2021\/12\/salle-sport.jpg 568w\"\n                      sizes=\"auto, 568px\"\n                      width=\"568\"\n                      height=\"376\"\n                      alt=\"\"\n                      itemprop=\"thumbnail\"\n                    >\n                                      <\/a>\n                <\/figure>\n              <\/div>\n                        <\/div>\n                      <div class=\"masonry-item js-grid-item\">\n                          <div class=\"masonry-item__thumb\">\n                <figure itemprop=\"associatedMedia\" itemscope itemtype=\"http:\/\/schema.org\/ImageObject\">\n                  <a href=\"https:\/\/www.esii.com\/app\/uploads\/2022\/02\/Ballon2.jpg\" itemprop=\"contentUrl\" data-size=\"522x787\" class=\"lazy-image\">\n                    <img loading=\"lazy\" decoding=\"async\"\n                      src=\"data:image\/svg+xml,%3Csvg xmlns='http:\/\/www.w3.org\/2000\/svg' viewBox='0 0 522 787'%3E%3C\/svg%3E\"\n                      data-src=\"https:\/\/www.esii.com\/app\/uploads\/2022\/02\/Ballon2.jpg\"\n                      data-srcset=\"https:\/\/www.esii.com\/app\/uploads\/2022\/02\/Ballon2.jpg 568w\"\n                      sizes=\"auto, 568px\"\n                      width=\"522\"\n                      height=\"787\"\n                      alt=\"Pelota2\"\n                      itemprop=\"thumbnail\"\n                    >\n                                      <\/a>\n                <\/figure>\n              <\/div>\n                        <\/div>\n                      <div class=\"masonry-item js-grid-item\">\n                          <div class=\"masonry-item__thumb\">\n                <figure itemprop=\"associatedMedia\" itemscope itemtype=\"http:\/\/schema.org\/ImageObject\">\n                  <a href=\"https:\/\/www.esii.com\/app\/uploads\/2021\/12\/salle-reunion.jpg\" itemprop=\"contentUrl\" data-size=\"568x376\" class=\"lazy-image\">\n                    <img loading=\"lazy\" decoding=\"async\"\n                      src=\"data:image\/svg+xml,%3Csvg xmlns='http:\/\/www.w3.org\/2000\/svg' viewBox='0 0 568 376'%3E%3C\/svg%3E\"\n                      data-src=\"https:\/\/www.esii.com\/app\/uploads\/2021\/12\/salle-reunion.jpg\"\n                      data-srcset=\"https:\/\/www.esii.com\/app\/uploads\/2021\/12\/salle-reunion.jpg 568w\"\n                      sizes=\"auto, 568px\"\n                      width=\"568\"\n                      height=\"376\"\n                      alt=\"\"\n                      itemprop=\"thumbnail\"\n                    >\n                                      <\/a>\n                <\/figure>\n              <\/div>\n                        <\/div>\n                      <div class=\"masonry-item js-grid-item\">\n                          <div class=\"masonry-item__thumb\">\n                <figure itemprop=\"associatedMedia\" itemscope itemtype=\"http:\/\/schema.org\/ImageObject\">\n                  <a href=\"https:\/\/www.esii.com\/app\/uploads\/2021\/12\/ESII-groupe.jpg\" itemprop=\"contentUrl\" data-size=\"568x285\" class=\"lazy-image\">\n                    <img loading=\"lazy\" decoding=\"async\"\n                      src=\"data:image\/svg+xml,%3Csvg xmlns='http:\/\/www.w3.org\/2000\/svg' viewBox='0 0 568 285'%3E%3C\/svg%3E\"\n                      data-src=\"https:\/\/www.esii.com\/app\/uploads\/2021\/12\/ESII-groupe.jpg\"\n                      data-srcset=\"https:\/\/www.esii.com\/app\/uploads\/2021\/12\/ESII-groupe.jpg 568w\"\n                      sizes=\"auto, 568px\"\n                      width=\"568\"\n                      height=\"285\"\n                      alt=\"\"\n                      itemprop=\"thumbnail\"\n                    >\n                                      <\/a>\n                <\/figure>\n              <\/div>\n                        <\/div>\n                      <div class=\"masonry-item js-grid-item\">\n                          <div class=\"masonry-item__thumb\">\n                <figure itemprop=\"associatedMedia\" itemscope itemtype=\"http:\/\/schema.org\/ImageObject\">\n                  <a href=\"https:\/\/www.esii.com\/app\/uploads\/2021\/12\/esii-batiment.jpg\" itemprop=\"contentUrl\" data-size=\"523x346\" class=\"lazy-image\">\n                    <img loading=\"lazy\" decoding=\"async\"\n                      src=\"data:image\/svg+xml,%3Csvg xmlns='http:\/\/www.w3.org\/2000\/svg' viewBox='0 0 523 346'%3E%3C\/svg%3E\"\n                      data-src=\"https:\/\/www.esii.com\/app\/uploads\/2021\/12\/esii-batiment.jpg\"\n                      data-srcset=\"https:\/\/www.esii.com\/app\/uploads\/2021\/12\/esii-batiment.jpg 568w\"\n                      sizes=\"auto, 568px\"\n                      width=\"523\"\n                      height=\"346\"\n                      alt=\"\"\n                      itemprop=\"thumbnail\"\n                    >\n                                      <\/a>\n                <\/figure>\n              <\/div>\n                        <\/div>\n                      <div class=\"masonry-item js-grid-item\">\n                          <div class=\"masonry-item__thumb\">\n                <figure itemprop=\"associatedMedia\" itemscope itemtype=\"http:\/\/schema.org\/ImageObject\">\n                  <a href=\"https:\/\/www.esii.com\/app\/uploads\/2021\/12\/cuisine-esii.jpg\" itemprop=\"contentUrl\" data-size=\"568x376\" class=\"lazy-image\">\n                    <img loading=\"lazy\" decoding=\"async\"\n                      src=\"data:image\/svg+xml,%3Csvg xmlns='http:\/\/www.w3.org\/2000\/svg' viewBox='0 0 568 376'%3E%3C\/svg%3E\"\n                      data-src=\"https:\/\/www.esii.com\/app\/uploads\/2021\/12\/cuisine-esii.jpg\"\n                      data-srcset=\"https:\/\/www.esii.com\/app\/uploads\/2021\/12\/cuisine-esii.jpg 568w\"\n                      sizes=\"auto, 568px\"\n                      width=\"568\"\n                      height=\"376\"\n                      alt=\"\"\n                      itemprop=\"thumbnail\"\n                    >\n                                      <\/a>\n                <\/figure>\n              <\/div>\n                        <\/div>\n                      <div class=\"masonry-item js-grid-item\">\n                          <div class=\"masonry-item__thumb\">\n                <figure itemprop=\"associatedMedia\" itemscope itemtype=\"http:\/\/schema.org\/ImageObject\">\n                  <a href=\"https:\/\/www.esii.com\/app\/uploads\/2022\/02\/world-cleaning-day-2.jpg\" itemprop=\"contentUrl\" data-size=\"568x320\" class=\"lazy-image\">\n                    <img loading=\"lazy\" decoding=\"async\"\n                      src=\"data:image\/svg+xml,%3Csvg xmlns='http:\/\/www.w3.org\/2000\/svg' viewBox='0 0 568 320'%3E%3C\/svg%3E\"\n                      data-src=\"https:\/\/www.esii.com\/app\/uploads\/2022\/02\/world-cleaning-day-2.jpg\"\n                      data-srcset=\"https:\/\/www.esii.com\/app\/uploads\/2022\/02\/world-cleaning-day-2.jpg 568w\"\n                      sizes=\"auto, 568px\"\n                      width=\"568\"\n                      height=\"320\"\n                      alt=\"\"\n                      itemprop=\"thumbnail\"\n                    >\n                                      <\/a>\n                <\/figure>\n              <\/div>\n                        <\/div>\n                      <div class=\"masonry-item js-grid-item\">\n                          <div class=\"masonry-item__thumb\">\n                <figure itemprop=\"associatedMedia\" itemscope itemtype=\"http:\/\/schema.org\/ImageObject\">\n                  <a href=\"https:\/\/www.esii.com\/app\/uploads\/2022\/02\/team-building.jpg\" itemprop=\"contentUrl\" data-size=\"568x376\" class=\"lazy-image\">\n                    <img loading=\"lazy\" decoding=\"async\"\n                      src=\"data:image\/svg+xml,%3Csvg xmlns='http:\/\/www.w3.org\/2000\/svg' viewBox='0 0 568 376'%3E%3C\/svg%3E\"\n                      data-src=\"https:\/\/www.esii.com\/app\/uploads\/2022\/02\/team-building.jpg\"\n                      data-srcset=\"https:\/\/www.esii.com\/app\/uploads\/2022\/02\/team-building.jpg 568w\"\n                      sizes=\"auto, 568px\"\n                      width=\"568\"\n                      height=\"376\"\n                      alt=\"\"\n                      itemprop=\"thumbnail\"\n                    >\n                                      <\/a>\n                <\/figure>\n              <\/div>\n                        <\/div>\n                      <div class=\"masonry-item js-grid-item\">\n                          <div class=\"masonry-item__thumb\">\n                <figure itemprop=\"associatedMedia\" itemscope itemtype=\"http:\/\/schema.org\/ImageObject\">\n                  <a href=\"https:\/\/www.esii.com\/app\/uploads\/2022\/02\/qvt-foot.jpg\" itemprop=\"contentUrl\" data-size=\"568x320\" class=\"lazy-image\">\n                    <img loading=\"lazy\" decoding=\"async\"\n                      src=\"data:image\/svg+xml,%3Csvg xmlns='http:\/\/www.w3.org\/2000\/svg' viewBox='0 0 568 320'%3E%3C\/svg%3E\"\n                      data-src=\"https:\/\/www.esii.com\/app\/uploads\/2022\/02\/qvt-foot.jpg\"\n                      data-srcset=\"https:\/\/www.esii.com\/app\/uploads\/2022\/02\/qvt-foot.jpg 568w\"\n                      sizes=\"auto, 568px\"\n                      width=\"568\"\n                      height=\"320\"\n                      alt=\"\"\n                      itemprop=\"thumbnail\"\n                    >\n                                      <\/a>\n                <\/figure>\n              <\/div>\n                        <\/div>\n                      <div class=\"masonry-item js-grid-item\">\n                          <div class=\"masonry-item__thumb\">\n                <figure itemprop=\"associatedMedia\" itemscope itemtype=\"http:\/\/schema.org\/ImageObject\">\n                  <a href=\"https:\/\/www.esii.com\/app\/uploads\/2022\/02\/qvt-esii-repas.jpg\" itemprop=\"contentUrl\" data-size=\"568x376\" class=\"lazy-image\">\n                    <img loading=\"lazy\" decoding=\"async\"\n                      src=\"data:image\/svg+xml,%3Csvg xmlns='http:\/\/www.w3.org\/2000\/svg' viewBox='0 0 568 376'%3E%3C\/svg%3E\"\n                      data-src=\"https:\/\/www.esii.com\/app\/uploads\/2022\/02\/qvt-esii-repas.jpg\"\n                      data-srcset=\"https:\/\/www.esii.com\/app\/uploads\/2022\/02\/qvt-esii-repas.jpg 568w\"\n                      sizes=\"auto, 568px\"\n                      width=\"568\"\n                      height=\"376\"\n                      alt=\"\"\n                      itemprop=\"thumbnail\"\n                    >\n                                      <\/a>\n                <\/figure>\n              <\/div>\n                        <\/div>\n                  <\/div>\n      <\/div>\n    <\/div>\n  <\/div>\n<\/section>\n\n\n\n<section class=\"ps-block ps-block--heading\">\n  <div class=\"ps-block__container\">\n    <div class=\"ps-block__grid\">\n      <div class=\"ps-block__content\">\n        <div class=\"ps-block__body\">\n          <div class=\"ps-block__item\">\n            \n<h2 id=\"vous-souhaitez-venir-travailler-chez-nous\">\u00bfLe gustar\u00eda trabajar con nosotros?<\/h2>\n\n          <\/div>\n        <\/div>\n      <\/div>\n    <\/div>\n  <\/div>\n<\/section>\n\n\n<section class=\"ps-block ps-block--internal-links\">\n  <div class=\"ps-block__container\">\n    <div class=\"ps-block__grid\">\n      <svg class=\"ps-block__blob\" xmlns=\"http:\/\/www.w3.org\/2000\/svg\" width=\"641.356\" height=\"596.235\" viewBox=\"0 0 641.356 596.235\">\n        <path d=\"M544.187,105.65c61.378,63.04,107.514,153.039,95.156,238.475-12.77,85.436-83.21,166.311-173.423,211.932-89.8,45.207-198.963,55.161-287.116,14.931S23.506,440.345,5.381,343.3C-13.156,245.832,17.327,142.147,79.528,79.521c62.2-63.04,155.71-85.022,240.98-78.386S482.809,43.024,544.187,105.65Z\" fill=\"#f2f4f8\"\/>\n      <\/svg>\n      <ul class=\"ps-block__list\">\n                  <li class=\"posts__item\">\n  <article class=\"card\">\n          <div class=\"card__thumb\">\n          <figure class=\" lazy-image\">\n  <img loading=\"lazy\" decoding=\"async\" src=\"data:image\/svg+xml,%3Csvg xmlns='http:\/\/www.w3.org\/2000\/svg' viewBox='0 0 568 358'%3E%3C\/svg%3E\"\n       data-src=\"https:\/\/www.esii.com\/app\/uploads\/2022\/04\/rse-and-esii.webp\"\n       data-srcset=\"https:\/\/www.esii.com\/app\/uploads\/2022\/04\/rse-and-esii.webp 568w\"\n       sizes=\"auto, 568px\"\n       width=\"568\"\n       height=\"358\"\n       alt=\"rse and esii\"\n  >\n<\/figure>\n      <\/div>\n            <div class=\"card__content\">\n      <ul class=\"card__labels labels\">\n              <\/ul>\n      <h3 class=\"card__title\">\n        <a href=\"https:\/\/www.esii.com\/es\/nuestros-compromisos-de-rsc\/\">Nuestros compromisos de RSC<\/a>\n      <\/h3>\n    <\/div>\n              <p class=\"card__excerpt card__excerptfix\">En ESII, nos esforzamos por mejorar constantemente nuestro rendimiento en un contexto de competencia en r\u00e1pida evoluci\u00f3n, pero manteni\u00e9ndonos fieles&hellip;<\/p>\n          <footer class=\"card__footer\">\n            <button class=\"card__link\" aria-label=\"Leer el art\u00edculo\">\n        <svg class=\"icon icon-chevron-right\">\n          <use xlink:href=\"https:\/\/www.esii.com\/app\/themes\/choosit\/dist\/img\/spritemap.svg#sprite-chevron-right\"><\/use>\n        <\/svg>\n      <\/button>\n    <\/footer>\n  <\/article>\n<\/li>\n                  <li class=\"posts__item\">\n  <article class=\"card\">\n          <div class=\"card__thumb\">\n          <figure class=\" lazy-image\">\n  <img loading=\"lazy\" decoding=\"async\" src=\"data:image\/svg+xml,%3Csvg xmlns='http:\/\/www.w3.org\/2000\/svg' viewBox='0 0 568 358'%3E%3C\/svg%3E\"\n       data-src=\"https:\/\/www.esii.com\/app\/uploads\/2022\/04\/Offres-demploi-ESII-568x358.webp\"\n       data-srcset=\"https:\/\/www.esii.com\/app\/uploads\/2022\/04\/Offres-demploi-ESII-568x358.webp 568w\"\n       sizes=\"auto, 568px\"\n       width=\"568\"\n       height=\"358\"\n       alt=\"Offre emploi esii\"\n  >\n<\/figure>\n      <\/div>\n            <div class=\"card__content\">\n      <ul class=\"card__labels labels\">\n              <\/ul>\n      <h3 class=\"card__title\">\n        <a href=\"https:\/\/www.esii.com\/es\/ofertas-de-empleo\/\">Ofertas de empleo<\/a>\n      <\/h3>\n    <\/div>\n              <p class=\"card__excerpt card__excerptfix\">ESII siempre est\u00e1 buscando nuevos talentos para enriquecer sus equipos.<\/p>\n          <footer class=\"card__footer\">\n            <button class=\"card__link\" aria-label=\"Leer el art\u00edculo\">\n        <svg class=\"icon icon-chevron-right\">\n          <use xlink:href=\"https:\/\/www.esii.com\/app\/themes\/choosit\/dist\/img\/spritemap.svg#sprite-chevron-right\"><\/use>\n        <\/svg>\n      <\/button>\n    <\/footer>\n  <\/article>\n<\/li>\n                  <li class=\"posts__item\">\n  <article class=\"card\">\n          <div class=\"card__thumb\">\n          <figure class=\" lazy-image\">\n  <img loading=\"lazy\" decoding=\"async\" src=\"data:image\/svg+xml,%3Csvg xmlns='http:\/\/www.w3.org\/2000\/svg' viewBox='0 0 568 358'%3E%3C\/svg%3E\"\n       data-src=\"https:\/\/www.esii.com\/app\/uploads\/2022\/04\/entreprise-a-mission-568x358.webp\"\n       data-srcset=\"https:\/\/www.esii.com\/app\/uploads\/2022\/04\/entreprise-a-mission-568x358.webp 568w\"\n       sizes=\"auto, 568px\"\n       width=\"568\"\n       height=\"358\"\n       alt=\"entreprise-a-mission\"\n  >\n<\/figure>\n      <\/div>\n            <div class=\"card__content\">\n      <ul class=\"card__labels labels\">\n              <\/ul>\n      <h3 class=\"card__title\">\n        <a href=\"https:\/\/www.esii.com\/es\/empresa-con-mision\/\">Empresa con misi\u00f3n<\/a>\n      <\/h3>\n    <\/div>\n              <p class=\"card__excerpt card__excerptfix\">ESII est\u00e1 centrada en su misi\u00f3n en coherencia con su raz\u00f3n de ser, sus valores, su estrategia, sus compromisos de&hellip;<\/p>\n          <footer class=\"card__footer\">\n            <button class=\"card__link\" aria-label=\"Leer el art\u00edculo\">\n        <svg class=\"icon icon-chevron-right\">\n          <use xlink:href=\"https:\/\/www.esii.com\/app\/themes\/choosit\/dist\/img\/spritemap.svg#sprite-chevron-right\"><\/use>\n        <\/svg>\n      <\/button>\n    <\/footer>\n  <\/article>\n<\/li>\n              <\/ul>\n    <\/div>\n  <\/div>\n<\/section>\n\n\n","protected":false},"excerpt":{"rendered":"<p>La CVL es un sentimiento de bienestar en el trabajo que engloba el ambiente, la cultura de la empresa, el inter\u00e9s del trabajo, las condiciones de trabajo, el sentimiento de participaci\u00f3n, el grado de autonom\u00eda y la responsabilidad, la igualdad y el derecho de todos a equivocarse. <\/p>\n","protected":false},"author":1,"featured_media":10120,"parent":0,"menu_order":38,"comment_status":"closed","ping_status":"closed","template":"","meta":{"inline_featured_image":false,"footnotes":""},"activity":[],"class_list":["post-8952","page","type-page","status-publish","has-post-thumbnail","hentry"],"acf":[],"_links":{"self":[{"href":"https:\/\/www.esii.com\/es\/wp-json\/wp\/v2\/pages\/8952","targetHints":{"allow":["GET"]}}],"collection":[{"href":"https:\/\/www.esii.com\/es\/wp-json\/wp\/v2\/pages"}],"about":[{"href":"https:\/\/www.esii.com\/es\/wp-json\/wp\/v2\/types\/page"}],"author":[{"embeddable":true,"href":"https:\/\/www.esii.com\/es\/wp-json\/wp\/v2\/users\/1"}],"replies":[{"embeddable":true,"href":"https:\/\/www.esii.com\/es\/wp-json\/wp\/v2\/comments?post=8952"}],"version-history":[{"count":0,"href":"https:\/\/www.esii.com\/es\/wp-json\/wp\/v2\/pages\/8952\/revisions"}],"wp:featuredmedia":[{"embeddable":true,"href":"https:\/\/www.esii.com\/es\/wp-json\/wp\/v2\/media\/10120"}],"wp:attachment":[{"href":"https:\/\/www.esii.com\/es\/wp-json\/wp\/v2\/media?parent=8952"}],"wp:term":[{"taxonomy":"activity","embeddable":true,"href":"https:\/\/www.esii.com\/es\/wp-json\/wp\/v2\/activity?post=8952"}],"curies":[{"name":"wp","href":"https:\/\/api.w.org\/{rel}","templated":true}]}}