{"id":8946,"date":"2022-03-21T16:46:48","date_gmt":"2022-03-21T15:46:48","guid":{"rendered":"https:\/\/www.esii.com\/aviso-legal\/"},"modified":"2022-03-21T16:58:56","modified_gmt":"2022-03-21T15:58:56","slug":"aviso-legal","status":"publish","type":"page","link":"https:\/\/www.esii.com\/es\/aviso-legal\/","title":{"rendered":"Aviso legal"},"content":{"rendered":"<section class=\"ps-block ps-block--heading\">\n  <div class=\"ps-block__container\">\n    <div class=\"ps-block__grid\">\n      <div class=\"ps-block__content\">\n        <div class=\"ps-block__body\">\n          <div class=\"ps-block__item\">\n            \n<h2>ESII<\/h2>\n\n          <\/div>\n        <\/div>\n      <\/div>\n    <\/div>\n  <\/div>\n<\/section>\n<section class=\"ps-block ps-block--paragraph\">\n  <div class=\"ps-block__container\">\n    <div class=\"ps-block__grid\">\n      <div class=\"ps-block__content\">\n        <div class=\"ps-block__body\">\n          <div class=\"ps-block__item\">\n            \n<p>Adresse du si\u00e8ge : ESII \u2013 ZI Sud \u2013 2 rue de la Prade \u2013 34880 Lav\u00e9rune<br\/>T\u00e9l. : +33(0)4 67 07 04 77<br\/>Email : info@esii.com<br\/>S.A.S. au capital de 527 448,60\u20ac &#8211; Siret 343 616 751 000 32<br\/>N\u00b0 Identification : FR 31 343 616 751 \u2013 RC Montpellier<br\/>Code APE : 3320C<br\/>ESII est accr\u00e9dit\u00e9e en tant qu&#8217;organisme de formation sous le n\u00b0 91340274494<br\/>Directeur de la publication : Laurent Ventura &#8211; Directeur G\u00e9n\u00e9ral Adjoint<\/p>\n\n          <\/div>\n        <\/div>\n      <\/div>\n    <\/div>\n  <\/div>\n<\/section>\n<section class=\"ps-block ps-block--heading\">\n  <div class=\"ps-block__container\">\n    <div class=\"ps-block__grid\">\n      <div class=\"ps-block__content\">\n        <div class=\"ps-block__body\">\n          <div class=\"ps-block__item\">\n            \n<h2>Hospedaje del sitio web<\/h2>\n\n          <\/div>\n        <\/div>\n      <\/div>\n    <\/div>\n  <\/div>\n<\/section>\n<section class=\"ps-block ps-block--paragraph\">\n  <div class=\"ps-block__container\">\n    <div class=\"ps-block__grid\">\n      <div class=\"ps-block__content\">\n        <div class=\"ps-block__body\">\n          <div class=\"ps-block__item\">\n            \n<p>OVH \u2013 2 rue Kellerman 59100 Roubaix &#8211; Tel.: 0\u00a0820\u00a032\u00a003\u00a063<br\/>SAS con un capital de 10\u00a0000\u00a0000\u00a0\u20ac<br\/>RCS Roubaix \u2013 Tourcoing 424\u00a0761\u00a0419\u00a000045<br\/>C\u00f3digo APE 6202A &#8211; NIF-IVA: FR\u00a022424761419<br\/>Sede social: 2 rue Kellermann 59100 Roubaix &#8211; Francia.<\/p>\n\n          <\/div>\n        <\/div>\n      <\/div>\n    <\/div>\n  <\/div>\n<\/section>\n<section class=\"ps-block ps-block--heading\">\n  <div class=\"ps-block__container\">\n    <div class=\"ps-block__grid\">\n      <div class=\"ps-block__content\">\n        <div class=\"ps-block__body\">\n          <div class=\"ps-block__item\">\n            \n<h2>Descripci\u00f3n de los servicios prestados<\/h2>\n\n          <\/div>\n        <\/div>\n      <\/div>\n    <\/div>\n  <\/div>\n<\/section>\n<section class=\"ps-block ps-block--paragraph\">\n  <div class=\"ps-block__container\">\n    <div class=\"ps-block__grid\">\n      <div class=\"ps-block__content\">\n        <div class=\"ps-block__body\">\n          <div class=\"ps-block__item\">\n            \n<p>El sitio web tiene por objeto proporcionar informaci\u00f3n sobre el conjunto de actividades de la empresa.<br\/>El propietario del sitio web se esfuerza por proporcionar informaci\u00f3n lo m\u00e1s exacta posible. Sin embargo, no se hace responsable de las omisiones, inexactitudes y deficiencias en la actualizaci\u00f3n, ya sea por su culpa o por la de terceros asociados que le proporcionan esta informaci\u00f3n.<br\/><br\/>Toda la informaci\u00f3n proporcionada en el sitio web www.esii.com se ofrece a t\u00edtulo informativo, no es exhaustiva y est\u00e1 sujeta a cambios. Se da sin perjuicio de que se hayan hecho modificaciones desde que se puso en l\u00ednea.<\/p>\n\n          <\/div>\n        <\/div>\n      <\/div>\n    <\/div>\n  <\/div>\n<\/section>\n<section class=\"ps-block ps-block--heading\">\n  <div class=\"ps-block__container\">\n    <div class=\"ps-block__grid\">\n      <div class=\"ps-block__content\">\n        <div class=\"ps-block__body\">\n          <div class=\"ps-block__item\">\n            \n<h2>Cr\u00e9ditos de fotos<\/h2>\n\n          <\/div>\n        <\/div>\n      <\/div>\n    <\/div>\n  <\/div>\n<\/section>\n<section class=\"ps-block ps-block--paragraph\">\n  <div class=\"ps-block__container\">\n    <div class=\"ps-block__grid\">\n      <div class=\"ps-block__content\">\n        <div class=\"ps-block__body\">\n          <div class=\"ps-block__item\">\n            \n<p>Todas las im\u00e1genes son propiedad de ESII o cuentan con autorizaci\u00f3n de uso.<br\/>Reservados todos los derechos de reproducci\u00f3n, tanto en Francia como en el extranjero.<br\/>Cr\u00e9ditos de fotos: ESII, Fotolia.com, istockphoto.com<\/p>\n\n          <\/div>\n        <\/div>\n      <\/div>\n    <\/div>\n  <\/div>\n<\/section>\n<section class=\"ps-block ps-block--heading\">\n  <div class=\"ps-block__container\">\n    <div class=\"ps-block__grid\">\n      <div class=\"ps-block__content\">\n        <div class=\"ps-block__body\">\n          <div class=\"ps-block__item\">\n            \n<h2>Derechos de autor<\/h2>\n\n          <\/div>\n        <\/div>\n      <\/div>\n    <\/div>\n  <\/div>\n<\/section>\n<section class=\"ps-block ps-block--paragraph\">\n  <div class=\"ps-block__container\">\n    <div class=\"ps-block__grid\">\n      <div class=\"ps-block__content\">\n        <div class=\"ps-block__body\">\n          <div class=\"ps-block__item\">\n            \n<p>La reproducci\u00f3n o representaci\u00f3n, total o parcial, de las p\u00e1ginas, datos o cualquier elemento constitutivo del sitio web por cualquier procedimiento y en cualquier tipo de soporte queda prohibida y constituye una infracci\u00f3n sin autorizaci\u00f3n del editor.<\/p>\n\n          <\/div>\n        <\/div>\n      <\/div>\n    <\/div>\n  <\/div>\n<\/section>\n<section class=\"ps-block ps-block--heading\">\n  <div class=\"ps-block__container\">\n    <div class=\"ps-block__grid\">\n      <div class=\"ps-block__content\">\n        <div class=\"ps-block__body\">\n          <div class=\"ps-block__item\">\n            \n<h2>Pol\u00edtica de confidencialidad<\/h2>\n\n          <\/div>\n        <\/div>\n      <\/div>\n    <\/div>\n  <\/div>\n<\/section>\n<section class=\"ps-block ps-block--heading\">\n  <div class=\"ps-block__container\">\n    <div class=\"ps-block__grid\">\n      <div class=\"ps-block__content\">\n        <div class=\"ps-block__body\">\n          <div class=\"ps-block__item\">\n            \n<h3>Usuario: internauta que se conecta y utiliza el sitio web mencionado.<\/h3>\n\n          <\/div>\n        <\/div>\n      <\/div>\n    <\/div>\n  <\/div>\n<\/section>\n<section class=\"ps-block ps-block--paragraph\">\n  <div class=\"ps-block__container\">\n    <div class=\"ps-block__grid\">\n      <div class=\"ps-block__content\">\n        <div class=\"ps-block__body\">\n          <div class=\"ps-block__item\">\n            \n<p>En Francia, los datos personales est\u00e1n protegidos en particular por la ley n.\u00ba 78-87 de 6 de enero de 1978, la ley n.\u00ba 2004-801 de 6 de agosto de 2004, el art\u00edculo L. 226-13 del C\u00f3digo Penal y la Directiva europea de 24 de octubre de 1995. El propietario del sitio web solo recopila informaci\u00f3n personal relativa al usuario en funci\u00f3n de las necesidades de determinados servicios ofrecidos por el sitio.<br\/><br\/><strong>El usuario proporciona esta informaci\u00f3n con pleno conocimiento de causa<\/strong>, en particular cuando es \u00e9l mismo quien la introduce. En ese momento, se le especifica al usuario del sitio web si est\u00e1 obligado o no a proporcionar la informaci\u00f3n.<br\/><br\/>De conformidad con las disposiciones de los art\u00edculos 38 y siguientes de la ley 78-17 de 6 de enero de 1978 relativa a la inform\u00e1tica, los archivos y las libertades, y de acuerdo con el\u00a0<strong>Reglamento General de Protecci\u00f3n de Datos europeo<\/strong> 2016\/679, RGPD, todo usuario tiene <strong>derecho de acceso, rectificaci\u00f3n, supresi\u00f3n y oposici\u00f3n<\/strong> sobre los datos personales que le conciernen.<br\/><br\/>Para ejercer este derecho, env\u00ede su solicitud a ESII:<br\/>&#8211;\u00a0Bien por correo electr\u00f3nico a la siguiente direcci\u00f3n: <strong><a href=\"mailto:dpo@esii.com\">dpo@esii.com<\/a><\/strong> especificando los datos necesarios para su procesamiento.<br\/>&#8211;\u00a0Bien por correo postal dirigido a ESII, D\u00e9l\u00e9gu\u00e9 \u00e0 la protection des donn\u00e9es, 2 Rue de la Prade, 34880 LAV\u00c9RUNE, acompa\u00f1ado de una copia del documento de identidad con la firma de su titular y especificando la direcci\u00f3n a la que se debe enviar la respuesta.<\/p>\n\n          <\/div>\n        <\/div>\n      <\/div>\n    <\/div>\n  <\/div>\n<\/section>\n<section class=\"ps-block ps-block--heading\">\n  <div class=\"ps-block__container\">\n    <div class=\"ps-block__grid\">\n      <div class=\"ps-block__content\">\n        <div class=\"ps-block__body\">\n          <div class=\"ps-block__item\">\n            \n<h3>Confidencialidad de los datos personales<\/h3>\n\n          <\/div>\n        <\/div>\n      <\/div>\n    <\/div>\n  <\/div>\n<\/section>\n<section class=\"ps-block ps-block--paragraph\">\n  <div class=\"ps-block__container\">\n    <div class=\"ps-block__grid\">\n      <div class=\"ps-block__content\">\n        <div class=\"ps-block__body\">\n          <div class=\"ps-block__item\">\n            \n<p>Ning\u00fan tipo de informaci\u00f3n personal del usuario del sitio web www.esii.com se publica, intercambia, transfiere, cede o vende a terceros en cualquier tipo de soporte sin el conocimiento del usuario. Los empleados de ESII han firmado un acuerdo de confidencialidad que les obliga a respetar este imperativo so pena de sanci\u00f3n.<\/p>\n\n          <\/div>\n        <\/div>\n      <\/div>\n    <\/div>\n  <\/div>\n<\/section>\n<section class=\"ps-block ps-block--heading\">\n  <div class=\"ps-block__container\">\n    <div class=\"ps-block__grid\">\n      <div class=\"ps-block__content\">\n        <div class=\"ps-block__body\">\n          <div class=\"ps-block__item\">\n            \n<h3>Datos personales recopilados<\/h3>\n\n          <\/div>\n        <\/div>\n      <\/div>\n    <\/div>\n  <\/div>\n<\/section>\n<section class=\"ps-block ps-block--paragraph\">\n  <div class=\"ps-block__container\">\n    <div class=\"ps-block__grid\">\n      <div class=\"ps-block__content\">\n        <div class=\"ps-block__body\">\n          <div class=\"ps-block__item\">\n            \n<p>En el sitio web www.esii.com se recopilan dos tipos de datos personales:<br\/>&#8211;\u00a0Datos introducidos y enviados a trav\u00e9s del formulario de contacto<br\/>&#8211;\u00a0Datos recopilados por la herramienta de an\u00e1lisis web Google Analytics.<\/p>\n\n          <\/div>\n        <\/div>\n      <\/div>\n    <\/div>\n  <\/div>\n<\/section>\n<section class=\"ps-block ps-block--heading\">\n  <div class=\"ps-block__container\">\n    <div class=\"ps-block__grid\">\n      <div class=\"ps-block__content\">\n        <div class=\"ps-block__body\">\n          <div class=\"ps-block__item\">\n            \n<h3>Responsable del tratamiento de los datos personales<\/h3>\n\n          <\/div>\n        <\/div>\n      <\/div>\n    <\/div>\n  <\/div>\n<\/section>\n<section class=\"ps-block ps-block--paragraph\">\n  <div class=\"ps-block__container\">\n    <div class=\"ps-block__grid\">\n      <div class=\"ps-block__content\">\n        <div class=\"ps-block__body\">\n          <div class=\"ps-block__item\">\n            \n<p>Los datos personales son recopilados en el sitio web por la empresa ESII de Lav\u00e9rune.<\/p>\n\n          <\/div>\n        <\/div>\n      <\/div>\n    <\/div>\n  <\/div>\n<\/section>\n<section class=\"ps-block ps-block--heading\">\n  <div class=\"ps-block__container\">\n    <div class=\"ps-block__grid\">\n      <div class=\"ps-block__content\">\n        <div class=\"ps-block__body\">\n          <div class=\"ps-block__item\">\n            \n<h3>Finalidad de la recopilaci\u00f3n de datos personales<\/h3>\n\n          <\/div>\n        <\/div>\n      <\/div>\n    <\/div>\n  <\/div>\n<\/section>\n<section class=\"ps-block ps-block--paragraph\">\n  <div class=\"ps-block__container\">\n    <div class=\"ps-block__grid\">\n      <div class=\"ps-block__content\">\n        <div class=\"ps-block__body\">\n          <div class=\"ps-block__item\">\n            \n<p>La recopilaci\u00f3n de datos personales a trav\u00e9s de los distintos formularios del sitio web tiene por fin:<br\/>&#8211;\u00a0Volver a ponerse en contacto con las personas que hayan dejado sus datos de contacto.<br\/>&#8211;\u00a0Garantizar el seguimiento comercial de las empresas interesadas en nuestros servicios.<\/p>\n\n          <\/div>\n        <\/div>\n      <\/div>\n    <\/div>\n  <\/div>\n<\/section>\n<section class=\"ps-block ps-block--paragraph\">\n  <div class=\"ps-block__container\">\n    <div class=\"ps-block__grid\">\n      <div class=\"ps-block__content\">\n        <div class=\"ps-block__body\">\n          <div class=\"ps-block__item\">\n            \n<p>Al enviar el formulario y marcar la casilla de consentimiento del mismo, el internauta acepta expresamente que se traten los datos personales con el fin de gestionar la relaci\u00f3n comercial.<br\/><br\/>La recopilaci\u00f3n de datos personales a trav\u00e9s de la herramienta de an\u00e1lisis web Google Analytics que se utiliza en el sitio web y en las p\u00e1ginas de aterrizaje tiene por finalidad:<br\/>&#8211;\u00a0Analizar el comportamiento de los internautas en el sitio web y en las p\u00e1ginas de aterrizaje para medir su audiencia y mejorar su rendimiento.<\/p>\n\n          <\/div>\n        <\/div>\n      <\/div>\n    <\/div>\n  <\/div>\n<\/section>\n<section class=\"ps-block ps-block--paragraph\">\n  <div class=\"ps-block__container\">\n    <div class=\"ps-block__grid\">\n      <div class=\"ps-block__content\">\n        <div class=\"ps-block__body\">\n          <div class=\"ps-block__item\">\n            \n<p>Google Analytics utiliza cookies de terceros para distinguir a los usuarios. Las cookies son archivos de texto que se instalan en el terminal del internauta. No incluyen ning\u00fan tipo de informaci\u00f3n personal, sino identificadores creados al azar.<br\/><br\/>Al navegar por el sitio web, el internauta acepta expresamente que los datos personales recopilados por Google Analytics sean tratados con el fin de analizar el comportamiento del internauta para mejorar el rendimiento del sitio web y de las p\u00e1ginas de aterrizaje.<\/p>\n\n          <\/div>\n        <\/div>\n      <\/div>\n    <\/div>\n  <\/div>\n<\/section>\n<section class=\"ps-block ps-block--heading\">\n  <div class=\"ps-block__container\">\n    <div class=\"ps-block__grid\">\n      <div class=\"ps-block__content\">\n        <div class=\"ps-block__body\">\n          <div class=\"ps-block__item\">\n            \n<h2>COOKIES<\/h2>\n\n          <\/div>\n        <\/div>\n      <\/div>\n    <\/div>\n  <\/div>\n<\/section>\n<section class=\"ps-block ps-block--heading\">\n  <div class=\"ps-block__container\">\n    <div class=\"ps-block__grid\">\n      <div class=\"ps-block__content\">\n        <div class=\"ps-block__body\">\n          <div class=\"ps-block__item\">\n            \n<h3>Funci\u00f3n de las cookies<\/h3>\n\n          <\/div>\n        <\/div>\n      <\/div>\n    <\/div>\n  <\/div>\n<\/section>\n<section class=\"ps-block ps-block--paragraph\">\n  <div class=\"ps-block__container\">\n    <div class=\"ps-block__grid\">\n      <div class=\"ps-block__content\">\n        <div class=\"ps-block__body\">\n          <div class=\"ps-block__item\">\n            \n<p>Sin perjuicio de su elecci\u00f3n, la navegaci\u00f3n por el sitio web ESII.com puede implicar la instalaci\u00f3n de \u00abcookies\u00bb en su ordenador.<br\/><br\/>Las cookies son archivos de texto que incluyen un cierto n\u00famero de datos y que se descargan en su ordenador o dispositivo m\u00f3vil cuando visita un sitio web. Son \u00fatiles en la medida en que permiten a los sitios web reconocer el dispositivo de un usuario. En cada visita posterior, se reenv\u00edan al sitio web de origen o a cualquier otro sitio web que las reconozca. Para m\u00e1s informaci\u00f3n sobre las cookies, consulte la siguiente p\u00e1gina: <a href=\"http:\/\/www.allaboutcookies.org\/\" target=\"_blank\" rel=\"noreferrer noopener\">http:\/\/www.allaboutcookies.org<\/a><br\/>Las cookies emitidas a trav\u00e9s de nuestro sitio web nos permiten:<br\/><br\/>&#8211;\u00a0elaborar estad\u00edsticas y constatar vol\u00famenes de visitas y uso de los diversos elementos que componen nuestro sitio web;<br\/>&#8211;\u00a0adaptar la presentaci\u00f3n de nuestro sitio web a las preferencias de visualizaci\u00f3n de su ordenador;<br\/>&#8211;\u00a0memorizar informaci\u00f3n relativa a los formularios que haya rellenado en nuestro sitio web;<br\/>&#8211;\u00a0aplicar medidas de seguridad, por ejemplo, cuando se le pide que vuelva a iniciar sesi\u00f3n en un contenido o servicio tras un cierto lapso de tiempo.<\/p>\n\n          <\/div>\n        <\/div>\n      <\/div>\n    <\/div>\n  <\/div>\n<\/section>\n<section class=\"ps-block ps-block--heading\">\n  <div class=\"ps-block__container\">\n    <div class=\"ps-block__grid\">\n      <div class=\"ps-block__content\">\n        <div class=\"ps-block__body\">\n          <div class=\"ps-block__item\">\n            \n<h3>Gesti\u00f3n de las cookies<\/h3>\n\n          <\/div>\n        <\/div>\n      <\/div>\n    <\/div>\n  <\/div>\n<\/section>\n<section class=\"ps-block ps-block--paragraph\">\n  <div class=\"ps-block__container\">\n    <div class=\"ps-block__grid\">\n      <div class=\"ps-block__content\">\n        <div class=\"ps-block__body\">\n          <div class=\"ps-block__item\">\n            \n<p>Si lo desea, tiene la opci\u00f3n de oponerse a la instalaci\u00f3n de estas cookies de sesi\u00f3n configurando en consecuencia su navegador. Esta acci\u00f3n puede modificar o incluso dificultar la navegaci\u00f3n en este sitio web.<br\/>Puede bloquear la instalaci\u00f3n de cookies en su ordenador o en cualquier otro dispositivo modificando la configuraci\u00f3n de su navegador conforme a las instrucciones proporcionadas por el proveedor de su navegador de Internet o de otro dispositivo.<br\/><br\/>A continuaci\u00f3n se muestra una lista no exhaustiva de enlaces para configurar la gesti\u00f3n, prohibici\u00f3n y eliminaci\u00f3n de cookies en los principales navegadores de Internet:<br\/><br\/>&#8211;\u00a0para <a href=\"https:\/\/support.microsoft.com\/fr-fr\/help\/17442\/windows-internet-explorer-delete-manage-cookies\" target=\"_blank\" rel=\"noreferrer noopener\">Internet Explorer\u2122<\/a>;<br\/>&#8211;\u00a0para <a href=\"https:\/\/support.apple.com\/fr-fr\/guide\/safari\/sfri11471\/mac\" target=\"_blank\" rel=\"noreferrer noopener\">Safari\u2122<\/a>;<br\/>&#8211;\u00a0para <a href=\"https:\/\/support.google.com\/chrome\/answer\/95647?hl=fr&amp;hlrm=en\" target=\"_blank\" rel=\"noreferrer noopener\">Chrome\u2122<\/a>;<br\/>&#8211;\u00a0para <a href=\"https:\/\/support.mozilla.org\/fr\/kb\/activer-desactiver-cookies-preferences\" target=\"_blank\" rel=\"noreferrer noopener\">Firefox\u2122<\/a>;<br\/>&#8211;\u00a0para <a href=\"https:\/\/help.opera.com\/en\/latest\/web-preferences\/#cookies\" target=\"_blank\" rel=\"noreferrer noopener\">Opera\u2122<\/a>.<br\/><br\/>En caso de que no bloquee la instalaci\u00f3n de cookies mediante los par\u00e1metros que se acaban de mencionar, estar\u00e1 aceptando que las usemos en nuestro sitio web. Esta informaci\u00f3n se almacenar\u00e1 en su ordenador durante un m\u00e1ximo de 13 meses.<\/p>\n\n          <\/div>\n        <\/div>\n      <\/div>\n    <\/div>\n  <\/div>\n<\/section>\n","protected":false},"excerpt":{"rendered":"<p>ESII Adresse du si\u00e8ge : ESII \u2013 ZI Sud \u2013 2 rue de la Prade \u2013 34880 Lav\u00e9runeT\u00e9l. : +33(0)4 67 07 04 77Email : info@esii.comS.A.S. au capital de 527 448,60\u20ac &#8211; Siret 343 616 751 000 32N\u00b0 Identification : FR 31 343 616 751 \u2013 RC MontpellierCode APE : 3320CESII est accr\u00e9dit\u00e9e en tant [&hellip;]<\/p>\n","protected":false},"author":1,"featured_media":0,"parent":0,"menu_order":45,"comment_status":"closed","ping_status":"closed","template":"","meta":{"inline_featured_image":false,"footnotes":""},"activity":[],"class_list":["post-8946","page","type-page","status-publish","hentry"],"acf":[],"_links":{"self":[{"href":"https:\/\/www.esii.com\/es\/wp-json\/wp\/v2\/pages\/8946","targetHints":{"allow":["GET"]}}],"collection":[{"href":"https:\/\/www.esii.com\/es\/wp-json\/wp\/v2\/pages"}],"about":[{"href":"https:\/\/www.esii.com\/es\/wp-json\/wp\/v2\/types\/page"}],"author":[{"embeddable":true,"href":"https:\/\/www.esii.com\/es\/wp-json\/wp\/v2\/users\/1"}],"replies":[{"embeddable":true,"href":"https:\/\/www.esii.com\/es\/wp-json\/wp\/v2\/comments?post=8946"}],"version-history":[{"count":0,"href":"https:\/\/www.esii.com\/es\/wp-json\/wp\/v2\/pages\/8946\/revisions"}],"wp:attachment":[{"href":"https:\/\/www.esii.com\/es\/wp-json\/wp\/v2\/media?parent=8946"}],"wp:term":[{"taxonomy":"activity","embeddable":true,"href":"https:\/\/www.esii.com\/es\/wp-json\/wp\/v2\/activity?post=8946"}],"curies":[{"name":"wp","href":"https:\/\/api.w.org\/{rel}","templated":true}]}}