{"id":8943,"date":"2022-03-21T16:46:37","date_gmt":"2022-03-21T15:46:37","guid":{"rendered":"https:\/\/www.esii.com\/conviertase-en-socio\/"},"modified":"2022-05-03T16:46:36","modified_gmt":"2022-05-03T14:46:36","slug":"conviertase-en-socio","status":"publish","type":"page","link":"https:\/\/www.esii.com\/es\/conviertase-en-socio\/","title":{"rendered":"Convi\u00e9rtase en socio"},"content":{"rendered":"<section class=\"ps-block ps-block--paragraph\">\n  <div class=\"ps-block__container\">\n    <div class=\"ps-block__grid\">\n      <div class=\"ps-block__content\">\n        <div class=\"ps-block__body\">\n          <div class=\"ps-block__item\">\n            \n<p>Convi\u00e9rtase en socio de ESII independientemente del tama\u00f1o y la actividad de su organizaci\u00f3n. Estamos buscando continuamente nuevos socios en todas partes y en todos los sectores, ya sean comerciales, t\u00e9cnicos o instaladores.<\/p>\n\n          <\/div>\n        <\/div>\n      <\/div>\n    <\/div>\n  <\/div>\n<\/section>\n\n\n<section class=\"ps-block ps-block--paragraph\">\n  <div class=\"ps-block__container\">\n    <div class=\"ps-block__grid\">\n      <div class=\"ps-block__content\">\n        <div class=\"ps-block__body\">\n          <div class=\"ps-block__item\">\n            \n<p>En cuanto se constituya la asociaci\u00f3n, acompa\u00f1aremos a su personal comercial en sus visitas a los clientes para ayudarle a conseguir sus primeros pedidos. <\/p>\n\n          <\/div>\n        <\/div>\n      <\/div>\n    <\/div>\n  <\/div>\n<\/section>\n\n\n<section class=\"ps-block ps-block--paragraph\">\n  <div class=\"ps-block__container\">\n    <div class=\"ps-block__grid\">\n      <div class=\"ps-block__content\">\n        <div class=\"ps-block__body\">\n          <div class=\"ps-block__item\">\n            \n<p>Consiga asistencia continua y acceso a un portal exclusivo para socios en el que podr\u00e1 encontrar recursos de apoyo a las ventas. Elegir ESII es beneficiarse de 40 a\u00f1os de experiencia en gesti\u00f3n de recepci\u00f3n.<\/p>\n\n          <\/div>\n        <\/div>\n      <\/div>\n    <\/div>\n  <\/div>\n<\/section>\n\n\n<section class=\"ps-block ps-block--items-grid\">\n  <div class=\"ps-block__container\">\n    <div class=\"ps-block__grid\">\n      <div class=\"ps-block__content\">\n        <div class=\"ps-block__body\">\n                      <div class=\"ps-block__item\">\n                                                  <figure class=\"ps-block__img lazy-image\">\n  <img loading=\"lazy\" decoding=\"async\" src=\"data:image\/svg+xml,%3Csvg xmlns='http:\/\/www.w3.org\/2000\/svg' viewBox='0 0 120 120'%3E%3C\/svg%3E\"\n       data-src=\"https:\/\/www.esii.com\/app\/uploads\/2022\/01\/Picto_120x120_Lead.png\"\n       data-srcset=\"https:\/\/www.esii.com\/app\/uploads\/2022\/01\/Picto_120x120_Lead.png 330w\"\n       sizes=\"auto, 330px\"\n       width=\"120\"\n       height=\"120\"\n       alt=\"Picto 120x120 ClientePotencial\"\n  >\n<\/figure>\n                                                  <div class=\"ps-block__item__caption\">\n                                                              <span class=\"ps-block__item__caption--title\">\n                        Aumente su pipeline de ventas\n                      <\/span>\n                                      <\/div>\n                                          <\/div>\n                      <div class=\"ps-block__item\">\n                                                  <figure class=\"ps-block__img lazy-image\">\n  <img loading=\"lazy\" decoding=\"async\" src=\"data:image\/svg+xml,%3Csvg xmlns='http:\/\/www.w3.org\/2000\/svg' viewBox='0 0 120 120'%3E%3C\/svg%3E\"\n       data-src=\"https:\/\/www.esii.com\/app\/uploads\/2022\/01\/Picto_120x120_NouvellesCibles-1.png\"\n       data-srcset=\"https:\/\/www.esii.com\/app\/uploads\/2022\/01\/Picto_120x120_NouvellesCibles-1.png 330w\"\n       sizes=\"auto, 330px\"\n       width=\"120\"\n       height=\"120\"\n       alt=\"Picto 120x120 NuevosObjetivos 1\"\n  >\n<\/figure>\n                                                  <div class=\"ps-block__item__caption\">\n                                                              <span class=\"ps-block__item__caption--title\">\n                        Explore nuevos objetivos\n                      <\/span>\n                                      <\/div>\n                                          <\/div>\n                      <div class=\"ps-block__item\">\n                                                  <figure class=\"ps-block__img lazy-image\">\n  <img loading=\"lazy\" decoding=\"async\" src=\"data:image\/svg+xml,%3Csvg xmlns='http:\/\/www.w3.org\/2000\/svg' viewBox='0 0 120 120'%3E%3C\/svg%3E\"\n       data-src=\"https:\/\/www.esii.com\/app\/uploads\/2022\/01\/Picto_120x120_ExpertiseCollaborateurs.png\"\n       data-srcset=\"https:\/\/www.esii.com\/app\/uploads\/2022\/01\/Picto_120x120_ExpertiseCollaborateurs.png 330w\"\n       sizes=\"auto, 330px\"\n       width=\"120\"\n       height=\"120\"\n       alt=\"Picto 120x120 ExperienciaEmpleados\"\n  >\n<\/figure>\n                                                  <div class=\"ps-block__item__caption\">\n                                                              <span class=\"ps-block__item__caption--title\">\n                        Soporte completo y continuo\n                      <\/span>\n                                      <\/div>\n                                          <\/div>\n                      <div class=\"ps-block__item\">\n                                                  <figure class=\"ps-block__img lazy-image\">\n  <img loading=\"lazy\" decoding=\"async\" src=\"data:image\/svg+xml,%3Csvg xmlns='http:\/\/www.w3.org\/2000\/svg' viewBox='0 0 120 120'%3E%3C\/svg%3E\"\n       data-src=\"https:\/\/www.esii.com\/app\/uploads\/2022\/02\/portefeuille-de-solutions.png\"\n       data-srcset=\"https:\/\/www.esii.com\/app\/uploads\/2022\/02\/portefeuille-de-solutions.png 330w\"\n       sizes=\"auto, 330px\"\n       width=\"120\"\n       height=\"120\"\n       alt=\"information totem tactile\"\n  >\n<\/figure>\n                                                  <div class=\"ps-block__item__caption\">\n                                                              <span class=\"ps-block__item__caption--title\">\n                        Completa cartera de soluciones\n                      <\/span>\n                                      <\/div>\n                                          <\/div>\n                  <\/div>\n      <\/div>\n    <\/div>\n  <\/div>\n<\/section>\n\n\n\n<section class=\"ps-block ps-block--accordion\">\n  <div class=\"ps-block__container\">\n    <div class=\"ps-block__grid\">\n      <div class=\"ps-block__content\">\n        <div class=\"ps-block__body\">\n          <div class=\"ps-block__item\">\n            <ul class=\"accordion\" data-accordion data-multi-expand=\"true\" data-allow-all-closed=\"true\">\n                            <li class=\"accordion-item\" data-accordion-item>\n                <a href=\"#\" class=\"accordion-title\">\n                  Aumente su pipeline de ventas\n                  <span class=\"accordion-toggle\"><\/span>\n                <\/a>\n                <div class=\"accordion-content\" data-tab-content><p>Aproveche el tr\u00e1fico natural y las campa\u00f1as de nuestro sitio web para conseguir nuevos clientes potenciales cualificados y aumentar su volumen de negocio.<\/p>\n<\/div>\n              <\/li>\n                            <li class=\"accordion-item\" data-accordion-item>\n                <a href=\"#\" class=\"accordion-title\">\n                  Explore nuevos objetivos\n                  <span class=\"accordion-toggle\"><\/span>\n                <\/a>\n                <div class=\"accordion-content\" data-tab-content><p>\u00c1brase a nuevos objetivos gracias a las soluciones ESII, ampl\u00ede su cartera de clientes y sus referencias explorando el sector m\u00e9dico, el comercio al por menor o incluso la administraci\u00f3n.<\/p>\n<\/div>\n              <\/li>\n                            <li class=\"accordion-item\" data-accordion-item>\n                <a href=\"#\" class=\"accordion-title\">\n                  Soporte completo y continuo\n                  <span class=\"accordion-toggle\"><\/span>\n                <\/a>\n                <div class=\"accordion-content\" data-tab-content><p>Convertirse en socio de ESII significa beneficiarse de la experiencia de 130 empleados. Nuestros comerciales, formadores, jefes de proyecto, equipos de I+D, equipos de marketing, etc. le acompa\u00f1an para convertir sus proyectos en historias de \u00e9xito.<\/p>\n<\/div>\n              <\/li>\n                            <li class=\"accordion-item\" data-accordion-item>\n                <a href=\"#\" class=\"accordion-title\">\n                  Una gama completa de soluciones\n                  <span class=\"accordion-toggle\"><\/span>\n                <\/a>\n                <div class=\"accordion-content\" data-tab-content><p>ESII le ofrece una completa gama de soluciones de hardware y software propuestas por los equipos internos de I+D. Nuestros equipos desarrollan soluciones SaaS y on-premise multiling\u00fces para gestionar la recepci\u00f3n de usuarios en establecimientos abiertos al p\u00fablico. En combinaci\u00f3n con nuestra gama de terminales interactivos, permiten gestionar la totalidad del recorrido del visitante y dar la bienvenida a millones de personas en todo el mundo.<\/p>\n<\/div>\n              <\/li>\n                          <\/ul>\n          <\/div>\n        <\/div>\n      <\/div>\n    <\/div>\n  <\/div>\n<\/section>\n\n\n<section class=\"ps-block ps-block--cta\">\n  <div class=\"ps-block__container\">\n    <div class=\"ps-block__bg\">\n      <div class=\"ps-block__blob\">\n        <svg xmlns=\"http:\/\/www.w3.org\/2000\/svg\" width=\"789.469\" height=\"728.959\" viewBox=\"0 0 789.469 728.959\">\n          <path d=\"M669.861,129.168C745.413,206.241,802.2,316.274,786.992,420.729,771.273,525.184,684.566,624.061,573.519,679.838c-110.54,55.27-244.911,67.439-353.423,18.254S28.934,538.367,6.623,419.715c-22.818-119.16,14.7-245.925,91.271-322.492C174.461,20.149,289.564-6.725,394.526,1.388S594.309,52.6,669.861,129.168Z\" transform=\"translate(0 0)\" fill=\"#2b2d33\"\/>\n        <\/svg>\n      <\/div>\n    <\/div>\n    <div class=\"ps-block__grid\">\n      <div class=\"ps-block__content\">\n        <div class=\"ps-block__body\">\n\n                      <div class=\"ps-block__heading\">\n                                            <span class=\"ps-block__title\">P\u00f3ngase en contacto con nosotros<\/span>\n                          <\/div>\n          \n                      <p class=\"ps-block__txt\">\u00bfQuiere convertirse en socio de ESII?<\/p>\n          \n          <div class=\"ps-block__button\">\n            <a href=\"https:\/\/www.esii.com\/es\/contactenos\/\" class=\"button button--icon\" target=\"\">\n              <span>Contactar<\/span>\n              <svg class=\"icon icon-arrow-right\">\n                <use xlink:href=\"https:\/\/www.esii.com\/app\/themes\/choosit\/dist\/img\/spritemap.svg#sprite-arrow-right\"><\/use>\n              <\/svg>\n            <\/a>\n          <\/div>\n        <\/div>\n\n      <\/div>\n    <\/div>\n  <\/div>\n<\/section>\n\n\n\n<section class=\"ps-block ps-block--textimage image-left\">\n  <div class=\"ps-block__container\">\n    <div class=\"ps-block__grid\">\n\n      <div class=\"ps-block__img\">\n        <figure class=\"lazy-image\">\n          <img loading=\"lazy\" decoding=\"async\" src=\"data:image\/svg+xml,%3Csvg xmlns='http:\/\/www.w3.org\/2000\/svg' viewBox='0 0 600 600'%3E%3C\/svg%3E\"\n               data-src=\"https:\/\/www.esii.com\/app\/uploads\/2022\/02\/itechia.png\"\n               data-srcset=\"https:\/\/www.esii.com\/app\/uploads\/2022\/02\/itechia.png 600w\"\n               sizes=\"auto, 600px\"\n               alt=\"\"\n               width=\"600\"\n               height=\"600\"\n          >\n        <\/figure>\n      <\/div>\n\n      <div class=\"ps-block__body\">\n                          <h4 class=\"ps-block__title\">Historia de \u00e9xito<\/h4>\n                          <div class=\"ps-block__text\">\n            <p>Fundada por Fahd MEKOUAR en marzo de 2011, ITECHIA se ha ido posicionando desde su creaci\u00f3n como un actor innovador en <b>Se\u00f1alizaci\u00f3n digital <\/b>y <b>Gesti\u00f3n de contenidos digitales <\/b>con el prop\u00f3sito de contribuir al desarrollo de estos dos conceptos en Marruecos y en \u00c1frica.<\/p>\n<p>\u00bfPor qu\u00e9 elegir ESII?<\/p>\n<p>Para asociarse a un l\u00edder tecnol\u00f3gico con una clara visi\u00f3n de futuro en t\u00e9rminos de gesti\u00f3n de recepci\u00f3n.<\/p>\n\n          <\/div>\n                      <\/div>\n    <\/div>\n  <\/div>\n<\/section>\n\n\n\n<section class=\"ps-block ps-block--heading\">\n  <div class=\"ps-block__container\">\n    <div class=\"ps-block__grid\">\n      <div class=\"ps-block__content\">\n        <div class=\"ps-block__body\">\n          <div class=\"ps-block__item\">\n            \n<h2 id=\"pages-liees\">P\u00e1ginas relacionadas<\/h2>\n\n          <\/div>\n        <\/div>\n      <\/div>\n    <\/div>\n  <\/div>\n<\/section>\n\n\n<section class=\"ps-block ps-block--internal-links\">\n  <div class=\"ps-block__container\">\n    <div class=\"ps-block__grid\">\n      <svg class=\"ps-block__blob\" xmlns=\"http:\/\/www.w3.org\/2000\/svg\" width=\"641.356\" height=\"596.235\" viewBox=\"0 0 641.356 596.235\">\n        <path d=\"M544.187,105.65c61.378,63.04,107.514,153.039,95.156,238.475-12.77,85.436-83.21,166.311-173.423,211.932-89.8,45.207-198.963,55.161-287.116,14.931S23.506,440.345,5.381,343.3C-13.156,245.832,17.327,142.147,79.528,79.521c62.2-63.04,155.71-85.022,240.98-78.386S482.809,43.024,544.187,105.65Z\" fill=\"#f2f4f8\"\/>\n      <\/svg>\n      <ul class=\"ps-block__list\">\n                  <li class=\"posts__item\">\n  <article class=\"card\">\n          <div class=\"card__thumb\">\n          <figure class=\" lazy-image\">\n  <img loading=\"lazy\" decoding=\"async\" src=\"data:image\/svg+xml,%3Csvg xmlns='http:\/\/www.w3.org\/2000\/svg' viewBox='0 0 568 358'%3E%3C\/svg%3E\"\n       data-src=\"https:\/\/www.esii.com\/app\/uploads\/2022\/04\/reseaux-internationaux-568x358.png\"\n       data-srcset=\"https:\/\/www.esii.com\/app\/uploads\/2022\/04\/reseaux-internationaux-568x358.png 568w\"\n       sizes=\"auto, 568px\"\n       width=\"568\"\n       height=\"358\"\n       alt=\"reseaux-internationaux ESII\"\n  >\n<\/figure>\n      <\/div>\n            <div class=\"card__content\">\n      <ul class=\"card__labels labels\">\n              <\/ul>\n      <h3 class=\"card__title\">\n        <a href=\"https:\/\/www.esii.com\/es\/red-de-distribuidores-internacionales\/\">Red de distribuidores internacionales<\/a>\n      <\/h3>\n    <\/div>\n              <p class=\"card__excerpt card__excerptfix\">Nuestros productos y servicios est\u00e1n disponibles en alrededor de 50 pa\u00edses.<\/p>\n          <footer class=\"card__footer\">\n            <button class=\"card__link\" aria-label=\"Leer el art\u00edculo\">\n        <svg class=\"icon icon-chevron-right\">\n          <use xlink:href=\"https:\/\/www.esii.com\/app\/themes\/choosit\/dist\/img\/spritemap.svg#sprite-chevron-right\"><\/use>\n        <\/svg>\n      <\/button>\n    <\/footer>\n  <\/article>\n<\/li>\n                  <li class=\"posts__item\">\n  <article class=\"card\">\n          <div class=\"card__thumb\">\n          <figure class=\" lazy-image\">\n  <img loading=\"lazy\" decoding=\"async\" src=\"data:image\/svg+xml,%3Csvg xmlns='http:\/\/www.w3.org\/2000\/svg' viewBox='0 0 568 358'%3E%3C\/svg%3E\"\n       data-src=\"https:\/\/www.esii.com\/app\/uploads\/2022\/12\/filiale-esii-568x358.webp\"\n       data-srcset=\"https:\/\/www.esii.com\/app\/uploads\/2022\/12\/filiale-esii-568x358.webp 568w\"\n       sizes=\"auto, 568px\"\n       width=\"568\"\n       height=\"358\"\n       alt=\"\"\n  >\n<\/figure>\n      <\/div>\n            <div class=\"card__content\">\n      <ul class=\"card__labels labels\">\n              <\/ul>\n      <h3 class=\"card__title\">\n        <a href=\"https:\/\/www.esii.com\/es\/nuestras-filiales\/\">Nuestras filiales<\/a>\n      <\/h3>\n    <\/div>\n              <p class=\"card__excerpt card__excerptfix\">ESII est\u00e1 presente en Francia y a nivel internacional. Si desea venir a vernos, consulte nuestras direcciones.<\/p>\n          <footer class=\"card__footer\">\n            <button class=\"card__link\" aria-label=\"Leer el art\u00edculo\">\n        <svg class=\"icon icon-chevron-right\">\n          <use xlink:href=\"https:\/\/www.esii.com\/app\/themes\/choosit\/dist\/img\/spritemap.svg#sprite-chevron-right\"><\/use>\n        <\/svg>\n      <\/button>\n    <\/footer>\n  <\/article>\n<\/li>\n              <\/ul>\n    <\/div>\n  <\/div>\n<\/section>\n\n\n","protected":false},"excerpt":{"rendered":"<p>ESII, l\u00edder franc\u00e9s en la gesti\u00f3n de filas de espera, ofrece una amplia gama de productos de gesti\u00f3n de recepci\u00f3n y programaci\u00f3n de citas. \u00danase a una red de distribuidores presentes en casi 40 pa\u00edses de todo el mundo.<\/p>\n","protected":false},"author":1,"featured_media":10058,"parent":0,"menu_order":14,"comment_status":"closed","ping_status":"closed","template":"","meta":{"inline_featured_image":false,"footnotes":""},"activity":[],"class_list":["post-8943","page","type-page","status-publish","has-post-thumbnail","hentry"],"acf":[],"_links":{"self":[{"href":"https:\/\/www.esii.com\/es\/wp-json\/wp\/v2\/pages\/8943","targetHints":{"allow":["GET"]}}],"collection":[{"href":"https:\/\/www.esii.com\/es\/wp-json\/wp\/v2\/pages"}],"about":[{"href":"https:\/\/www.esii.com\/es\/wp-json\/wp\/v2\/types\/page"}],"author":[{"embeddable":true,"href":"https:\/\/www.esii.com\/es\/wp-json\/wp\/v2\/users\/1"}],"replies":[{"embeddable":true,"href":"https:\/\/www.esii.com\/es\/wp-json\/wp\/v2\/comments?post=8943"}],"version-history":[{"count":0,"href":"https:\/\/www.esii.com\/es\/wp-json\/wp\/v2\/pages\/8943\/revisions"}],"wp:featuredmedia":[{"embeddable":true,"href":"https:\/\/www.esii.com\/es\/wp-json\/wp\/v2\/media\/10058"}],"wp:attachment":[{"href":"https:\/\/www.esii.com\/es\/wp-json\/wp\/v2\/media?parent=8943"}],"wp:term":[{"taxonomy":"activity","embeddable":true,"href":"https:\/\/www.esii.com\/es\/wp-json\/wp\/v2\/activity?post=8943"}],"curies":[{"name":"wp","href":"https:\/\/api.w.org\/{rel}","templated":true}]}}