{"id":590,"date":"2021-11-24T17:23:06","date_gmt":"2021-11-24T16:23:06","guid":{"rendered":"https:\/\/www.esii.com\/?page_id=590"},"modified":"2024-04-19T15:38:48","modified_gmt":"2024-04-19T13:38:48","slug":"public-reception-covid-19","status":"publish","type":"page","link":"https:\/\/www.esii.com\/en\/your-needs\/public-reception-covid-19\/","title":{"rendered":"Public reception during Covid-19 pandemic"},"content":{"rendered":"<section class=\"ps-block ps-block--textimage image-left\">\n  <div class=\"ps-block__container\">\n    <div class=\"ps-block__grid\">\n\n      <div class=\"ps-block__img\">\n        <figure class=\"lazy-image\">\n          <img loading=\"lazy\" decoding=\"async\" src=\"data:image\/svg+xml,%3Csvg xmlns='http:\/\/www.w3.org\/2000\/svg' viewBox='0 0 600 600'%3E%3C\/svg%3E\"\n               data-src=\"https:\/\/www.esii.com\/app\/uploads\/2022\/01\/SolutionComptageCovid-750-x750-600x600.png\"\n               data-srcset=\"https:\/\/www.esii.com\/app\/uploads\/2022\/01\/SolutionComptageCovid-750-x750-600x600.png 600w\"\n               sizes=\"auto, 600px\"\n               alt=\"\"\n               width=\"600\"\n               height=\"600\"\n          >\n        <\/figure>\n      <\/div>\n\n      <div class=\"ps-block__body\">\n                  <h3 class=\"ps-block__suptitle suptitle\">Comptage des clients en magasin<\/h3>\n                          <h4 class=\"ps-block__title\">Solution de comptage clients<\/h4>\n                          <div class=\"ps-block__text\">\n            <p><b>Le comptage des clients peut se faire\u00a0<\/b>manuellement par une personne \u00e0 l\u2019entr\u00e9e du magasin ou venir des informations des\u00a0<b>tapis de comptage en temps r\u00e9el<\/b>.<br \/>\nAvec une\u00a0<b>web app sur un smartphone<\/b>\u00a0le contr\u00f4leur d\u2019entr\u00e9e modifie le nombre de visiteurs et visualise en temps r\u00e9el le nombre de personnes d\u00e9j\u00e0 dans le magasin.<br \/>\nS\u2019il y a des \u00e9v\u00e9nements\/rdv pr\u00e9vus, elle affiche aussi le nombre pr\u00e9vu dans les x prochaines minutes ce qui permet de faire entrer des visiteurs spontan\u00e9s quand il y a peu de RDV pr\u00e9vus.<\/p>\n\n          <\/div>\n                        <div class=\"button-group\">\n                                    <a href=\"\/solutions\/comptage-des-clients-en-magasin\/\" class=\"link\" target=\"\">\n                <span class=\"link__txt\">Read more<\/span>\n                <span class=\"link__icon\">\n                  <svg class=\"icon icon-chevron-right\">\n                    <use xlink:href=\"https:\/\/www.esii.com\/app\/themes\/choosit\/dist\/img\/spritemap.svg#sprite-chevron-right\"><\/use>\n                  <\/svg>\n                <\/span>\n              <\/a>\n                              <\/div>\n              <\/div>\n    <\/div>\n  <\/div>\n<\/section>\n\n<section class=\"ps-block ps-block--textimage image-right\">\n  <div class=\"ps-block__container\">\n    <div class=\"ps-block__grid\">\n\n      <div class=\"ps-block__img\">\n        <figure class=\"lazy-image\">\n          <img loading=\"lazy\" decoding=\"async\" src=\"data:image\/svg+xml,%3Csvg xmlns='http:\/\/www.w3.org\/2000\/svg' viewBox='0 0 600 600'%3E%3C\/svg%3E\"\n               data-src=\"https:\/\/www.esii.com\/app\/uploads\/2022\/04\/Ticket-Virtuel.webp\"\n               data-srcset=\"https:\/\/www.esii.com\/app\/uploads\/2022\/04\/Ticket-Virtuel.webp 600w\"\n               sizes=\"auto, 600px\"\n               alt=\"\"\n               width=\"600\"\n               height=\"600\"\n          >\n        <\/figure>\n      <\/div>\n\n      <div class=\"ps-block__body\">\n                  <h3 class=\"ps-block__suptitle suptitle\">Supprimez l&#8217;attente pour vos visiteurs<\/h3>\n                          <h4 class=\"ps-block__title\">Ticket virtuel sur smartphone<\/h4>\n                          <div class=\"ps-block__text\">\n            <p>ESII vous accompagne afin de trouver la solution adapt\u00e9e \u00e0 votre \u00e9tablissement pour recevoir sereinement vos visiteurs. La solution de ticket virtuel permet de\u00a0<strong>d\u00e9mat\u00e9rialiser la file d\u2019attente<\/strong>\u00a0et de recevoir vos visiteurs uniquement lorsque c\u2019est leur tour.<\/p>\n<ul>\n<li>Continuez \u00e0 faire respecter les distances physiques<\/li>\n<li>Supprimez les files d\u2019attente devant votre \u00e9tablissement<\/li>\n<li>Organisez votre accueil avec la prise de RDV en ligne<\/li>\n<\/ul>\n\n          <\/div>\n                        <div class=\"button-group\">\n                                    <a href=\"\/solutions\/ticket-virtuel-smartphone\/\" class=\"link\" target=\"\">\n                <span class=\"link__txt\">Read more<\/span>\n                <span class=\"link__icon\">\n                  <svg class=\"icon icon-chevron-right\">\n                    <use xlink:href=\"https:\/\/www.esii.com\/app\/themes\/choosit\/dist\/img\/spritemap.svg#sprite-chevron-right\"><\/use>\n                  <\/svg>\n                <\/span>\n              <\/a>\n                              <\/div>\n              <\/div>\n    <\/div>\n  <\/div>\n<\/section>\n\n<section class=\"ps-block ps-block--textimage image-left\">\n  <div class=\"ps-block__container\">\n    <div class=\"ps-block__grid\">\n\n      <div class=\"ps-block__img\">\n        <figure class=\"lazy-image\">\n          <img loading=\"lazy\" decoding=\"async\" src=\"data:image\/svg+xml,%3Csvg xmlns='http:\/\/www.w3.org\/2000\/svg' viewBox='0 0 600 600'%3E%3C\/svg%3E\"\n               data-src=\"https:\/\/www.esii.com\/app\/uploads\/2022\/04\/RdvEnLigne-750-x750-600x600-1.webp\"\n               data-srcset=\"https:\/\/www.esii.com\/app\/uploads\/2022\/04\/RdvEnLigne-750-x750-600x600-1.webp 600w\"\n               sizes=\"auto, 600px\"\n               alt=\"\"\n               width=\"600\"\n               height=\"600\"\n          >\n        <\/figure>\n      <\/div>\n\n      <div class=\"ps-block__body\">\n                  <h3 class=\"ps-block__suptitle suptitle\">Proposez la prise de rendez-vous en ligne<\/h3>\n                          <h4 class=\"ps-block__title\">Logiciel de RDV en ligne<\/h4>\n                          <div class=\"ps-block__text\">\n            <p>ESII permet aux clients de\u00a0<strong>prendre rendez-vous \u00e0 partir d&#8217;un site Web<\/strong>, de recevoir un SMS et\/ou une confirmation par e-mail de leur rendez-vous, et de venir simplement \u00e0 l\u2019heure de leur rendez-vous.<br \/>\nLes messages peuvent \u00eatre personnalis\u00e9s pour communiquer le d\u00e9tail du rendez-vous avec des rappels d&#8217;informations importantes en p\u00e9riode de COVID-19.<br \/>\nLes clients peuvent\u00a0<strong>attendre \u00e0 la maison, au travail ou n&#8217;importe o\u00f9 ailleurs<\/strong>, votre salle d&#8217;attente sera vide et vous lutterez contre la contagion.<\/p>\n\n          <\/div>\n                        <div class=\"button-group\">\n                                    <a href=\"\/solutions\/logiciel-de-rendez-vous\/\" class=\"link\" target=\"\">\n                <span class=\"link__txt\">Read more<\/span>\n                <span class=\"link__icon\">\n                  <svg class=\"icon icon-chevron-right\">\n                    <use xlink:href=\"https:\/\/www.esii.com\/app\/themes\/choosit\/dist\/img\/spritemap.svg#sprite-chevron-right\"><\/use>\n                  <\/svg>\n                <\/span>\n              <\/a>\n                              <\/div>\n              <\/div>\n    <\/div>\n  <\/div>\n<\/section>\n\n<section class=\"ps-block ps-block--textimage image-right\">\n  <div class=\"ps-block__container\">\n    <div class=\"ps-block__grid\">\n\n      <div class=\"ps-block__img\">\n        <figure class=\"lazy-image\">\n          <img loading=\"lazy\" decoding=\"async\" src=\"data:image\/svg+xml,%3Csvg xmlns='http:\/\/www.w3.org\/2000\/svg' viewBox='0 0 600 600'%3E%3C\/svg%3E\"\n               data-src=\"https:\/\/www.esii.com\/app\/uploads\/2022\/04\/Twana-phygital-kiosk.webp\"\n               data-srcset=\"https:\/\/www.esii.com\/app\/uploads\/2022\/04\/Twana-phygital-kiosk.webp 600w\"\n               sizes=\"auto, 600px\"\n               alt=\"\"\n               width=\"600\"\n               height=\"600\"\n          >\n        <\/figure>\n      <\/div>\n\n      <div class=\"ps-block__body\">\n                  <h3 class=\"ps-block__suptitle suptitle\">Borne de mise en relation vid\u00e9o<\/h3>\n                          <h4 class=\"ps-block__title\">Phygital kiosk<\/h4>\n                          <div class=\"ps-block__text\">\n            <p>Le Phygital Kiosk permet de mettre en relation en vid\u00e9o et audio un visiteur et un agent d&#8217;accueil \u00e0 distance. Vous limitez ainsi les interactions physiques<\/p>\n<ul>\n<li>Pas d&#8217;interaction physique<\/li>\n<li>Un seul agent pour plusieurs sites<\/li>\n<li>Facile d&#8217;utilisation<\/li>\n<\/ul>\n\n          <\/div>\n                        <div class=\"button-group\">\n                                    <a href=\"\/solutions\/phygital-kiosk-visio\/\" class=\"link\" target=\"\">\n                <span class=\"link__txt\">Read more<\/span>\n                <span class=\"link__icon\">\n                  <svg class=\"icon icon-chevron-right\">\n                    <use xlink:href=\"https:\/\/www.esii.com\/app\/themes\/choosit\/dist\/img\/spritemap.svg#sprite-chevron-right\"><\/use>\n                  <\/svg>\n                <\/span>\n              <\/a>\n                              <\/div>\n              <\/div>\n    <\/div>\n  <\/div>\n<\/section>\n\n<section class=\"ps-block ps-block--textimage image-left\">\n  <div class=\"ps-block__container\">\n    <div class=\"ps-block__grid\">\n\n      <div class=\"ps-block__img\">\n        <figure class=\"lazy-image\">\n          <img loading=\"lazy\" decoding=\"async\" src=\"data:image\/svg+xml,%3Csvg xmlns='http:\/\/www.w3.org\/2000\/svg' viewBox='0 0 600 600'%3E%3C\/svg%3E\"\n               data-src=\"https:\/\/www.esii.com\/app\/uploads\/2022\/04\/FileUniqueEnCaisse.webp\"\n               data-srcset=\"https:\/\/www.esii.com\/app\/uploads\/2022\/04\/FileUniqueEnCaisse.webp 600w\"\n               sizes=\"auto, 600px\"\n               alt=\"\"\n               width=\"600\"\n               height=\"600\"\n          >\n        <\/figure>\n      <\/div>\n\n      <div class=\"ps-block__body\">\n                  <h3 class=\"ps-block__suptitle suptitle\">Acc\u00e9l\u00e9rez le passage en caisse<\/h3>\n                          <h4 class=\"ps-block__title\">File unique<\/h4>\n                          <div class=\"ps-block__text\">\n            <p>Notre solution de file d&#8217;attente unique permet d\u2019acc\u00e9l\u00e9rer le passage en caisse tout en maintenant les distances de s\u00e9curit\u00e9.<br \/>\nLes clients attendent dans une\u00a0file d\u2019attente unique\u00a0avec respect des distances de s\u00e9curit\u00e9, d\u00e8s qu\u2019une caisse est libre, le client suivant est appel\u00e9 gr\u00e2ce \u00e0 l\u2019\u00e9cran et \u00e0 l\u2019annonce sonore.<br \/>\nUn ticket virtuel peut aussi \u00eatre pris pour accueil en caisses d\u00e9di\u00e9es.<br \/>\nPas de file d\u2019attente devant chaque caisse obligeant les clients \u00e0 passer au milieu des files pour rejoindre une caisse.<\/p>\n\n          <\/div>\n                        <div class=\"button-group\">\n                                    <a href=\"\/solutions\/file-unique-attente\/\" class=\"link\" target=\"\">\n                <span class=\"link__txt\">Read more<\/span>\n                <span class=\"link__icon\">\n                  <svg class=\"icon icon-chevron-right\">\n                    <use xlink:href=\"https:\/\/www.esii.com\/app\/themes\/choosit\/dist\/img\/spritemap.svg#sprite-chevron-right\"><\/use>\n                  <\/svg>\n                <\/span>\n              <\/a>\n                              <\/div>\n              <\/div>\n    <\/div>\n  <\/div>\n<\/section>\n\n  <section class=\"ps-block ps-block--slider\">\n    <div class=\"ps-block__container\">\n      <div class=\"ps-block__grid\">\n        <div class=\"ps-block__content\">\n          <svg class=\"ps-block__blob\" xmlns=\"http:\/\/www.w3.org\/2000\/svg\" width=\"408\" height=\"426\" viewBox=\"0 0 408.1 426.6\">\n            <path fill=\"#f2f4f8\" d=\"M286.3,394.7c-52,29.1-119,43.5-172.7,20.4C59.9,391.8,19.4,331.6,5.4,264.5\n              C-8.5,197.9,4.2,124.7,46,74.1S158.6-4.6,225.3,0.6c67,5,129.5,43.1,159.5,94.8c30.3,51.7,28.3,116.8,9,171.4S338,365.6,286.3,394.7\n              z\"\/>\n          <\/svg>\n          <div class=\"swiper js-swiper-block\">\n            <ul class=\"swiper-wrapper\">\n                              <li class=\"ps-block__item swiper-slide\">\n                                    <div class=\"ps-block__quote\">\n                    \u00ab&nbsp;Nous avions besoin de g\u00e9rer un afflux soudain de nouveaux patients. Le contexte infectieux du Covid-19 nous a orient\u00e9 vers&hellip;&nbsp;\u00bb\n                  <\/div>\n                  <button data-open=\"quote_0\" class=\"link\">\n                    <span class=\"link__txt\">Read more<\/span>\n                    <span class=\"link__icon\">\n                      <svg class=\"icon icon-chevron-right\">\n                        <use xlink:href=\"https:\/\/www.esii.com\/app\/themes\/choosit\/dist\/img\/spritemap.svg#sprite-chevron-right\"><\/use>\n                      <\/svg>\n                    <\/span>\n                  <\/button>\n                <\/li>\n                              <li class=\"ps-block__item swiper-slide\">\n                                    <div class=\"ps-block__quote\">\n                    \u00ab&nbsp;La crise sanitaire du Covid a chamboul\u00e9 l\u2019organisation des services. Il fallait, sans perdre trop de temps dans la red\u00e9finition&hellip;&nbsp;\u00bb\n                  <\/div>\n                  <button data-open=\"quote_1\" class=\"link\">\n                    <span class=\"link__txt\">Read more<\/span>\n                    <span class=\"link__icon\">\n                      <svg class=\"icon icon-chevron-right\">\n                        <use xlink:href=\"https:\/\/www.esii.com\/app\/themes\/choosit\/dist\/img\/spritemap.svg#sprite-chevron-right\"><\/use>\n                      <\/svg>\n                    <\/span>\n                  <\/button>\n                <\/li>\n                              <li class=\"ps-block__item swiper-slide\">\n                    <div class=\"client \">\n    <div class=\"client__logo\">\n        <img loading=\"lazy\" decoding=\"async\" src=\"https:\/\/www.esii.com\/app\/uploads\/2021\/12\/mairie-bagnolet-france-1.png\"\n       srcset=\"https:\/\/www.esii.com\/app\/uploads\/2021\/12\/mairie-bagnolet-france-1.png 200w\"\n       sizes=\"auto, 200px\"\n       width=\"200\"\n       height=\"200\"\n       alt=\"mairie bagnolet france \"\n       class=\"\"\n  >\n    <\/div>\n    <div class=\"client__content\">\n      <span class=\"client__name\">Mairie de Bagnolet<\/span>\n      <span class=\"client__country\">France<\/span>\n    <\/div>\n  <\/div>\n                  <div class=\"ps-block__quote\">\n                    \u00ab&nbsp;Les citoyens sont tr\u00e8s satisfaits de la solution mise en place pour la distribution des masques. Le technicien qui a&hellip;&nbsp;\u00bb\n                  <\/div>\n                  <button data-open=\"quote_2\" class=\"link\">\n                    <span class=\"link__txt\">Read more<\/span>\n                    <span class=\"link__icon\">\n                      <svg class=\"icon icon-chevron-right\">\n                        <use xlink:href=\"https:\/\/www.esii.com\/app\/themes\/choosit\/dist\/img\/spritemap.svg#sprite-chevron-right\"><\/use>\n                      <\/svg>\n                    <\/span>\n                  <\/button>\n                <\/li>\n                          <\/ul>\n            <div class=\"swiper-navigation\">\n              <div class=\"swiper-pagination\"><\/div>\n              <div class=\"swiper-button-prev swiper-button-disabled\"><\/div>\n              <div class=\"swiper-button-next swiper-button-disabled\"><\/div>\n            <\/div>\n          <\/div>\n        <\/div>\n      <\/div>\n    <\/div>\n  <\/section>\n\n      <div class=\"reveal\" id=\"quote_0\" data-reveal data-animation-in=\"reveal-in\" data-animation-out=\"reveal-out\">\n      <div class=\"reveal__inner\">\n        <div class=\"reveal__content\">\n          <p>Nous avions besoin de g\u00e9rer un afflux soudain de nouveaux patients. Le contexte infectieux du Covid-19 nous a orient\u00e9 vers la recherche d&#8217;une solution la plus d\u00e9mat\u00e9rialis\u00e9e possible afin de prot\u00e9ger notre personnel et nos autres patients fragiles. La totalit\u00e9 du parcours patient (gestion du rendez-vous, t\u00e2ches administratives et pr\u00e9l\u00e8vement) devait se d\u00e9rouler \u00e0 l&#8217;ext\u00e9rieur du laboratoire. Nous avions d\u00e9j\u00e0 un Drive, il nous manquait la solution de gestion des rendez-vous.<\/p>\n<p>Nous avions donc besoin de g\u00e9rer des rendez-vous en ligne. ESII nous a propos\u00e9 gratuitement sa solution Orion.<\/p>\n<p>La mise \u00e0 disposition ainsi que la formation ont \u00e9t\u00e9 tr\u00e8s rapides, nous \u00e9tions op\u00e9rationnels en moins de 48h avec une solution personnalis\u00e9e, adapt\u00e9e \u00e0 notre besoin.<\/p>\n<p>La gestion administrative des rendez-vous et du flux de patients ont \u00e9t\u00e9 largement facilit\u00e9es. Orion a permis une meilleure organisation du travail qui apporte s\u00e9r\u00e9nit\u00e9 \u00e0 nos collaborateurs.<\/p>\n<p>Les patients re\u00e7oivent un SMS de rappel avec la localisation pr\u00e9cise du lieu du Drive, ils se pr\u00e9sentent \u00e0 l&#8217;heure pr\u00e9cise du rendez-vous ce qui limite autant que possible la file d&#8217;attente.<\/p>\n<p>Cette solution donne une image encore plus professionnelle \u00e0 notre laboratoire.<\/p>\n<p>Ayant test\u00e9 l&#8217;efficacit\u00e9 de cette solution, nous en avons \u00e9quip\u00e9 notre second Drive avec la m\u00eame satisfaction.<\/p>\n\n        <\/div>\n        <footer class=\"reveal__footer\">\n                    <div class=\"author\">\n            <span class=\"author__name\">Mireille Billion-Rey<\/span>\n            <span class=\"author__title\">Biologiste co-responsable &#8211; Le Labo Parc Monceau<\/span>\n          <\/div>\n        <\/footer>\n        <button class=\"close-button\" data-close aria-label=\"Close modal\" type=\"button\">\n          <span aria-hidden=\"true\"><\/span>\n        <\/button>\n      <\/div>\n    <\/div>\n      <div class=\"reveal\" id=\"quote_1\" data-reveal data-animation-in=\"reveal-in\" data-animation-out=\"reveal-out\">\n      <div class=\"reveal__inner\">\n        <div class=\"reveal__content\">\n          <p>La crise sanitaire du Covid a chamboul\u00e9 l\u2019organisation des services. Il fallait, sans perdre trop de temps dans la red\u00e9finition du fonctionnement, permettre aux coll\u00e8gues de prendre directement rendez-vous en lieu et place des usagers. C\u2019est une solution extr\u00eamement simple ! La m\u00e9thodologie m\u2019a \u00e9t\u00e9 expliqu\u00e9e : cr\u00e9er les structures, d\u00e9finir les plannings, les utilisateurs, donner des droits. C\u2019\u00e9tait relativement simple. En une journ\u00e9e, il est difficile de tout voir, mais en deux jours c\u2019est possible.<br \/>\nC\u00f4t\u00e9 utilisateur j\u2019ai fait une formation pour les coll\u00e8gues. Ils ont vite compris. Il y a eu quelque t\u00e2tonnement au d\u00e9but mais ils ont dit eux-m\u00eames que c\u2019est simple d\u2019utilisation.<\/p>\n\n        <\/div>\n        <footer class=\"reveal__footer\">\n                    <div class=\"author\">\n            <span class=\"author__name\">M. Mody TRAORE<\/span>\n            <span class=\"author__title\">Administrateur fonctionnel, Mairie de Saint Denis<\/span>\n          <\/div>\n        <\/footer>\n        <button class=\"close-button\" data-close aria-label=\"Close modal\" type=\"button\">\n          <span aria-hidden=\"true\"><\/span>\n        <\/button>\n      <\/div>\n    <\/div>\n      <div class=\"reveal\" id=\"quote_2\" data-reveal data-animation-in=\"reveal-in\" data-animation-out=\"reveal-out\">\n      <div class=\"reveal__inner\">\n        <div class=\"reveal__content\">\n          <p>Les citoyens sont tr\u00e8s satisfaits de la solution mise en place pour la distribution des masques. Le technicien qui a r\u00e9alis\u00e9 l\u2019installation a \u00e9t\u00e9 tr\u00e8s accessible et tr\u00e8s professionnel.<br \/>\nNous sommes \u00e9galement satisfaits et nous avons comme projet d\u2019utiliser les solutions ESII pour les services logement et prestation dans le cadre d\u2019un projet plus complet avec bornes.<\/p>\n\n        <\/div>\n        <footer class=\"reveal__footer\">\n            <div class=\"client \">\n    <div class=\"client__logo\">\n        <img loading=\"lazy\" decoding=\"async\" src=\"https:\/\/www.esii.com\/app\/uploads\/2021\/12\/mairie-bagnolet-france-1.png\"\n       srcset=\"https:\/\/www.esii.com\/app\/uploads\/2021\/12\/mairie-bagnolet-france-1.png 200w\"\n       sizes=\"auto, 200px\"\n       width=\"200\"\n       height=\"200\"\n       alt=\"mairie bagnolet france \"\n       class=\"\"\n  >\n    <\/div>\n    <div class=\"client__content\">\n      <span class=\"client__name\">Mairie de Bagnolet<\/span>\n      <span class=\"client__country\">France<\/span>\n    <\/div>\n  <\/div>\n          <div class=\"author\">\n            <span class=\"author__name\">Mme Tooran DANA<\/span>\n            <span class=\"author__title\">Directrice des syst\u00e8mes d&#8217;information, Marie de Bagnolet<\/span>\n          <\/div>\n        <\/footer>\n        <button class=\"close-button\" data-close aria-label=\"Close modal\" type=\"button\">\n          <span aria-hidden=\"true\"><\/span>\n        <\/button>\n      <\/div>\n    <\/div>\n  \n\n","protected":false},"excerpt":{"rendered":"<p>To preserve the health and safety of your customers and employees, ESII supports you in finding solutions adapted to your sector and your configuration. Our solutions make it possible to welcome and manage wait while respecting the health instructions.<\/p>\n","protected":false},"author":1,"featured_media":10554,"parent":4736,"menu_order":0,"comment_status":"closed","ping_status":"closed","template":"template-besoin.php","meta":{"inline_featured_image":false,"footnotes":""},"activity":[],"class_list":["post-590","page","type-page","status-publish","has-post-thumbnail","hentry"],"acf":[],"_links":{"self":[{"href":"https:\/\/www.esii.com\/en\/wp-json\/wp\/v2\/pages\/590","targetHints":{"allow":["GET"]}}],"collection":[{"href":"https:\/\/www.esii.com\/en\/wp-json\/wp\/v2\/pages"}],"about":[{"href":"https:\/\/www.esii.com\/en\/wp-json\/wp\/v2\/types\/page"}],"author":[{"embeddable":true,"href":"https:\/\/www.esii.com\/en\/wp-json\/wp\/v2\/users\/1"}],"replies":[{"embeddable":true,"href":"https:\/\/www.esii.com\/en\/wp-json\/wp\/v2\/comments?post=590"}],"version-history":[{"count":0,"href":"https:\/\/www.esii.com\/en\/wp-json\/wp\/v2\/pages\/590\/revisions"}],"up":[{"embeddable":true,"href":"https:\/\/www.esii.com\/en\/wp-json\/wp\/v2\/pages\/4736"}],"wp:featuredmedia":[{"embeddable":true,"href":"https:\/\/www.esii.com\/en\/wp-json\/wp\/v2\/media\/10554"}],"wp:attachment":[{"href":"https:\/\/www.esii.com\/en\/wp-json\/wp\/v2\/media?parent=590"}],"wp:term":[{"taxonomy":"activity","embeddable":true,"href":"https:\/\/www.esii.com\/en\/wp-json\/wp\/v2\/activity?post=590"}],"curies":[{"name":"wp","href":"https:\/\/api.w.org\/{rel}","templated":true}]}}