{"id":16293,"date":"2022-11-24T12:03:46","date_gmt":"2022-11-24T11:03:46","guid":{"rendered":"https:\/\/www.esii.com\/?page_id=16293"},"modified":"2022-11-24T14:14:25","modified_gmt":"2022-11-24T13:14:25","slug":"lernen-sie-uns-besser-kennen","status":"publish","type":"page","link":"https:\/\/www.esii.com\/de\/lernen-sie-uns-besser-kennen\/","title":{"rendered":"Lernen Sie uns besser kennen"},"content":{"rendered":"<section class=\"ps-block ps-block--paragraph\">\n  <div class=\"ps-block__container\">\n    <div class=\"ps-block__grid\">\n      <div class=\"ps-block__content\">\n        <div class=\"ps-block__body\">\n          <div class=\"ps-block__item\">\n            \n<p>In den 40 Jahren unseres Bestehens und unserer Erfahrung konnten wir uns in vielen Bereichen weiterentwickeln und Fortschritte machen. Neben der Organisation, der Innovation und dem externen Wachstum ist ESII heute stolz darauf, immer wieder neue Herausforderungen annehmen zu k\u00f6nnen. Zahlreiche Arbeitsgruppen, die sich aus Mitarbeitern\/Mitarbeiterinnen verschiedener Abteilungen zusammensetzen, erm\u00f6glichen es, Praktiken und Tools, die f\u00fcr alle n\u00fctzlich sind, zu verstehen und einzuf\u00fchren, z. B. &#8220;interner Komfort&#8221;, &#8220;Telearbeit&#8221;, &#8220;CSR&#8221;, &#8220;zugelassene Installateure&#8221;.<\/p>\n\n          <\/div>\n        <\/div>\n      <\/div>\n    <\/div>\n  <\/div>\n<\/section>\n\n\n<section class=\"ps-block ps-block--masonry js-photoswipe\">\n  <div class=\"ps-block__container\">\n    <div class=\"ps-block__grid\">\n      <div class=\"ps-block__content\">\n        <div class=\"masonry js-masonry\">\n          <div class=\"js-grid-sizer\"><\/div>\n          <div class=\"js-gutter-sizer\"><\/div>\n\n                      <div class=\"masonry-item js-grid-item\">\n                          <div class=\"masonry-item__thumb\">\n                <figure itemprop=\"associatedMedia\" itemscope itemtype=\"http:\/\/schema.org\/ImageObject\">\n                  <a href=\"https:\/\/www.esii.com\/app\/uploads\/2022\/10\/tableau-art.webp\" itemprop=\"contentUrl\" data-size=\"1100x729\" class=\"lazy-image\">\n                    <img loading=\"lazy\" decoding=\"async\"\n                      src=\"data:image\/svg+xml,%3Csvg xmlns='http:\/\/www.w3.org\/2000\/svg' viewBox='0 0 568 376'%3E%3C\/svg%3E\"\n                      data-src=\"https:\/\/www.esii.com\/app\/uploads\/2022\/10\/tableau-art-568x376.webp\"\n                      data-srcset=\"https:\/\/www.esii.com\/app\/uploads\/2022\/10\/tableau-art-568x376.webp 568w\"\n                      sizes=\"auto, 568px\"\n                      width=\"568\"\n                      height=\"376\"\n                      alt=\"\"\n                      itemprop=\"thumbnail\"\n                    >\n                                      <\/a>\n                <\/figure>\n              <\/div>\n                        <\/div>\n                      <div class=\"masonry-item js-grid-item\">\n                          <div class=\"masonry-item__thumb\">\n                <figure itemprop=\"associatedMedia\" itemscope itemtype=\"http:\/\/schema.org\/ImageObject\">\n                  <a href=\"https:\/\/www.esii.com\/app\/uploads\/2022\/11\/salle-bien-etre-zen.webp\" itemprop=\"contentUrl\" data-size=\"520x780\" class=\"lazy-image\">\n                    <img loading=\"lazy\" decoding=\"async\"\n                      src=\"data:image\/svg+xml,%3Csvg xmlns='http:\/\/www.w3.org\/2000\/svg' viewBox='0 0 520 780'%3E%3C\/svg%3E\"\n                      data-src=\"https:\/\/www.esii.com\/app\/uploads\/2022\/11\/salle-bien-etre-zen.webp\"\n                      data-srcset=\"https:\/\/www.esii.com\/app\/uploads\/2022\/11\/salle-bien-etre-zen.webp 568w\"\n                      sizes=\"auto, 568px\"\n                      width=\"520\"\n                      height=\"780\"\n                      alt=\"\"\n                      itemprop=\"thumbnail\"\n                    >\n                                      <\/a>\n                <\/figure>\n              <\/div>\n                        <\/div>\n                      <div class=\"masonry-item js-grid-item\">\n                          <div class=\"masonry-item__thumb\">\n                <figure itemprop=\"associatedMedia\" itemscope itemtype=\"http:\/\/schema.org\/ImageObject\">\n                  <a href=\"https:\/\/www.esii.com\/app\/uploads\/2022\/07\/esii-corporate.webp\" itemprop=\"contentUrl\" data-size=\"780x544\" class=\"lazy-image\">\n                    <img loading=\"lazy\" decoding=\"async\"\n                      src=\"data:image\/svg+xml,%3Csvg xmlns='http:\/\/www.w3.org\/2000\/svg' viewBox='0 0 568 396'%3E%3C\/svg%3E\"\n                      data-src=\"https:\/\/www.esii.com\/app\/uploads\/2022\/07\/esii-corporate-568x396.webp\"\n                      data-srcset=\"https:\/\/www.esii.com\/app\/uploads\/2022\/07\/esii-corporate-568x396.webp 568w\"\n                      sizes=\"auto, 568px\"\n                      width=\"568\"\n                      height=\"396\"\n                      alt=\"esii solution\"\n                      itemprop=\"thumbnail\"\n                    >\n                                      <\/a>\n                <\/figure>\n              <\/div>\n                        <\/div>\n                      <div class=\"masonry-item js-grid-item\">\n                          <div class=\"masonry-item__thumb\">\n                <figure itemprop=\"associatedMedia\" itemscope itemtype=\"http:\/\/schema.org\/ImageObject\">\n                  <a href=\"https:\/\/www.esii.com\/app\/uploads\/2022\/04\/Maintenance-sur-site.webp\" itemprop=\"contentUrl\" data-size=\"388x388\" class=\"lazy-image\">\n                    <img loading=\"lazy\" decoding=\"async\"\n                      src=\"data:image\/svg+xml,%3Csvg xmlns='http:\/\/www.w3.org\/2000\/svg' viewBox='0 0 388 388'%3E%3C\/svg%3E\"\n                      data-src=\"https:\/\/www.esii.com\/app\/uploads\/2022\/04\/Maintenance-sur-site.webp\"\n                      data-srcset=\"https:\/\/www.esii.com\/app\/uploads\/2022\/04\/Maintenance-sur-site.webp 568w\"\n                      sizes=\"auto, 568px\"\n                      width=\"388\"\n                      height=\"388\"\n                      alt=\"\"\n                      itemprop=\"thumbnail\"\n                    >\n                                      <\/a>\n                <\/figure>\n              <\/div>\n                        <\/div>\n                      <div class=\"masonry-item js-grid-item\">\n                          <div class=\"masonry-item__thumb\">\n                <figure itemprop=\"associatedMedia\" itemscope itemtype=\"http:\/\/schema.org\/ImageObject\">\n                  <a href=\"https:\/\/www.esii.com\/app\/uploads\/2022\/04\/Here34.webp\" itemprop=\"contentUrl\" data-size=\"388x388\" class=\"lazy-image\">\n                    <img loading=\"lazy\" decoding=\"async\"\n                      src=\"data:image\/svg+xml,%3Csvg xmlns='http:\/\/www.w3.org\/2000\/svg' viewBox='0 0 388 388'%3E%3C\/svg%3E\"\n                      data-src=\"https:\/\/www.esii.com\/app\/uploads\/2022\/04\/Here34.webp\"\n                      data-srcset=\"https:\/\/www.esii.com\/app\/uploads\/2022\/04\/Here34.webp 568w\"\n                      sizes=\"auto, 568px\"\n                      width=\"388\"\n                      height=\"388\"\n                      alt=\"\"\n                      itemprop=\"thumbnail\"\n                    >\n                                      <\/a>\n                <\/figure>\n              <\/div>\n                        <\/div>\n                      <div class=\"masonry-item js-grid-item\">\n                          <div class=\"masonry-item__thumb\">\n                <figure itemprop=\"associatedMedia\" itemscope itemtype=\"http:\/\/schema.org\/ImageObject\">\n                  <a href=\"https:\/\/www.esii.com\/app\/uploads\/2022\/04\/Support-Technique-esii.webp\" itemprop=\"contentUrl\" data-size=\"388x388\" class=\"lazy-image\">\n                    <img loading=\"lazy\" decoding=\"async\"\n                      src=\"data:image\/svg+xml,%3Csvg xmlns='http:\/\/www.w3.org\/2000\/svg' viewBox='0 0 388 388'%3E%3C\/svg%3E\"\n                      data-src=\"https:\/\/www.esii.com\/app\/uploads\/2022\/04\/Support-Technique-esii.webp\"\n                      data-srcset=\"https:\/\/www.esii.com\/app\/uploads\/2022\/04\/Support-Technique-esii.webp 568w\"\n                      sizes=\"auto, 568px\"\n                      width=\"388\"\n                      height=\"388\"\n                      alt=\"\"\n                      itemprop=\"thumbnail\"\n                    >\n                                      <\/a>\n                <\/figure>\n              <\/div>\n                        <\/div>\n                  <\/div>\n      <\/div>\n    <\/div>\n  <\/div>\n<\/section>\n\n\n\n<section class=\"ps-block ps-block--paragraph\">\n  <div class=\"ps-block__container\">\n    <div class=\"ps-block__grid\">\n      <div class=\"ps-block__content\">\n        <div class=\"ps-block__body\">\n          <div class=\"ps-block__item\">\n            \n<p>Wenn Sie sich f\u00fcr ESII entscheiden, entscheiden Sie sich f\u00fcr ein umweltbewusstes Unternehmen, das bei seinen Aktivit\u00e4ten und in den Beziehungen zu seinen Partnern (Mitarbeiter, Kunden, Lieferanten und Subunternehmer usw.) die soziale und \u00f6kologische Dimension ber\u00fccksichtigt. Unsere konsequente Innovationspolitik veranlasst uns, st\u00e4ndig immer leistungsf\u00e4higere L\u00f6sungen im Dienste unserer Kunden zu schaffen und zu entwickeln.<\/p>\n\n          <\/div>\n        <\/div>\n      <\/div>\n    <\/div>\n  <\/div>\n<\/section>\n\n\n<section class=\"ps-block ps-block--heading\">\n  <div class=\"ps-block__container\">\n    <div class=\"ps-block__grid\">\n      <div class=\"ps-block__content\">\n        <div class=\"ps-block__body\">\n          <div class=\"ps-block__item\">\n            \n<h2>Schl\u00fcsselzahlen<\/h2>\n\n          <\/div>\n        <\/div>\n      <\/div>\n    <\/div>\n  <\/div>\n<\/section>\n\n\n<section class=\"ps-block ps-block--digits\">\n  <div class=\"ps-block__container\">\n    <div class=\"ps-block__grid\">\n      <div class=\"ps-block__content\">\n                <div class=\"ps-block__body\">\n                  <div class=\"ps-block__item digit\">\n            <div class=\"digit-value js-animate-digit\">\u00dcber 40<\/div>\n            <div class=\"digit-label\">Jahre Erfahrung. Marktf\u00fchrer in Frankreich und wichtiger internationaler Akteur.<\/div>\n          <\/div>\n                  <div class=\"ps-block__item digit\">\n            <div class=\"digit-value js-animate-digit\">20.000<\/div>\n            <div class=\"digit-label\">Standorte installiert<\/div>\n          <\/div>\n                  <div class=\"ps-block__item digit\">\n            <div class=\"digit-value js-animate-digit\">500 Millionen<\/div>\n            <div class=\"digit-label\">Benutzer j\u00e4hrlich<\/div>\n          <\/div>\n                  <div class=\"ps-block__item digit\">\n            <div class=\"digit-value js-animate-digit\">Vertreten in <\/div>\n            <div class=\"digit-label\">50 L\u00e4ndern<\/div>\n          <\/div>\n                  <div class=\"ps-block__item digit\">\n            <div class=\"digit-value js-animate-digit\">527.000\u20ac<\/div>\n            <div class=\"digit-label\">Kapital der SAS<\/div>\n          <\/div>\n                  <div class=\"ps-block__item digit\">\n            <div class=\"digit-value js-animate-digit\">13 Millionen<\/div>\n            <div class=\"digit-label\">Umsatz<\/div>\n          <\/div>\n                  <div class=\"ps-block__item digit\">\n            <div class=\"digit-value js-animate-digit\">130<\/div>\n            <div class=\"digit-label\">Besch\u00e4ftigte<\/div>\n          <\/div>\n                  <div class=\"ps-block__item digit\">\n            <div class=\"digit-value js-animate-digit\">20%<\/div>\n            <div class=\"digit-label\">der Besch\u00e4ftigten in F&#038;E<\/div>\n          <\/div>\n                <\/div>\n      <\/div>\n    <\/div>\n  <\/div>\n<\/section>\n","protected":false},"excerpt":{"rendered":"<p>ESII ist ein Unternehmen mit 130 Mitarbeitern\/Mitarbeiterinnen an 3 Standorten in Frankreich (34- Lav\u00e9rune, Hauptsitz, 94- Cr\u00e9teil, Niederlassung, 35- Vitr\u00e9, Niederlassung) und 3 im Ausland (belgische, kanadische und spanische Filialen).<\/p>\n","protected":false},"author":3,"featured_media":16048,"parent":0,"menu_order":39,"comment_status":"closed","ping_status":"closed","template":"","meta":{"inline_featured_image":false,"footnotes":""},"activity":[],"class_list":["post-16293","page","type-page","status-publish","has-post-thumbnail","hentry"],"acf":[],"_links":{"self":[{"href":"https:\/\/www.esii.com\/de\/wp-json\/wp\/v2\/pages\/16293","targetHints":{"allow":["GET"]}}],"collection":[{"href":"https:\/\/www.esii.com\/de\/wp-json\/wp\/v2\/pages"}],"about":[{"href":"https:\/\/www.esii.com\/de\/wp-json\/wp\/v2\/types\/page"}],"author":[{"embeddable":true,"href":"https:\/\/www.esii.com\/de\/wp-json\/wp\/v2\/users\/3"}],"replies":[{"embeddable":true,"href":"https:\/\/www.esii.com\/de\/wp-json\/wp\/v2\/comments?post=16293"}],"version-history":[{"count":0,"href":"https:\/\/www.esii.com\/de\/wp-json\/wp\/v2\/pages\/16293\/revisions"}],"wp:featuredmedia":[{"embeddable":true,"href":"https:\/\/www.esii.com\/de\/wp-json\/wp\/v2\/media\/16048"}],"wp:attachment":[{"href":"https:\/\/www.esii.com\/de\/wp-json\/wp\/v2\/media?parent=16293"}],"wp:term":[{"taxonomy":"activity","embeddable":true,"href":"https:\/\/www.esii.com\/de\/wp-json\/wp\/v2\/activity?post=16293"}],"curies":[{"name":"wp","href":"https:\/\/api.w.org\/{rel}","templated":true}]}}