{"id":16230,"date":"2021-11-20T15:27:53","date_gmt":"2021-11-20T14:27:53","guid":{"rendered":"https:\/\/www.esii.com\/bornes-interactives\/"},"modified":"2023-11-07T14:29:32","modified_gmt":"2023-11-07T13:29:32","slug":"interaktive-kioske","status":"publish","type":"page","link":"https:\/\/www.esii.com\/de\/interaktive-kioske\/","title":{"rendered":"Interaktive Kioske"},"content":{"rendered":"<section class=\"ps-block ps-block--paragraph\">\n  <div class=\"ps-block__container\">\n    <div class=\"ps-block__grid\">\n      <div class=\"ps-block__content\">\n        <div class=\"ps-block__body\">\n          <div class=\"ps-block__item\">\n            \n<p>F\u00fcr den Empfang von Besuchern bietet ESII eine breite Palette an interaktiven Kiosken, die die Qualit\u00e4t Ihres Kundenservice erheblich steigern und Ihre Besucher effizient leiten.<\/p>\n\n          <\/div>\n        <\/div>\n      <\/div>\n    <\/div>\n  <\/div>\n<\/section>\n\n\n<section class=\"ps-block ps-block--info\">\n  <div class=\"ps-block__container\">\n    <div class=\"ps-block__grid\">\n      <div class=\"ps-block__content\">\n        <p>\n          Unsere Kioske k\u00f6nnen zusammen mit unserer Software f\u00fcr das Warteschlangenmanagement verkauft werden, oder sie k\u00f6nnen einzeln verkauft werden.\n        <\/p>\n      <\/div>\n    <\/div>\n  <\/div>\n<\/section>\n\n\n<section class=\"ps-block ps-block--heading\">\n  <div class=\"ps-block__container\">\n    <div class=\"ps-block__grid\">\n      <div class=\"ps-block__content\">\n        <div class=\"ps-block__body\">\n          <div class=\"ps-block__item\">\n            \n<h3 class=\"wp-block-heading\" id=\"gamme-keo\">Keo\u2122-Reihe<\/h3>\n\n          <\/div>\n        <\/div>\n      <\/div>\n    <\/div>\n  <\/div>\n<\/section>\n\n\n<section class=\"ps-block ps-block--paragraph\">\n  <div class=\"ps-block__container\">\n    <div class=\"ps-block__grid\">\n      <div class=\"ps-block__content\">\n        <div class=\"ps-block__body\">\n          <div class=\"ps-block__item\">\n            \n<p>Die Keo\u2122-Reihe bietet sich an, Ihren unterschiedlichen Empfangsbed\u00fcrfnissen gerecht zu werden und dabei eine einfache Installation und Konfiguration beizubehalten.<\/p>\n\n          <\/div>\n        <\/div>\n      <\/div>\n    <\/div>\n  <\/div>\n<\/section>\n\n\n<section class=\"ps-block ps-block--textimage image-left\">\n  <div class=\"ps-block__container\">\n    <div class=\"ps-block__grid\">\n\n      <div class=\"ps-block__img\">\n        <figure class=\"lazy-image\">\n          <img loading=\"lazy\" decoding=\"async\" src=\"data:image\/svg+xml,%3Csvg xmlns='http:\/\/www.w3.org\/2000\/svg' viewBox='0 0 600 600'%3E%3C\/svg%3E\"\n               data-src=\"https:\/\/www.esii.com\/app\/uploads\/2022\/05\/keo-ticket-ecarn-video-EN.webp\"\n               data-srcset=\"https:\/\/www.esii.com\/app\/uploads\/2022\/05\/keo-ticket-ecarn-video-EN.webp 600w\"\n               sizes=\"auto, 600px\"\n               alt=\"\"\n               width=\"600\"\n               height=\"600\"\n          >\n        <\/figure>\n      <\/div>\n\n      <div class=\"ps-block__body\">\n                  <h3 class=\"ps-block__suptitle suptitle\">Ein eleganter Kiosk, der einfach zu installieren und einzurichten ist.<\/h3>\n                          <h4 class=\"ps-block__title\">Keo\u2122<\/h4>\n                          <div class=\"ps-block__text\">\n            <p>Keo\u2122 behauptet sich mit einem kurvenreichen und entschieden modernen Design, um den Empfang von Besuchern in eine innovative \u00c4ra zu f\u00fchren, in der die Benutzererfahrung im Mittelpunkt steht. Es vereinfacht die Identifizierung, Orientierung und Ticketvergabe durch ein Plug-&amp;-Play-System.<\/p>\n<p><strong>Vorteile:<\/strong><\/p>\n<ul>\n<li>M\u00f6glichkeit der Ausgabe von Papiertickets, SMS oder direkt auf dem Smartphone.<\/li>\n<li>M\u00f6glichkeit, multimediale Inhalte (Foto, Video&#8230;) hinzuzuf\u00fcgen.<\/li>\n<li>Der Kiosk wird im SaaS-Modus angetrieben, wodurch er \u00fcberall auf der Welt konfiguriert werden kann.<\/li>\n<\/ul>\n\n          <\/div>\n                      <\/div>\n    <\/div>\n  <\/div>\n<\/section>\n\n\n\n<section class=\"ps-block ps-block--textimage image-right\">\n  <div class=\"ps-block__container\">\n    <div class=\"ps-block__grid\">\n\n      <div class=\"ps-block__img\">\n        <figure class=\"lazy-image\">\n          <img loading=\"lazy\" decoding=\"async\" src=\"data:image\/svg+xml,%3Csvg xmlns='http:\/\/www.w3.org\/2000\/svg' viewBox='0 0 600 600'%3E%3C\/svg%3E\"\n               data-src=\"https:\/\/www.esii.com\/app\/uploads\/2022\/02\/ESII-KEO-rayon-a-la-coupe-EN-600x600.png\"\n               data-srcset=\"https:\/\/www.esii.com\/app\/uploads\/2022\/02\/ESII-KEO-rayon-a-la-coupe-EN-600x600.png 600w\"\n               sizes=\"auto, 600px\"\n               alt=\"\"\n               width=\"600\"\n               height=\"600\"\n          >\n        <\/figure>\n      <\/div>\n\n      <div class=\"ps-block__body\">\n                  <h3 class=\"ps-block__suptitle suptitle\">Keo-e ist ein praktischer, zug\u00e4nglicher und sparsamer Ticketautomat<\/h3>\n                          <h4 class=\"ps-block__title\">Keo-e<\/h4>\n                          <div class=\"ps-block__text\">\n            <p>Die taktile Retro-Beleuchtung erm\u00f6glicht es, ein einfaches Empfangsszenario mit bis zu 12 Besuchsmotiven anzubieten. Durch einfaches Auswechseln des Hintergrundpapiers, auf dem die verschiedenen Besuchsmotive aufgedruckt sind, l\u00e4sst sich der Keo-e je nach den Bed\u00fcrfnissen des Besuchers anpassen.<\/p>\n<p><strong>Vorteile:<\/strong><\/p>\n<ul>\n<li>POE-Stromversorgung<\/li>\n<li>Geringer Stromverbrauch<\/li>\n<li>Anpassbares Backlight-Hintergrundbild<\/li>\n<li>Einfacher Rollenwechsel<\/li>\n<li>Plug &amp; Play<\/li>\n<li>Verwaltung der Sprache des Besuchers<\/li>\n<\/ul>\n\n          <\/div>\n                      <\/div>\n    <\/div>\n  <\/div>\n<\/section>\n\n\n\n<section class=\"ps-block ps-block--heading\">\n  <div class=\"ps-block__container\">\n    <div class=\"ps-block__grid\">\n      <div class=\"ps-block__content\">\n        <div class=\"ps-block__body\">\n          <div class=\"ps-block__item\">\n            \n<h3 class=\"wp-block-heading\" id=\"gamme-twana-borne-interactive\">Twana\u2122-Reihe &#8211; Interaktiver Kiosk<\/h3>\n\n          <\/div>\n        <\/div>\n      <\/div>\n    <\/div>\n  <\/div>\n<\/section>\n\n\n<section class=\"ps-block ps-block--paragraph\">\n  <div class=\"ps-block__container\">\n    <div class=\"ps-block__grid\">\n      <div class=\"ps-block__content\">\n        <div class=\"ps-block__body\">\n          <div class=\"ps-block__item\">\n            \n<p>Die Twana\u2122-Kioskreihe bietet mehrere Modelle f\u00fcr einen multifunktionalen und skalierbaren Empfang.<\/p>\n\n          <\/div>\n        <\/div>\n      <\/div>\n    <\/div>\n  <\/div>\n<\/section>\n\n\n<section class=\"ps-block ps-block--paragraph\">\n  <div class=\"ps-block__container\">\n    <div class=\"ps-block__grid\">\n      <div class=\"ps-block__content\">\n        <div class=\"ps-block__body\">\n          <div class=\"ps-block__item\">\n            \n<p>Unsere Kioske lassen sich in unsere L\u00f6sungen f\u00fcr das Empfangsmanagement integrieren und an Ihre Branche anpassen, um Ihren Kunden ein optimiertes Empfangserlebnis zu bieten. Unsere Kioske sind auch so konzipiert, dass sie allein, ohne die Softwarel\u00f6sungen, verkauft werden k\u00f6nnen.<\/p>\n\n          <\/div>\n        <\/div>\n      <\/div>\n    <\/div>\n  <\/div>\n<\/section>\n\n\n<section class=\"ps-block ps-block--textimage image-left\">\n  <div class=\"ps-block__container\">\n    <div class=\"ps-block__grid\">\n\n      <div class=\"ps-block__img\">\n        <figure class=\"lazy-image\">\n          <img loading=\"lazy\" decoding=\"async\" src=\"data:image\/svg+xml,%3Csvg xmlns='http:\/\/www.w3.org\/2000\/svg' viewBox='0 0 600 600'%3E%3C\/svg%3E\"\n               data-src=\"https:\/\/www.esii.com\/app\/uploads\/2022\/05\/twana-desk-esii-kiosk-600x600.webp\"\n               data-srcset=\"https:\/\/www.esii.com\/app\/uploads\/2022\/05\/twana-desk-esii-kiosk-600x600.webp 600w\"\n               sizes=\"auto, 600px\"\n               alt=\"\"\n               width=\"600\"\n               height=\"600\"\n          >\n        <\/figure>\n      <\/div>\n\n      <div class=\"ps-block__body\">\n                          <h4 class=\"ps-block__title\">Twana\u2122 Touch und Desk<\/h4>\n                          <div class=\"ps-block__text\">\n            <p>Mit den Modellen Touch und Desk k\u00f6nnen Sie Besucher und Kunden einfach begr\u00fc\u00dfen, indem Sie Informationen auf den Bildschirm streamen (z. B. eine Website) oder sie um zus\u00e4tzliche Informationen bitten (ein Formular, das \u00fcber den Touchscreen des Kiosks ausgef\u00fcllt werden kann).<\/p>\n\n          <\/div>\n                      <\/div>\n    <\/div>\n  <\/div>\n<\/section>\n\n\n\n<section class=\"ps-block ps-block--textimage image-right\">\n  <div class=\"ps-block__container\">\n    <div class=\"ps-block__grid\">\n\n      <div class=\"ps-block__img\">\n        <figure class=\"lazy-image\">\n          <img loading=\"lazy\" decoding=\"async\" src=\"data:image\/svg+xml,%3Csvg xmlns='http:\/\/www.w3.org\/2000\/svg' viewBox='0 0 600 600'%3E%3C\/svg%3E\"\n               data-src=\"https:\/\/www.esii.com\/app\/uploads\/2022\/05\/ESII-Twana-EN-600x600.webp\"\n               data-srcset=\"https:\/\/www.esii.com\/app\/uploads\/2022\/05\/ESII-Twana-EN-600x600.webp 600w\"\n               sizes=\"auto, 600px\"\n               alt=\"kiosk twana esii queue ticket\"\n               width=\"600\"\n               height=\"600\"\n          >\n        <\/figure>\n      <\/div>\n\n      <div class=\"ps-block__body\">\n                          <h4 class=\"ps-block__title\">Twana\u2122 Ultimate<\/h4>\n                          <div class=\"ps-block__text\">\n            <p>Der Twana\u2122 Ultimate erweitert die Empfangsm\u00f6glichkeiten, indem er die Anzeige einer Website, das Ausf\u00fcllen von Formularen und die Ausgabe personalisierter Tickets erm\u00f6glicht. Der Touchscreen des interaktiven Kiosks erm\u00f6glicht die Anzeige eines vollst\u00e4ndig parametrisierbaren und anpassbaren Szenarios, um Kundenanfragen fein zu pr\u00e4zisieren.<\/p>\n\n          <\/div>\n                      <\/div>\n    <\/div>\n  <\/div>\n<\/section>\n\n\n\n<section class=\"ps-block ps-block--textimage image-left\">\n  <div class=\"ps-block__container\">\n    <div class=\"ps-block__grid\">\n\n      <div class=\"ps-block__img\">\n        <figure class=\"lazy-image\">\n          <img loading=\"lazy\" decoding=\"async\" src=\"data:image\/svg+xml,%3Csvg xmlns='http:\/\/www.w3.org\/2000\/svg' viewBox='0 0 600 600'%3E%3C\/svg%3E\"\n               data-src=\"https:\/\/www.esii.com\/app\/uploads\/2022\/05\/ESII-twana-XL-EN-600x600.webp\"\n               data-srcset=\"https:\/\/www.esii.com\/app\/uploads\/2022\/05\/ESII-twana-XL-EN-600x600.webp 600w\"\n               sizes=\"auto, 600px\"\n               alt=\"\"\n               width=\"600\"\n               height=\"600\"\n          >\n        <\/figure>\n      <\/div>\n\n      <div class=\"ps-block__body\">\n                          <h4 class=\"ps-block__title\">Twana\u2122 XL<\/h4>\n                          <div class=\"ps-block__text\">\n            <p>Der Twana\u2122 XL verf\u00fcgt \u00fcber eine gro\u00dfe Auswahl an Ausstattungsmerkmalen, die ihn zu einem multifunktionalen Kiosk machen. Zus\u00e4tzlich zu seinem gro\u00dfen Touchscreen kann er mit einer Videoerweiterung ausgestattet werden, um die Wirkung Ihrer Kommunikation zu erh\u00f6hen. Zu den fortschrittlichsten Ausstattungsmerkmalen des interaktiven Kiosks Twana\u2122 XL geh\u00f6ren eine gro\u00dfe Druckkapazit\u00e4t und ein Scanner.<\/p>\n\n          <\/div>\n                      <\/div>\n    <\/div>\n  <\/div>\n<\/section>\n\n\n\n<section class=\"ps-block ps-block--heading\">\n  <div class=\"ps-block__container\">\n    <div class=\"ps-block__grid\">\n      <div class=\"ps-block__content\">\n        <div class=\"ps-block__body\">\n          <div class=\"ps-block__item\">\n            \n<h3 class=\"wp-block-heading\" id=\"nos-bornes-visioconferences\">Unsere Kioske f\u00fcr Videokonferenzen<\/h3>\n\n          <\/div>\n        <\/div>\n      <\/div>\n    <\/div>\n  <\/div>\n<\/section>\n\n\n<section class=\"ps-block ps-block--textimage image-left\">\n  <div class=\"ps-block__container\">\n    <div class=\"ps-block__grid\">\n\n      <div class=\"ps-block__img\">\n        <figure class=\"lazy-image\">\n          <img loading=\"lazy\" decoding=\"async\" src=\"data:image\/svg+xml,%3Csvg xmlns='http:\/\/www.w3.org\/2000\/svg' viewBox='0 0 600 600'%3E%3C\/svg%3E\"\n               data-src=\"https:\/\/www.esii.com\/app\/uploads\/2022\/05\/ESII-Phygital-kiosk-EN-600x600.webp\"\n               data-srcset=\"https:\/\/www.esii.com\/app\/uploads\/2022\/05\/ESII-Phygital-kiosk-EN-600x600.webp 600w\"\n               sizes=\"auto, 600px\"\n               alt=\"\"\n               width=\"600\"\n               height=\"600\"\n          >\n        <\/figure>\n      <\/div>\n\n      <div class=\"ps-block__body\">\n                          <h4 class=\"ps-block__title\">Phygital Kiosk<\/h4>\n                          <div class=\"ps-block__text\">\n            <p>Mit dem interaktiven Kiosk Phygital Kiosk k\u00f6nnen Sie Besucher per Videokonferenz empfangen. De facto kann ein einziger Empfangsmitarbeiter\/eine einzige Empfangsmitarbeiterin f\u00fcr den Empfang mehrerer Geb\u00e4ude eines oder mehrerer Unternehmen eingesetzt werden.<\/p>\n<p>Der gro\u00dfe Touchscreen mit Ultra-HD-Aufl\u00f6sung erm\u00f6glicht es dem Besucher, den Empfangsmitarbeiter\/die Empfangsmitarbeiterin aus der Ferne anzurufen. Dieser\/Diese erf\u00e4hrt den Grund des Besuchs und kontaktiert die gew\u00fcnschte Person oder das gew\u00fcnschte Unternehmen.<\/p>\n\n          <\/div>\n                      <\/div>\n    <\/div>\n  <\/div>\n<\/section>\n\n\n\n<section class=\"ps-block ps-block--textimage image-right\">\n  <div class=\"ps-block__container\">\n    <div class=\"ps-block__grid\">\n\n      <div class=\"ps-block__img\">\n        <figure class=\"lazy-image\">\n          <img loading=\"lazy\" decoding=\"async\" src=\"data:image\/svg+xml,%3Csvg xmlns='http:\/\/www.w3.org\/2000\/svg' viewBox='0 0 600 600'%3E%3C\/svg%3E\"\n               data-src=\"https:\/\/www.esii.com\/app\/uploads\/2022\/05\/ESII-smartkiosk-EN-600x600.webp\"\n               data-srcset=\"https:\/\/www.esii.com\/app\/uploads\/2022\/05\/ESII-smartkiosk-EN-600x600.webp 600w\"\n               sizes=\"auto, 600px\"\n               alt=\"\"\n               width=\"600\"\n               height=\"600\"\n          >\n        <\/figure>\n      <\/div>\n\n      <div class=\"ps-block__body\">\n                          <h4 class=\"ps-block__title\">Smart Kiosk<\/h4>\n                          <div class=\"ps-block__text\">\n            <p>Der Smart Kiosk ist ein innovatives Instrument, um Ihre Besucher in aller Ruhe zu empfangen und zu informieren. Diese Multi-Site- und Multi-Empfangs-L\u00f6sung kann per Videokonferenz einen Berater\/eine Beraterin, Vertreter\/eine Vertreterin oder Remote-Verk\u00e4ufer\/Remote-Verk\u00e4uferin mit dem Empfang der verschiedenen Geb\u00e4ude und\/oder Unternehmen verbinden, in denen sie eingesetzt sind.<\/p>\n<p>Sie kann auch als interaktives und unterhaltsames Werkzeug dienen, um Ihre Besucher zu informieren und zu unterhalten.<\/p>\n<p>Von nun an kann mit dem Smart Kiosk-Remote-Empfang eine einzige Station die Besucher mehrerer Standorte empfangen.<\/p>\n\n          <\/div>\n                      <\/div>\n    <\/div>\n  <\/div>\n<\/section>\n\n","protected":false},"excerpt":{"rendered":"<p>Unser Angebot an interaktiven Kiosken erf\u00fcllt alle Ihre Anforderungen.<\/p>\n","protected":false},"author":1,"featured_media":21465,"parent":0,"menu_order":2,"comment_status":"closed","ping_status":"closed","template":"template-besoin.php","meta":{"inline_featured_image":false,"footnotes":""},"activity":[],"class_list":["post-16230","page","type-page","status-publish","has-post-thumbnail","hentry"],"acf":[],"_links":{"self":[{"href":"https:\/\/www.esii.com\/de\/wp-json\/wp\/v2\/pages\/16230","targetHints":{"allow":["GET"]}}],"collection":[{"href":"https:\/\/www.esii.com\/de\/wp-json\/wp\/v2\/pages"}],"about":[{"href":"https:\/\/www.esii.com\/de\/wp-json\/wp\/v2\/types\/page"}],"author":[{"embeddable":true,"href":"https:\/\/www.esii.com\/de\/wp-json\/wp\/v2\/users\/1"}],"replies":[{"embeddable":true,"href":"https:\/\/www.esii.com\/de\/wp-json\/wp\/v2\/comments?post=16230"}],"version-history":[{"count":0,"href":"https:\/\/www.esii.com\/de\/wp-json\/wp\/v2\/pages\/16230\/revisions"}],"wp:featuredmedia":[{"embeddable":true,"href":"https:\/\/www.esii.com\/de\/wp-json\/wp\/v2\/media\/21465"}],"wp:attachment":[{"href":"https:\/\/www.esii.com\/de\/wp-json\/wp\/v2\/media?parent=16230"}],"wp:term":[{"taxonomy":"activity","embeddable":true,"href":"https:\/\/www.esii.com\/de\/wp-json\/wp\/v2\/activity?post=16230"}],"curies":[{"name":"wp","href":"https:\/\/api.w.org\/{rel}","templated":true}]}}