{"id":16199,"date":"2021-10-27T01:06:20","date_gmt":"2021-10-26T23:06:20","guid":{"rendered":"https:\/\/www.esii.com\/accueil\/"},"modified":"2025-03-26T15:12:56","modified_gmt":"2025-03-26T14:12:56","slug":"accueil","status":"publish","type":"page","link":"https:\/\/www.esii.com\/de\/","title":{"rendered":"Innovative L\u00f6sungen f\u00fcr die Kundenreise und das Flussmanagement, um Ihre Besucher von Wartezeiten zu befreien."},"content":{"rendered":"","protected":false},"excerpt":{"rendered":"<p>Innovative L\u00f6sungen f\u00fcr die Kundenreise und das Flussmanagement, um Ihre Besucher von Wartezeiten zu befreien. Unsere Cloud-L\u00f6sung wurde entwickelt, um Besuche f\u00fcr Sie und Ihre Kunden zu unterst\u00fctzen, zu erleichtern und zu vereinfachen: Buchen, registrieren oder stornieren Sie Termine mit einem Klick.<\/p>\n","protected":false},"author":1,"featured_media":0,"parent":0,"menu_order":0,"comment_status":"closed","ping_status":"closed","template":"","meta":{"inline_featured_image":false,"footnotes":""},"activity":[],"class_list":["post-16199","page","type-page","status-publish","hentry"],"acf":[],"_links":{"self":[{"href":"https:\/\/www.esii.com\/de\/wp-json\/wp\/v2\/pages\/16199","targetHints":{"allow":["GET"]}}],"collection":[{"href":"https:\/\/www.esii.com\/de\/wp-json\/wp\/v2\/pages"}],"about":[{"href":"https:\/\/www.esii.com\/de\/wp-json\/wp\/v2\/types\/page"}],"author":[{"embeddable":true,"href":"https:\/\/www.esii.com\/de\/wp-json\/wp\/v2\/users\/1"}],"replies":[{"embeddable":true,"href":"https:\/\/www.esii.com\/de\/wp-json\/wp\/v2\/comments?post=16199"}],"version-history":[{"count":0,"href":"https:\/\/www.esii.com\/de\/wp-json\/wp\/v2\/pages\/16199\/revisions"}],"wp:attachment":[{"href":"https:\/\/www.esii.com\/de\/wp-json\/wp\/v2\/media?parent=16199"}],"wp:term":[{"taxonomy":"activity","embeddable":true,"href":"https:\/\/www.esii.com\/de\/wp-json\/wp\/v2\/activity?post=16199"}],"curies":[{"name":"wp","href":"https:\/\/api.w.org\/{rel}","templated":true}]}}